{"id":13,"date":"2016-04-07T22:12:43","date_gmt":"2016-04-07T21:12:43","guid":{"rendered":"http:\/\/soleil-de-mai.fr\/boutique\/?page_id=13"},"modified":"2026-04-09T10:08:42","modified_gmt":"2026-04-09T08:08:42","slug":"contactez-nous","status":"publish","type":"page","link":"https:\/\/soleil-de-mai.fr\/catalogue\/contactez-nous\/","title":{"rendered":"Contactez-nous"},"content":{"rendered":"<h4>Soleil de Mai \u00e0 votre \u00e9coute&#8230;<\/h4>\n<p><strong>Pour toutes informations, r\u00e9clamations ou questions concernant Soleil de Mai,\u00a0contactez-nous :<\/strong><\/p>\n<p><strong>Par email :<\/strong> savonnerie@soleil-de-mai.fr<br \/>\n<strong>Par t\u00e9l\u00e9phone :<\/strong> 06 10 63 04 07<br \/>\n<strong>Par courrier postal :<\/strong> Soleil de mai &#8211; 3 avenue de l&rsquo;hirondelle &#8211; 47330 Castillonn\u00e8s<\/p>\n<p><strong>En nous rencontrant :<\/strong> Atelier-Boutique de Soleil de mai<br \/>\n3 avenue de l&rsquo;hirondelle &#8211; Route Nationale 21 &#8211; 47330 Castillonn\u00e8s<\/p>\n<p><span style=\"color: #3366ff;\"><strong>Du mercredi au samedi de 10h \u00e0 12h30 puis de 15h \u00e0 18h30.<br \/>\nLe mardi de 9h30 \u00e0 12h30.<\/strong><\/span><\/p>\n<p><span style=\"color: #3366ff;\">Les ateliers de fabrication (enfant, famille, groupe) se font sur r\u00e9servation t\u00e9l\u00e9phonique, toute au long de l&rsquo;ann\u00e9e.<\/span><\/p>\n","protected":false},"excerpt":{"rendered":"<p>Soleil de Mai \u00e0 votre \u00e9coute&#8230; Pour toutes informations, r\u00e9clamations ou questions concernant Soleil de Mai,\u00a0contactez-nous : Par email : savonnerie@soleil-de-mai.fr Par t\u00e9l\u00e9phone : 06 10 63 04 07 Par courrier postal : Soleil de mai &#8211; 3 avenue de l&rsquo;hirondelle &#8211; 47330 Castillonn\u00e8s En nous rencontrant : Atelier-Boutique de Soleil de mai 3 avenue [&hellip;]<\/p>\n","protected":false},"author":1,"featured_media":0,"parent":0,"menu_order":0,"comment_status":"closed","ping_status":"closed","template":"","meta":{"_monsterinsights_skip_tracking":false,"_monsterinsights_sitenote_active":false,"_monsterinsights_sitenote_note":"","_monsterinsights_sitenote_category":0,"footnotes":""},"_links":{"self":[{"href":"https:\/\/soleil-de-mai.fr\/catalogue\/wp-json\/wp\/v2\/pages\/13"}],"collection":[{"href":"https:\/\/soleil-de-mai.fr\/catalogue\/wp-json\/wp\/v2\/pages"}],"about":[{"href":"https:\/\/soleil-de-mai.fr\/catalogue\/wp-json\/wp\/v2\/types\/page"}],"author":[{"embeddable":true,"href":"https:\/\/soleil-de-mai.fr\/catalogue\/wp-json\/wp\/v2\/users\/1"}],"replies":[{"embeddable":true,"href":"https:\/\/soleil-de-mai.fr\/catalogue\/wp-json\/wp\/v2\/comments?post=13"}],"version-history":[{"count":41,"href":"https:\/\/soleil-de-mai.fr\/catalogue\/wp-json\/wp\/v2\/pages\/13\/revisions"}],"predecessor-version":[{"id":2068,"href":"https:\/\/soleil-de-mai.fr\/catalogue\/wp-json\/wp\/v2\/pages\/13\/revisions\/2068"}],"wp:attachment":[{"href":"https:\/\/soleil-de-mai.fr\/catalogue\/wp-json\/wp\/v2\/media?parent=13"}],"curies":[{"name":"wp","href":"https:\/\/api.w.org\/{rel}","templated":true}]}}