{"id":17,"date":"2016-04-07T22:13:45","date_gmt":"2016-04-07T21:13:45","guid":{"rendered":"http:\/\/soleil-de-mai.fr\/boutique\/?page_id=17"},"modified":"2026-04-09T10:04:19","modified_gmt":"2026-04-09T08:04:19","slug":"nos-services","status":"publish","type":"page","link":"https:\/\/soleil-de-mai.fr\/catalogue\/nos-services\/","title":{"rendered":"Nos services tous publics"},"content":{"rendered":"<h4>D\u00e9monstration de fabrication<\/h4>\n<blockquote><p><strong>Une m\u00e9thode ancestrale et reconnue : d\u00e9couvrez la saponification \u00e0 froid<\/strong><br \/>\nSoleil de Mai propose un service de d\u00e9monstrations de fabrication de savon aux groupes (associations, \u00e9coles, comit\u00e9 d&rsquo;entreprise, etc.) sous les arcades du beau village de Castillonn\u00e8s ou dans votre \u00e9tablissement.<br \/>\nD\u00e9couvrez la saponification \u00e0 froid et les bienfaits de ses savons.<\/p><\/blockquote>\n<h4>Atelier p\u00e9dagogique de d\u00e9couverte<\/h4>\n<blockquote><p><b>Pour les apprentis savonniers et ciriers<\/b><br \/>\nSoleil de Mai propose aux particuliers,\u00a0 aux \u00e9coles et aux centres de loisirs un service d&rsquo;ateliers de fabrication adapt\u00e9s aux enfants et \u00e0 diff\u00e9rentes tranches d&rsquo;\u00e2ges, toute l&rsquo;ann\u00e9e.<br \/>\n<span style=\"color: #99cc00;\"><strong>Ateliers pour enfants (ou en famille) :<\/strong><\/span><br \/>\nFabrication de bougie ou fabrication de savon de refonte sur r\u00e9servation<br \/>\nDur\u00e9e : 1h \u00e0 1h30 (en fonction de l&rsquo;\u00e2ge et du nombre de personne) &#8211;<br \/>\nCo\u00fbt : 25\u20ac seul, 20\u20ac en duo, 15\u20ac \u00e0 partir de 3 personnes<br \/>\n<em>Inscription au 06 10 63 04 07<\/em><\/p><\/blockquote>\n<h4>Exposition-vente<\/h4>\n<blockquote><p><strong>Une peau&#8230; une personnalit\u00e9&#8230; un produit&#8230; un mieux-\u00eatre<\/strong><br \/>\nSoleil de Mai propose \u00e0 certains \u00e9tablissements (EHPAD,\u00a0maisons de convalescence, h\u00f4tels, entreprises&#8230;) d&rsquo;exposer ces produits, d&rsquo;expliquer les m\u00e9thodes de fabrication et de conseiller les personnes afin de les orienter vers les produits leur \u00e9tant adapt\u00e9s (type de peau, etc.).<\/p><\/blockquote>\n<h4>Stage de fabrication<\/h4>\n<blockquote><p><b>Apprenez \u00e0 fabriquer vos produits pr\u00e9f\u00e9r\u00e9s<\/b><br \/>\nSoleil de Mai\u00a0vous propose un service de stages de fabrication (niveau d\u00e9butant ) par petit groupe :<br \/>\n&gt; Fabriquer son savon en suivant la m\u00e9thode traditionnelle de la saponification \u00e0 froid.<br \/>\n&gt; Composer son baume v\u00e9g\u00e9tal 100% naturel.<br \/>\n&gt; Fabriquer sa bougie \u00e0 la cire de soja et aux huiles essentielles Bio.<br \/>\n&gt; Cr\u00e9er son parfum d&rsquo;ambiance\u00a0aux huiles essentielles Bio.<br \/>\n<b>Autres th\u00e8mes des ateliers de fabrication :<br \/>\n<\/b>&#8211; R\u00e9pulsif anti-poux et baume naturel et efficace pour \u00e9liminer les poux<br \/>\n&#8211; Baume \u00e0 l\u00e8vres, soin des ongles, soin des cheveux<br \/>\n&#8211; Savon de refonte<\/p>\n<p><em><span style=\"color: #99cc00;\"><strong>Ateliers pour adultes : <\/strong><\/span>Afin de participer \u00e0 un atelier, il est imp\u00e9ratif de s&rsquo;inscrire au 06 10 63 04 07 .<\/em><\/p><\/blockquote>\n<h4>Service de personnalisation de produits<\/h4>\n<blockquote><p><b>Travail \u00e0 fa\u00e7on\u00a0et production\u00a0\u00e9v\u00e9nementielle<\/b><br \/>\nSoleil de Mai est \u00e0 votre service, votre \u00e9coute pour vous conseiller et cr\u00e9er une gamme de produit \u00e0 votre image :<br \/>\n&gt; savon \u00e0 fa\u00e7on avec votre mati\u00e8re 1\u00e8re (ex : savon au miel pour un apiculteur),<br \/>\n&gt; savon d&rsquo;invit\u00e9 \u00e0 votre image (ex : savonnette avec \u00e9tiquette au nom du g\u00eete ou chambre d&rsquo;h\u00f4te),<br \/>\n&gt; bougie dans contenant personnalis\u00e9,<br \/>\n&gt; gamme de senteur d&rsquo;int\u00e9rieur \u00e0 votre image &#8230;<\/p><\/blockquote>\n","protected":false},"excerpt":{"rendered":"<p>D\u00e9monstration de fabrication Une m\u00e9thode ancestrale et reconnue : d\u00e9couvrez la saponification \u00e0 froid Soleil de Mai propose un service de d\u00e9monstrations de fabrication de savon aux groupes (associations, \u00e9coles, comit\u00e9 d&rsquo;entreprise, etc.) sous les arcades du beau village de Castillonn\u00e8s ou dans votre \u00e9tablissement. D\u00e9couvrez la saponification \u00e0 froid et les bienfaits de ses [&hellip;]<\/p>\n","protected":false},"author":1,"featured_media":0,"parent":0,"menu_order":0,"comment_status":"closed","ping_status":"closed","template":"","meta":{"_monsterinsights_skip_tracking":false,"_monsterinsights_sitenote_active":false,"_monsterinsights_sitenote_note":"","_monsterinsights_sitenote_category":0,"footnotes":""},"_links":{"self":[{"href":"https:\/\/soleil-de-mai.fr\/catalogue\/wp-json\/wp\/v2\/pages\/17"}],"collection":[{"href":"https:\/\/soleil-de-mai.fr\/catalogue\/wp-json\/wp\/v2\/pages"}],"about":[{"href":"https:\/\/soleil-de-mai.fr\/catalogue\/wp-json\/wp\/v2\/types\/page"}],"author":[{"embeddable":true,"href":"https:\/\/soleil-de-mai.fr\/catalogue\/wp-json\/wp\/v2\/users\/1"}],"replies":[{"embeddable":true,"href":"https:\/\/soleil-de-mai.fr\/catalogue\/wp-json\/wp\/v2\/comments?post=17"}],"version-history":[{"count":14,"href":"https:\/\/soleil-de-mai.fr\/catalogue\/wp-json\/wp\/v2\/pages\/17\/revisions"}],"predecessor-version":[{"id":2064,"href":"https:\/\/soleil-de-mai.fr\/catalogue\/wp-json\/wp\/v2\/pages\/17\/revisions\/2064"}],"wp:attachment":[{"href":"https:\/\/soleil-de-mai.fr\/catalogue\/wp-json\/wp\/v2\/media?parent=17"}],"curies":[{"name":"wp","href":"https:\/\/api.w.org\/{rel}","templated":true}]}}