{"id":19,"date":"2016-04-07T22:14:11","date_gmt":"2016-04-07T20:14:11","guid":{"rendered":"http:\/\/soleil-de-mai.fr\/boutique\/?page_id=19"},"modified":"2024-02-23T15:34:01","modified_gmt":"2024-02-23T14:34:01","slug":"nos-engagements","status":"publish","type":"page","link":"https:\/\/soleil-de-mai.fr\/catalogue\/nos-engagements\/","title":{"rendered":"Nos engagements"},"content":{"rendered":"<h3>Nous sommes le fruit de la nature&#8230;<br \/>\nRespectons la branche dont nous sommes issue.<\/h3>\n<p>Soleil de Mai est une entreprise artisanale du Lot-et-Garonne inscrite dans une d\u00e9marche de commerce \u00e9cologique, responsable et solidaire.\u00a0Nous produisons des savons surgras, des huiles corporelles, des bougies et des parfums d\u2019int\u00e9rieur fabriqu\u00e9s \u00e0 partir d\u2019ingr\u00e9dients d&rsquo;origine naturelle et issus de l\u2019agriculture biologique.\u00a0Nous essayons de favoriser autant que possible l\u2019\u00e9conomie locale et une part non n\u00e9gligeable de nos mati\u00e8res premi\u00e8res provient de producteurs implant\u00e9s en Nouvelle-Aquitaine.<\/p>\n<p><strong>Notre engagement est d\u2019apporter \u00e0 nos clients des produits sains, naturels, totalement respectueux de l\u2019environnement et n\u2019ayant fait l\u2019objet d\u2019aucune chimie de synth\u00e8se.<\/strong><\/p>\n<ul>\n<li>Nous avons fait le choix d\u2019utiliser uniquement des mati\u00e8res premi\u00e8res \u00a0naturelles et issues de l\u2019<strong>agriculture biologique<\/strong>.<\/li>\n<li>Nos colorants sont tous d\u2019origine naturelle : plantes tinctoriales ou argiles. Nous n\u2019utilisons aucun colorant synth\u00e9tique.<\/li>\n<li>Nos parfums et senteurs sont con\u00e7us \u00e0 partir d\u2019huiles essentielles Bio. Nous n\u2019utilisons aucun parfum de synth\u00e8se.<\/li>\n<li>Nous prenons un soin tout particulier \u00e0 <strong>r\u00e9duire les emballages<\/strong> inutiles et \u00e0 favoriser les emballages recyclables.<\/li>\n<li>Nos produits <b>ne sont pas test\u00e9s sur les animaux <\/b>(respect de la r\u00e9glementation europ\u00e9enne).<\/li>\n<li>Nos savons et parfums ont obtenu la mention<em>\u00a0<strong>Nature &amp; Progr\u00e8s.<\/strong><\/em><\/li>\n<li>Nous n&rsquo;utilisons ni huile de palme, ni conservateurs, ni parabens, ni phtalates.<\/li>\n<\/ul>\n<p><strong>Notre engagement est \u00e9galement de proposer \u00e0 nos clients des produits de qualit\u00e9 et en conformit\u00e9 avec la r\u00e9glementation.<\/strong><\/p>\n<ul>\n<li><em>Soleil de Mai<\/em>\u00a0est une marque d\u00e9pos\u00e9e \u00e0 l&rsquo;<strong>INPI<\/strong>.<\/li>\n<li>Notre atelier de fabrication est enregistr\u00e9 comme \u00e9tablissement cosm\u00e9tique aupr\u00e8s de l&rsquo;<strong>ANSM<\/strong>.<\/li>\n<li>Nos formules cosm\u00e9tiques sont d\u00e9clar\u00e9es sur le portail europ\u00e9en du <strong>CPNP<\/strong>.<\/li>\n<li>Nous sommes enregistr\u00e9s comme <strong>Artisan<\/strong> \u00e0 la Chambre des M\u00e9tiers et de l&rsquo;Artisanat d&rsquo;Agen.<\/li>\n<\/ul>\n","protected":false},"excerpt":{"rendered":"<p>Nous sommes le fruit de la nature&#8230; Respectons la branche dont nous sommes issue. Soleil de Mai est une entreprise artisanale du Lot-et-Garonne inscrite dans une d\u00e9marche de commerce \u00e9cologique, responsable et solidaire.\u00a0Nous produisons des savons surgras, des huiles corporelles, des bougies et des parfums d\u2019int\u00e9rieur fabriqu\u00e9s \u00e0 partir d\u2019ingr\u00e9dients d&rsquo;origine naturelle et issus de [&hellip;]<\/p>\n","protected":false},"author":1,"featured_media":396,"parent":0,"menu_order":0,"comment_status":"closed","ping_status":"closed","template":"","meta":{"_monsterinsights_skip_tracking":false,"_monsterinsights_sitenote_active":false,"_monsterinsights_sitenote_note":"","_monsterinsights_sitenote_category":0,"footnotes":""},"_links":{"self":[{"href":"https:\/\/soleil-de-mai.fr\/catalogue\/wp-json\/wp\/v2\/pages\/19"}],"collection":[{"href":"https:\/\/soleil-de-mai.fr\/catalogue\/wp-json\/wp\/v2\/pages"}],"about":[{"href":"https:\/\/soleil-de-mai.fr\/catalogue\/wp-json\/wp\/v2\/types\/page"}],"author":[{"embeddable":true,"href":"https:\/\/soleil-de-mai.fr\/catalogue\/wp-json\/wp\/v2\/users\/1"}],"replies":[{"embeddable":true,"href":"https:\/\/soleil-de-mai.fr\/catalogue\/wp-json\/wp\/v2\/comments?post=19"}],"version-history":[{"count":5,"href":"https:\/\/soleil-de-mai.fr\/catalogue\/wp-json\/wp\/v2\/pages\/19\/revisions"}],"predecessor-version":[{"id":1930,"href":"https:\/\/soleil-de-mai.fr\/catalogue\/wp-json\/wp\/v2\/pages\/19\/revisions\/1930"}],"wp:featuredmedia":[{"embeddable":true,"href":"https:\/\/soleil-de-mai.fr\/catalogue\/wp-json\/wp\/v2\/media\/396"}],"wp:attachment":[{"href":"https:\/\/soleil-de-mai.fr\/catalogue\/wp-json\/wp\/v2\/media?parent=19"}],"curies":[{"name":"wp","href":"https:\/\/api.w.org\/{rel}","templated":true}]}}