{"id":21,"date":"2016-04-07T22:14:34","date_gmt":"2016-04-07T21:14:34","guid":{"rendered":"http:\/\/soleil-de-mai.fr\/boutique\/?page_id=21"},"modified":"2018-06-09T00:32:32","modified_gmt":"2018-06-08T22:32:32","slug":"offres-aux-professionnels","status":"publish","type":"page","link":"https:\/\/soleil-de-mai.fr\/catalogue\/offres-aux-professionnels\/","title":{"rendered":"Offres aux professionnels"},"content":{"rendered":"<h4>Produits d&rsquo;accueil pour g\u00eetes et chambres d&rsquo;h\u00f4tes<\/h4>\n<blockquote><p><strong>Accueillir avec des produits de qualit\u00e9 \u00e0 votre image<br \/>\n<\/strong>Soleil de Mai produit des savons d&rsquo;invit\u00e9 aux formats adaptables \u00e0 la longueur du s\u00e9jour de vos h\u00f4tes.<br \/>\nNous vous proposons plusieurs formules : savon nu, sachet savon en duo, personnalisation des \u00e9tiquettes \u00e0 votre image, etc. Nous pouvons \u00e9tudier toute autre demande de personnalisation.<br \/>\nNos savons de qualit\u00e9 sup\u00e9rieure, de fabrication artisanale fran\u00e7aise, compos\u00e9s d&rsquo;ingr\u00e9dients d&rsquo;origine naturelle, seront une bienveillante attention que vos h\u00f4tes n&rsquo;oublieront pas.<\/p><\/blockquote>\n<h4>Cadeaux pour comit\u00e9s d&rsquo;entreprise<\/h4>\n<blockquote><p><strong>Remercier en participant \u00e0 l&rsquo;\u00e9conomie locale<br \/>\n<\/strong>Soleil de Mai propose des coffrets cadeaux \u00e0 composer selon vos envies et ajustables \u00e0 votre budget.<br \/>\nNotre gamme de produits vari\u00e9s pourra satisfaire aussi bien les hommes que les femmes, de diff\u00e9rentes g\u00e9n\u00e9rations et les coffrets pourront \u00eatre personnalis\u00e9s selon un th\u00e8me (ex : No\u00ebl), un \u00e9v\u00e9nement (ex : naissance) ou votre image (ex : votre logo).<br \/>\nOffrir des produits Soleil de Mai montre l&rsquo;engagement de votre \u00e9tablissement aupr\u00e8s des entreprises locales, au respect de l&rsquo;environnement et \u00e0 la mise en valeur de l&rsquo;artisanat.<\/p><\/blockquote>\n<h4>Travail \u00e0 fa\u00e7on<\/h4>\n<blockquote><p><b>Valoriser\u00a0vos productions &#8211; Diversifier votre offre<\/b><br \/>\nSoleil de Mai est \u00e0 l&rsquo;\u00e9coute et conseille les producteurs qui souhaitent d\u00e9velopper une gamme de produits \u00e0 base des mati\u00e8res premi\u00e8res qu&rsquo;ils produisent, ou les entreprises qui souhaitent personnaliser \u00e0 leur image une gamme de produits Soleil de Mai.<br \/>\nPar exemple, nous pouvons cr\u00e9er une gamme de savons pour un apiculteur avec son miel ; ou cr\u00e9er une gamme de bougies et de parfums d&rsquo;ambiance pour un fleuriste \u00e0 son image.<br \/>\nTravailler en partenariat avec Soleil de Mai vous offre une valeur ajout\u00e9e, c&rsquo;est une fa\u00e7on de mettre en avant votre entreprise en diversifiant votre offre de mani\u00e8re originale, ce qui vous d\u00e9marquera de la concurrence et enchantera vos clients.<\/p><\/blockquote>\n<p>&nbsp;<\/p>\n","protected":false},"excerpt":{"rendered":"<p>Produits d&rsquo;accueil pour g\u00eetes et chambres d&rsquo;h\u00f4tes Accueillir avec des produits de qualit\u00e9 \u00e0 votre image Soleil de Mai produit des savons d&rsquo;invit\u00e9 aux formats adaptables \u00e0 la longueur du s\u00e9jour de vos h\u00f4tes. Nous vous proposons plusieurs formules : savon nu, sachet savon en duo, personnalisation des \u00e9tiquettes \u00e0 votre image, etc. Nous pouvons [&hellip;]<\/p>\n","protected":false},"author":1,"featured_media":0,"parent":0,"menu_order":0,"comment_status":"closed","ping_status":"closed","template":"","meta":{"_monsterinsights_skip_tracking":false,"_monsterinsights_sitenote_active":false,"_monsterinsights_sitenote_note":"","_monsterinsights_sitenote_category":0,"footnotes":""},"_links":{"self":[{"href":"https:\/\/soleil-de-mai.fr\/catalogue\/wp-json\/wp\/v2\/pages\/21"}],"collection":[{"href":"https:\/\/soleil-de-mai.fr\/catalogue\/wp-json\/wp\/v2\/pages"}],"about":[{"href":"https:\/\/soleil-de-mai.fr\/catalogue\/wp-json\/wp\/v2\/types\/page"}],"author":[{"embeddable":true,"href":"https:\/\/soleil-de-mai.fr\/catalogue\/wp-json\/wp\/v2\/users\/1"}],"replies":[{"embeddable":true,"href":"https:\/\/soleil-de-mai.fr\/catalogue\/wp-json\/wp\/v2\/comments?post=21"}],"version-history":[{"count":1,"href":"https:\/\/soleil-de-mai.fr\/catalogue\/wp-json\/wp\/v2\/pages\/21\/revisions"}],"predecessor-version":[{"id":886,"href":"https:\/\/soleil-de-mai.fr\/catalogue\/wp-json\/wp\/v2\/pages\/21\/revisions\/886"}],"wp:attachment":[{"href":"https:\/\/soleil-de-mai.fr\/catalogue\/wp-json\/wp\/v2\/media?parent=21"}],"curies":[{"name":"wp","href":"https:\/\/api.w.org\/{rel}","templated":true}]}}