{"id":25,"date":"2016-04-07T22:15:41","date_gmt":"2016-04-07T21:15:41","guid":{"rendered":"http:\/\/soleil-de-mai.fr\/boutique\/?page_id=25"},"modified":"2026-04-09T10:07:06","modified_gmt":"2026-04-09T08:07:06","slug":"points-de-vente","status":"publish","type":"page","link":"https:\/\/soleil-de-mai.fr\/catalogue\/points-de-vente\/","title":{"rendered":"Nos points de vente"},"content":{"rendered":"<h4>Points de vente : achetez sur votre boutique Soleil de Mai en ligne !<\/h4>\n<p>Id\u00e9al pour obtenir les produits Soleil de Mai o\u00f9 que vous soyez :<\/p>\n<ul>\n<li><a title=\"Points de vente Soleil de Mai\" href=\"https:\/\/soleil-de-mai.fr\/catalogue\/boutique\/savons-surgras-naturels\/\" rel=\"\">Cliquez et achetez vos savons surgras<\/a><\/li>\n<li><a title=\"Points de vente Soleil de Mai\" href=\"https:\/\/soleil-de-mai.fr\/catalogue\/boutique\/bougies-vegetales-naturelles\/\" rel=\"\">Cliquez et achetez vos bougies v\u00e9g\u00e9tales<\/a><\/li>\n<li><a title=\"Points de vente Soleil de Mai\" href=\"https:\/\/soleil-de-mai.fr\/catalogue\/boutique\/parfums-interieur-naturels\/\" rel=\"\">Cliquez et achetez vos parfums d&rsquo;int\u00e9rieur<\/a><\/li>\n<\/ul>\n<h4>Points de vente en boutiques<\/h4>\n<p><strong>\u00a0 \u00a0 \u00a0 Lot &amp; Garonne :<\/strong><\/p>\n<ul>\n<li>L&rsquo;ATELIER de Soleil de Mai \u00e0 Castillonn\u00e8s &#8211; 3 AVENUE de l&rsquo;hirondelle &#8211; sur la N21 \u00e0 la sortie du village direction Bergerac<br \/><a href=\"https:\/\/soleil-de-mai.fr\/catalogue\/contactez-nous\/\">Cliquer pour voir les horaires<\/a><span style=\"color: #ff0000;\"><br \/><\/span><\/li>\n<li><a href=\"https:\/\/www.comptoir-quatre.com\/\">Comptoir Quatre \u00e0 Castillonn\u00e8s<\/a> &#8211; N21\u00a0 &#8211;<em> lieu dit Grand Bois<\/em><\/li>\n<li>100% Frasy &#8211; Grand Rue &#8211; Castillonn\u00e8s<\/li>\n<li><a href=\"https:\/\/www.laurenvrac.fr\/\">Laur&rsquo;en vrac<\/a><\/li>\n<li><a href=\"https:\/\/lepicerievracdeclaire.fr\/\">L&rsquo;\u00e9picerie de Claire \u00e0 Cancon<\/a><\/li>\n<li>Pays en Direct \u00e0 Viller\u00e9al<\/li>\n<li>L\u00e9picerie Vrac et Local \u00e0 Allemans du Dropt<\/li>\n<li>Vival d&rsquo;Eysses<\/li>\n<li>La Petite Ferme \u00e0 Villeneuve sur Lot<\/li>\n<li>Biocoop \u00e0 Bo\u00e9<\/li>\n<\/ul>\n<p><strong>\u00a0 \u00a0 \u00a0Dordogne :<\/strong><\/p>\n<ul>\n<li>BIOCOOP de Bergerac\u00a0<\/li>\n<li>Les Cr\u00e9ateurs du Coin &#8211; <em>4 grand&rsquo;rue \u00e0 Bergerac<\/em><\/li>\n<li>L&rsquo;atelier K-do \u00e0 Lalinde<\/li>\n<li>Escale \u00e0 la ferme \u00e0 Port de Couze<\/li>\n<\/ul>\n<p><strong>\u00a0Gironde :<\/strong><\/p>\n<ul>\n<li>By Armelle \u00e0 Bordeaux &#8211; 9 rue des bahutiers<\/li>\n<\/ul>\n<h4>Points de vente sur les Expositions ou Salons<\/h4>\n<ul>\n<li>FOIRE BIO \u00e0 Villeneuve sur Lot<\/li>\n<li>HORIZON VERT \/ FESTI&rsquo; NATURE \u00e0 Villeneuve sur Lot\u00a0<\/li>\n<li>March\u00e9s de NOEL\u00a0<\/li>\n<\/ul>\n\n\n<p><strong>Nos partenaires :<\/strong><\/p>\n\n\n\n<p><a href=\"https:\/\/www.coeurdebastides.com\/fr\/fiche\/150\/savonnerie-soleil-de-mai\">Office de Tourisme Coeur de Bastides<\/a><\/p>\n\n\n\n<p><a href=\"https:\/\/www.paysdelauzun.com\/offres\/savonnerie-soleil-de-mai\/\">Office de Tourisme du Pays de Lauzun<\/a><\/p>\n\n\n\n<p><a href=\"https:\/\/www.pays-bergerac-tourisme.com\/fr\/diffusio\/castillonnes\/savonnerie-soleil-de-mai_TFOPCUAQU047V5023JB\">Office de Tourisme du Pays de Bergerac<\/a><\/p>\n\n\n\n<p><\/p>\n\n\n\n<p><\/p>\n","protected":false},"excerpt":{"rendered":"<p>Points de vente : achetez sur votre boutique Soleil de Mai en ligne ! Id\u00e9al pour obtenir les produits Soleil de Mai o\u00f9 que vous soyez : Cliquez et achetez vos savons surgras Cliquez et achetez vos bougies v\u00e9g\u00e9tales Cliquez et achetez vos parfums d&rsquo;int\u00e9rieur Points de vente en boutiques \u00a0 \u00a0 \u00a0 Lot &amp; [&hellip;]<\/p>\n","protected":false},"author":1,"featured_media":0,"parent":0,"menu_order":0,"comment_status":"closed","ping_status":"closed","template":"","meta":{"_monsterinsights_skip_tracking":false,"_monsterinsights_sitenote_active":false,"_monsterinsights_sitenote_note":"","_monsterinsights_sitenote_category":0,"footnotes":""},"_links":{"self":[{"href":"https:\/\/soleil-de-mai.fr\/catalogue\/wp-json\/wp\/v2\/pages\/25"}],"collection":[{"href":"https:\/\/soleil-de-mai.fr\/catalogue\/wp-json\/wp\/v2\/pages"}],"about":[{"href":"https:\/\/soleil-de-mai.fr\/catalogue\/wp-json\/wp\/v2\/types\/page"}],"author":[{"embeddable":true,"href":"https:\/\/soleil-de-mai.fr\/catalogue\/wp-json\/wp\/v2\/users\/1"}],"replies":[{"embeddable":true,"href":"https:\/\/soleil-de-mai.fr\/catalogue\/wp-json\/wp\/v2\/comments?post=25"}],"version-history":[{"count":80,"href":"https:\/\/soleil-de-mai.fr\/catalogue\/wp-json\/wp\/v2\/pages\/25\/revisions"}],"predecessor-version":[{"id":2066,"href":"https:\/\/soleil-de-mai.fr\/catalogue\/wp-json\/wp\/v2\/pages\/25\/revisions\/2066"}],"wp:attachment":[{"href":"https:\/\/soleil-de-mai.fr\/catalogue\/wp-json\/wp\/v2\/media?parent=25"}],"curies":[{"name":"wp","href":"https:\/\/api.w.org\/{rel}","templated":true}]}}