{"id":302,"date":"2018-05-03T23:47:02","date_gmt":"2018-05-03T22:47:02","guid":{"rendered":"http:\/\/soleil-de-mai.fr\/boutique\/?page_id=302"},"modified":"2022-06-02T13:48:47","modified_gmt":"2022-06-02T11:48:47","slug":"notre-histoire","status":"publish","type":"page","link":"https:\/\/soleil-de-mai.fr\/catalogue\/notre-histoire\/","title":{"rendered":"Notre histoire"},"content":{"rendered":"<h4>Portrait d&rsquo;une artisan savonni\u00e8re, ciri\u00e8re &amp; parfumeuse<\/h4>\n<blockquote>\n<p>Install\u00e9e \u00e0 la fronti\u00e8re du Lot &amp; Garonne et de la Dordogne, \u00e0 Castillonn\u00e8s, Delphine Van Hooren,&nbsp;<strong>amoureuse de la nature, des bienfaits des plantes et soucieuse de l&rsquo;environnement<\/strong> a souhait\u00e9 cr\u00e9er une gamme de produits artisanaux, sains et \u00e9cologiques en alternative aux produits industriels, polluants, et n\u00e9fastes pour la sant\u00e9.<\/p>\n<p>Elle a donc \u00e9labor\u00e9 une gamme de savons de soins, bougies et parfums d&rsquo;int\u00e9rieur \u00e0 base d&rsquo;ingr\u00e9dients d&rsquo;origine naturelle et issus de l&rsquo;Agriculture Biologique. Delphine a pens\u00e9 les formules, recherch\u00e9 les fournisseurs de mati\u00e8res premi\u00e8res saines et le plus possible en local puis<strong> fabriqu\u00e9 \u00e0 la main<\/strong> tous ses produits.<\/p>\n<p>Apr\u00e8s une longue <strong>p\u00e9riode de recherches, de formulations et de tests<\/strong>, elle cr\u00e9\u00e9 en 2011 la marque Soleil de Mai et lance une gamme de senteurs d&rsquo;int\u00e9rieur : bougies \u00e0 base de cire de soja et d&rsquo;huiles essentielles Bio, et parfums d&rsquo;int\u00e9rieur \u00e0 base d&rsquo;eaux florales et d&rsquo;huiles essentielles Bio. Elle d\u00e9marre les&nbsp;premi\u00e8res ventes en vendant directement sur les march\u00e9s afin de rencontrer le public et <strong>faire de la p\u00e9dagogie sur les&nbsp;<\/strong><strong>alternatives \u00e9cologiques<\/strong>.<\/p>\n<p>En 2013, apr\u00e8s 2 ann\u00e9es de mise en place de la savonnerie (cr\u00e9ation du laboratoire, d\u00e9p\u00f4t des dossiers r\u00e9glementaires, validation des formules par une pharmacienne &#8230;) la gamme de savons surgras est cr\u00e9\u00e9e. Delphine fabrique ses savons de mani\u00e8re artisanale par <strong>saponification \u00e0 froid<\/strong>, m\u00e9thode ancestrale qui conf\u00e8re aux savons les <strong>bienfaits des plantes<\/strong> utilis\u00e9es et une <strong>douceur incomparable<\/strong> gr\u00e2ce \u00e0 la glyc\u00e9rine naturellement cr\u00e9\u00e9e. Aucun ajout de conservateurs, d&rsquo;agents moussants synth\u00e9tiques, de parfums de synth\u00e8se n&rsquo;est effectu\u00e9, ce qui garanti un <strong>savon respectueux de la peau et de la plan\u00e8te<\/strong>.<\/p>\n<p>En 2014, Delphine commence des <strong>ateliers p\u00e9dagogiques au sein des \u00e9coles<\/strong> et centres de loisirs afin de&nbsp;<strong>sensibiliser la jeune g\u00e9n\u00e9ration<\/strong> au respect de l&rsquo;environnement.<\/p>\n<p>Depuis, la petite entreprise artisanale et sa marque Soleil de Mai se d\u00e9veloppent, les points de vente se multiplient, les clients se fid\u00e9lisent.<\/p>\n<p>En 2017, la gamme de savons et de parfums d&rsquo;int\u00e9rieur <strong>re\u00e7oit la mention Nature &amp; Progr\u00e8s&nbsp;<\/strong>garantissant la d\u00e9marche \u00e9co-responsable de Soleil de Mai (mode de production et mati\u00e8res premi\u00e8res respectant la sant\u00e9 et de l&rsquo;environnement, produits non test\u00e9s sur les animaux, etc.).<\/p>\n<p>De nouveaux produits sont en cours de conception : gamme de soins corporels &amp; gamme de parfums.<\/p>\n<\/blockquote>\n\n\n<p><\/p>\n\n\n\n<figure class=\"wp-block-embed-youtube wp-block-embed is-type-video is-provider-youtube wp-embed-aspect-16-9 wp-has-aspect-ratio\"><div class=\"wp-block-embed__wrapper\">\n<iframe loading=\"lazy\" title=\"Reportage stagiaire en formation - &quot;Soleil de Mai&quot;\" width=\"870\" height=\"489\" src=\"https:\/\/www.youtube.com\/embed\/BTh2axnA9UI?feature=oembed\" frameborder=\"0\" allow=\"accelerometer; autoplay; clipboard-write; encrypted-media; gyroscope; picture-in-picture; web-share\" referrerpolicy=\"strict-origin-when-cross-origin\" allowfullscreen><\/iframe>\n<\/div><\/figure>\n\n\n\n<figure class=\"wp-block-embed\"><div class=\"wp-block-embed__wrapper\">\n<iframe loading=\"lazy\" title=\"Wecandoo - Delphine, Artisan Savonni\u00e8re, Ciri\u00e8re et Parfumeuse - Dordogne\" width=\"870\" height=\"489\" src=\"https:\/\/www.youtube.com\/embed\/IMkzDpfVdbI?feature=oembed\" frameborder=\"0\" allow=\"accelerometer; autoplay; clipboard-write; encrypted-media; gyroscope; picture-in-picture; web-share\" referrerpolicy=\"strict-origin-when-cross-origin\" allowfullscreen><\/iframe>\n<\/div><\/figure>\n","protected":false},"excerpt":{"rendered":"<p>Portrait d&rsquo;une artisan savonni\u00e8re, ciri\u00e8re &amp; parfumeuse Install\u00e9e \u00e0 la fronti\u00e8re du Lot &amp; Garonne et de la Dordogne, \u00e0 Castillonn\u00e8s, Delphine Van Hooren,&nbsp;amoureuse de la nature, des bienfaits des plantes et soucieuse de l&rsquo;environnement a souhait\u00e9 cr\u00e9er une gamme de produits artisanaux, sains et \u00e9cologiques en alternative aux produits industriels, polluants, et n\u00e9fastes pour [&hellip;]<\/p>\n","protected":false},"author":1,"featured_media":397,"parent":0,"menu_order":0,"comment_status":"closed","ping_status":"closed","template":"","meta":{"_monsterinsights_skip_tracking":false,"_monsterinsights_sitenote_active":false,"_monsterinsights_sitenote_note":"","_monsterinsights_sitenote_category":0,"footnotes":""},"_links":{"self":[{"href":"https:\/\/soleil-de-mai.fr\/catalogue\/wp-json\/wp\/v2\/pages\/302"}],"collection":[{"href":"https:\/\/soleil-de-mai.fr\/catalogue\/wp-json\/wp\/v2\/pages"}],"about":[{"href":"https:\/\/soleil-de-mai.fr\/catalogue\/wp-json\/wp\/v2\/types\/page"}],"author":[{"embeddable":true,"href":"https:\/\/soleil-de-mai.fr\/catalogue\/wp-json\/wp\/v2\/users\/1"}],"replies":[{"embeddable":true,"href":"https:\/\/soleil-de-mai.fr\/catalogue\/wp-json\/wp\/v2\/comments?post=302"}],"version-history":[{"count":6,"href":"https:\/\/soleil-de-mai.fr\/catalogue\/wp-json\/wp\/v2\/pages\/302\/revisions"}],"predecessor-version":[{"id":1743,"href":"https:\/\/soleil-de-mai.fr\/catalogue\/wp-json\/wp\/v2\/pages\/302\/revisions\/1743"}],"wp:featuredmedia":[{"embeddable":true,"href":"https:\/\/soleil-de-mai.fr\/catalogue\/wp-json\/wp\/v2\/media\/397"}],"wp:attachment":[{"href":"https:\/\/soleil-de-mai.fr\/catalogue\/wp-json\/wp\/v2\/media?parent=302"}],"curies":[{"name":"wp","href":"https:\/\/api.w.org\/{rel}","templated":true}]}}