{"id":969,"date":"2018-06-17T23:53:34","date_gmt":"2018-06-17T21:53:34","guid":{"rendered":"https:\/\/soleil-de-mai.fr\/catalogue\/?page_id=969"},"modified":"2018-06-23T23:21:37","modified_gmt":"2018-06-23T21:21:37","slug":"cosmetiques-naturelles","status":"publish","type":"page","link":"https:\/\/soleil-de-mai.fr\/catalogue\/methodes-artisanales\/cosmetiques-naturelles\/","title":{"rendered":"Cosm\u00e9tiques naturelles"},"content":{"rendered":"<h4>Des cosm\u00e9tiques naturelles issus du monde v\u00e9g\u00e9tal<\/h4>\n<blockquote><p>Utilis\u00e9e par des esth\u00e9ticiennes et des kin\u00e9sith\u00e9rapeutes, nos cosm\u00e9tiques naturelles se compose d&rsquo;une gamme compl\u00e8te d\u2019huiles bienfaisantes s\u2019adaptant \u00e0 tous les types de peaux et qui satisfera aussi les besoins quotidiens de toute la famille.<br \/>\nEn application locale ou en massage corporel, laissez vos sens s\u2019\u00e9veiller aux textures et senteurs de nos huiles bienfaisantes d&rsquo;origine 100% naturelle tout en prenant r\u00e9ellement soin de votre corps.<\/p><\/blockquote>\n","protected":false},"excerpt":{"rendered":"<p>Des cosm\u00e9tiques naturelles issus du monde v\u00e9g\u00e9tal Utilis\u00e9e par des esth\u00e9ticiennes et des kin\u00e9sith\u00e9rapeutes, nos cosm\u00e9tiques naturelles se compose d&rsquo;une gamme compl\u00e8te d\u2019huiles bienfaisantes s\u2019adaptant \u00e0 tous les types de peaux et qui satisfera aussi les besoins quotidiens de toute la famille. En application locale ou en massage corporel, laissez vos sens s\u2019\u00e9veiller aux textures [&hellip;]<\/p>\n","protected":false},"author":1,"featured_media":1036,"parent":27,"menu_order":0,"comment_status":"closed","ping_status":"closed","template":"","meta":{"_monsterinsights_skip_tracking":false,"_monsterinsights_sitenote_active":false,"_monsterinsights_sitenote_note":"","_monsterinsights_sitenote_category":0,"footnotes":""},"_links":{"self":[{"href":"https:\/\/soleil-de-mai.fr\/catalogue\/wp-json\/wp\/v2\/pages\/969"}],"collection":[{"href":"https:\/\/soleil-de-mai.fr\/catalogue\/wp-json\/wp\/v2\/pages"}],"about":[{"href":"https:\/\/soleil-de-mai.fr\/catalogue\/wp-json\/wp\/v2\/types\/page"}],"author":[{"embeddable":true,"href":"https:\/\/soleil-de-mai.fr\/catalogue\/wp-json\/wp\/v2\/users\/1"}],"replies":[{"embeddable":true,"href":"https:\/\/soleil-de-mai.fr\/catalogue\/wp-json\/wp\/v2\/comments?post=969"}],"version-history":[{"count":5,"href":"https:\/\/soleil-de-mai.fr\/catalogue\/wp-json\/wp\/v2\/pages\/969\/revisions"}],"predecessor-version":[{"id":1046,"href":"https:\/\/soleil-de-mai.fr\/catalogue\/wp-json\/wp\/v2\/pages\/969\/revisions\/1046"}],"up":[{"embeddable":true,"href":"https:\/\/soleil-de-mai.fr\/catalogue\/wp-json\/wp\/v2\/pages\/27"}],"wp:featuredmedia":[{"embeddable":true,"href":"https:\/\/soleil-de-mai.fr\/catalogue\/wp-json\/wp\/v2\/media\/1036"}],"wp:attachment":[{"href":"https:\/\/soleil-de-mai.fr\/catalogue\/wp-json\/wp\/v2\/media?parent=969"}],"curies":[{"name":"wp","href":"https:\/\/api.w.org\/{rel}","templated":true}]}}