{"id":972,"date":"2018-06-17T23:57:33","date_gmt":"2018-06-17T21:57:33","guid":{"rendered":"https:\/\/soleil-de-mai.fr\/catalogue\/?page_id=972"},"modified":"2019-06-13T08:56:52","modified_gmt":"2019-06-13T06:56:52","slug":"savons-surgras-naturels","status":"publish","type":"page","link":"https:\/\/soleil-de-mai.fr\/catalogue\/methodes-artisanales\/savons-surgras-naturels\/","title":{"rendered":"Savons surgras naturels"},"content":{"rendered":"<h4>Des savons surgras artisanaux saponifi\u00e9s \u00e0 froid en Lot et Garonne<br \/>\nSous mentions <em>Nature &amp; Progr\u00e8s<\/em> et <em>Slow Cosm\u00e9tique<\/em><\/h4>\n<blockquote><p><strong>Une m\u00e9thode\u00a0artisanale et reconnue<\/strong><br \/>\nSoleil de Mai fabrique ses savons surgras \u00e0 base d&rsquo;ingr\u00e9dients naturels en suivant la m\u00e9thode traditionnelle de la saponification \u00e0 froid. Cette m\u00e9thode permet aux ingr\u00e9dients qui composent nos savons de ne pas \u00eatre alt\u00e9r\u00e9s par des temp\u00e9ratures \u00e9lev\u00e9es lors de leur fabrication. La glyc\u00e9rine naturellement cr\u00e9\u00e9e est conserv\u00e9e et les vertus et principes actifs des ingr\u00e9dients sont pr\u00e9serv\u00e9s, contrairement aux savons fabriqu\u00e9s \u00e0 chaud, g\u00e9n\u00e9ralement industriels et synth\u00e9tiques.<\/p>\n<p><strong>La garantie d\u2019un produit sain<\/strong><br \/>\nNous poss\u00e9dons une connaissance approfondie et m\u00e9ticuleuse des mati\u00e8res premi\u00e8res qui entrent dans la composition de nos produits. Pour s\u2019adapter et r\u00e9pondre aux besoins de tous les types de peaux, notre gamme de savons \u00e0 \u00e9t\u00e9 \u00e9labor\u00e9e et formul\u00e9e de mani\u00e8re coh\u00e9rente puis valid\u00e9e par une pharmacienne sp\u00e9cialis\u00e9e dans l\u2019herboristerie. Nos savons sont con\u00e7us \u00e0 base d&rsquo;huile d&rsquo;olive, de beurre de karit\u00e9 et d&rsquo;huiles essentielles, sur-graiss\u00e9s avec des huiles sp\u00e9cifiques : prune, noisette, avocat, abricot, etc. Selon les formules, nous y ajoutons des \u00a0ingr\u00e9dients naturels aux propri\u00e9t\u00e9s cosm\u00e9tiques reconnus tels que l\u2019argile, le miel ou encore le lait d\u2019\u00e2nesse.<br \/>\nNotre gamme de savons a re\u00e7u les mentions\u00a0<em>Nature &amp; Progr\u00e8s<\/em> et<em> Slow Cosm\u00e9tique<\/em>.<\/p>\n<p><strong>Un rituel de soin au quotidien<\/strong><br \/>\nDu <a href=\"https:\/\/soleil-de-mai.fr\/catalogue\/produits-naturels\/savons-surgras\/savon-lait-danesse-avoine\/\">savon de soin<\/a> au <a href=\"https:\/\/soleil-de-mai.fr\/catalogue\/produits-naturels\/coffrets-cadeaux\/coffret-savon-de-rasage-au-romarin\/\">savon de rasage<\/a> en passant par le <a href=\"https:\/\/soleil-de-mai.fr\/catalogue\/produits-naturels\/savons-surgras\/savon-olive-argile-verte\/\">savon doux pour enfant<\/a>, notre gamme de savons surgras saura r\u00e9pondre aux besoins de toute la famille. Que ce soit par leurs parfums, leurs textures ou leurs vertus, nos savons vous offriront, jour apr\u00e8s jour, un moment de bien-\u00eatre sain et r\u00e9parateur.<\/p><\/blockquote>\n","protected":false},"excerpt":{"rendered":"<p>Des savons surgras artisanaux saponifi\u00e9s \u00e0 froid en Lot et Garonne Sous mentions Nature &amp; Progr\u00e8s et Slow Cosm\u00e9tique Une m\u00e9thode\u00a0artisanale et reconnue Soleil de Mai fabrique ses savons surgras \u00e0 base d&rsquo;ingr\u00e9dients naturels en suivant la m\u00e9thode traditionnelle de la saponification \u00e0 froid. Cette m\u00e9thode permet aux ingr\u00e9dients qui composent nos savons de ne [&hellip;]<\/p>\n","protected":false},"author":1,"featured_media":387,"parent":27,"menu_order":0,"comment_status":"closed","ping_status":"closed","template":"","meta":{"_monsterinsights_skip_tracking":false,"_monsterinsights_sitenote_active":false,"_monsterinsights_sitenote_note":"","_monsterinsights_sitenote_category":0,"footnotes":""},"_links":{"self":[{"href":"https:\/\/soleil-de-mai.fr\/catalogue\/wp-json\/wp\/v2\/pages\/972"}],"collection":[{"href":"https:\/\/soleil-de-mai.fr\/catalogue\/wp-json\/wp\/v2\/pages"}],"about":[{"href":"https:\/\/soleil-de-mai.fr\/catalogue\/wp-json\/wp\/v2\/types\/page"}],"author":[{"embeddable":true,"href":"https:\/\/soleil-de-mai.fr\/catalogue\/wp-json\/wp\/v2\/users\/1"}],"replies":[{"embeddable":true,"href":"https:\/\/soleil-de-mai.fr\/catalogue\/wp-json\/wp\/v2\/comments?post=972"}],"version-history":[{"count":11,"href":"https:\/\/soleil-de-mai.fr\/catalogue\/wp-json\/wp\/v2\/pages\/972\/revisions"}],"predecessor-version":[{"id":1332,"href":"https:\/\/soleil-de-mai.fr\/catalogue\/wp-json\/wp\/v2\/pages\/972\/revisions\/1332"}],"up":[{"embeddable":true,"href":"https:\/\/soleil-de-mai.fr\/catalogue\/wp-json\/wp\/v2\/pages\/27"}],"wp:featuredmedia":[{"embeddable":true,"href":"https:\/\/soleil-de-mai.fr\/catalogue\/wp-json\/wp\/v2\/media\/387"}],"wp:attachment":[{"href":"https:\/\/soleil-de-mai.fr\/catalogue\/wp-json\/wp\/v2\/media?parent=972"}],"curies":[{"name":"wp","href":"https:\/\/api.w.org\/{rel}","templated":true}]}}