{"id":974,"date":"2018-06-17T23:58:15","date_gmt":"2018-06-17T21:58:15","guid":{"rendered":"https:\/\/soleil-de-mai.fr\/catalogue\/?page_id=974"},"modified":"2018-07-20T00:00:10","modified_gmt":"2018-07-19T22:00:10","slug":"bougies-et-parfums-d-interieur","status":"publish","type":"page","link":"https:\/\/soleil-de-mai.fr\/catalogue\/methodes-artisanales\/bougies-et-parfums-d-interieur\/","title":{"rendered":"Bougies et parfums d&rsquo;int\u00e9rieur"},"content":{"rendered":"<h4>Des bougies et parfums d&rsquo;int\u00e9rieur d&rsquo;origine 100% naturelle<\/h4>\n<blockquote><p>D\u00e9couvrez notre gamme artisanale de bougies et parfums d&rsquo;int\u00e9rieur : huit senteurs originales et vari\u00e9es pour parfumer votre int\u00e9rieur de mani\u00e8re saine et \u00e9cologique. Notre gamme se d\u00e9cline sous forme de bougies v\u00e9g\u00e9tales et parfums d\u2019int\u00e9rieur d&rsquo;origine 100% naturelle et issue de l\u2019agriculture biologique.<\/p>\n<p>Contrairement aux bougies classiques, <a href=\"https:\/\/soleil-de-mai.fr\/catalogue\/boutique\/bougies-vegetales\/\">nos bougies sont \u00e0 base de cire de soja<\/a>, elles ne contiennent ni huile de palme ni paraffine et d\u00e9gagent ainsi beaucoup moins de suie. La m\u00e8che est en pur coton et ne contient pas de solvant ou de m\u00e9taux lourds.<\/p>\n<p>Nos parfums sont compos\u00e9s \u00e0 partir d&rsquo;eaux florales et d\u2019huiles essentielles Bio, nous n\u2019utilisons aucun parfum de synth\u00e8se ni d\u00e9naturant chimique. Notre gamme de parfums est sous mention <em>Nature &amp; Progr\u00e8s<\/em>.<\/p><\/blockquote>\n","protected":false},"excerpt":{"rendered":"<p>Des bougies et parfums d&rsquo;int\u00e9rieur d&rsquo;origine 100% naturelle D\u00e9couvrez notre gamme artisanale de bougies et parfums d&rsquo;int\u00e9rieur : huit senteurs originales et vari\u00e9es pour parfumer votre int\u00e9rieur de mani\u00e8re saine et \u00e9cologique. Notre gamme se d\u00e9cline sous forme de bougies v\u00e9g\u00e9tales et parfums d\u2019int\u00e9rieur d&rsquo;origine 100% naturelle et issue de l\u2019agriculture biologique. Contrairement aux bougies [&hellip;]<\/p>\n","protected":false},"author":1,"featured_media":1039,"parent":27,"menu_order":0,"comment_status":"closed","ping_status":"closed","template":"","meta":{"_monsterinsights_skip_tracking":false,"_monsterinsights_sitenote_active":false,"_monsterinsights_sitenote_note":"","_monsterinsights_sitenote_category":0,"footnotes":""},"_links":{"self":[{"href":"https:\/\/soleil-de-mai.fr\/catalogue\/wp-json\/wp\/v2\/pages\/974"}],"collection":[{"href":"https:\/\/soleil-de-mai.fr\/catalogue\/wp-json\/wp\/v2\/pages"}],"about":[{"href":"https:\/\/soleil-de-mai.fr\/catalogue\/wp-json\/wp\/v2\/types\/page"}],"author":[{"embeddable":true,"href":"https:\/\/soleil-de-mai.fr\/catalogue\/wp-json\/wp\/v2\/users\/1"}],"replies":[{"embeddable":true,"href":"https:\/\/soleil-de-mai.fr\/catalogue\/wp-json\/wp\/v2\/comments?post=974"}],"version-history":[{"count":11,"href":"https:\/\/soleil-de-mai.fr\/catalogue\/wp-json\/wp\/v2\/pages\/974\/revisions"}],"predecessor-version":[{"id":1048,"href":"https:\/\/soleil-de-mai.fr\/catalogue\/wp-json\/wp\/v2\/pages\/974\/revisions\/1048"}],"up":[{"embeddable":true,"href":"https:\/\/soleil-de-mai.fr\/catalogue\/wp-json\/wp\/v2\/pages\/27"}],"wp:featuredmedia":[{"embeddable":true,"href":"https:\/\/soleil-de-mai.fr\/catalogue\/wp-json\/wp\/v2\/media\/1039"}],"wp:attachment":[{"href":"https:\/\/soleil-de-mai.fr\/catalogue\/wp-json\/wp\/v2\/media?parent=974"}],"curies":[{"name":"wp","href":"https:\/\/api.w.org\/{rel}","templated":true}]}}