{"id":108,"date":"2016-04-12T00:42:10","date_gmt":"2016-04-11T22:42:10","guid":{"rendered":"http:\/\/soleil-de-mai.fr\/boutique\/produits-naturels\/savons-naturels\/savon-avoine-miel\/"},"modified":"2026-04-06T17:02:05","modified_gmt":"2026-04-06T15:02:05","slug":"savon-miel-avoine","status":"publish","type":"product","link":"https:\/\/soleil-de-mai.fr\/catalogue\/produits-naturels\/savons-surgras-naturels\/savon-miel-avoine\/","title":{"rendered":"Savon Miel &amp; Avoine"},"content":{"rendered":"<p><strong>Savon miel avoine &#8211; Savon naturel saponifi\u00e9 \u00e0 froid en Lot et Garonne<\/strong><\/p>\n<p><strong>Engagements&nbsp;<\/strong><br \/>\nFabrication artisanale par saponification \u00e0 froid &#8211; Sans huile de palme &#8211; Sans conservateurs &#8211; Sans parabens<br \/>\nLes savons Soleil de Mai ont re\u00e7u les <strong>mentions <em>Nature &amp; Progr\u00e8s<\/em> et <em>Slow Cosm\u00e9tique<\/em><\/strong>.<\/p>\n<p><strong>Ingr\u00e9dients&nbsp;<\/strong><em>(*issu de l&rsquo;Agriculture Biologique)<\/em><strong>&nbsp;:<\/strong><br \/>\nHuiles v\u00e9g\u00e9tales* saponifi\u00e9es \u00e0 froid : Olive, Coco, Karit\u00e9<br \/>\nMiel* du Lot et Garonne, son d&rsquo;avoine*<\/p>\n<p><em>Ingr\u00e9dients sous appellation INCI :&nbsp;sodium Olivate, sodium Cocoate, sodium Sheabutterate, Glycerin, Aqua, Mel, Avena sativa kernel flour.<\/em><\/p>\n<p><strong>Propri\u00e9t\u00e9s** des ingr\u00e9dients&nbsp;utilis\u00e9s :<\/strong><br \/>\nHuiles v\u00e9g\u00e9tales :&nbsp;hydratante, protectrice, nourrissante.<br \/>\nMiel: protecteur, hydratant.<br \/>\nSon d&rsquo;avoine : exfoliant.<\/p>\n<p><em>** sources : Ma bible des huiles essentielles par Dani\u00e8le Festy \/ \u00ab\u00a0Le guide terre vivante des huiles essentielles\u00a0\u00bb par les Dr F.Couic Marinier &amp; Dr A.Touboul<\/em><\/p>\n","protected":false},"excerpt":{"rendered":"<p>Ce savon surgras &#8211; saponifi\u00e9 \u00e0 froid &#8211; \u00e0 base d&rsquo;huile d&rsquo;olive et de beurre de karit\u00e9 &#8211; est enrichi au bon <strong>Miel du Lot &amp; Garonne<\/strong> et au son d&rsquo;avoine.<\/p>\n<p>Sans huiles essentielles, il conviendra aux enfants en bas \u00e2ge ou aux personnes aimant les savons sans parfum.<\/p>\n<p><strong>Conseill\u00e9 pour peau :<\/strong>\u00a0Toutes peaux <br \/><strong>Parfum\u00a0:<\/strong>\u00a0C\u00e9r\u00e9ale, v\u00e9g\u00e9tal <br \/><strong>Poids :<\/strong> 100g minimum \u00e0 l&#8217;emballage <br \/><b>Mention :\u00a0<\/b><em>Nature &amp; Progr\u00e8s \/ Slow Cosm\u00e9tique<\/em><\/p>\n","protected":false},"featured_media":109,"comment_status":"open","ping_status":"closed","template":"","meta":{"_monsterinsights_skip_tracking":false,"_monsterinsights_sitenote_active":false,"_monsterinsights_sitenote_note":"","_monsterinsights_sitenote_category":0},"_links":{"self":[{"href":"https:\/\/soleil-de-mai.fr\/catalogue\/wp-json\/wp\/v2\/product\/108"}],"collection":[{"href":"https:\/\/soleil-de-mai.fr\/catalogue\/wp-json\/wp\/v2\/product"}],"about":[{"href":"https:\/\/soleil-de-mai.fr\/catalogue\/wp-json\/wp\/v2\/types\/product"}],"replies":[{"embeddable":true,"href":"https:\/\/soleil-de-mai.fr\/catalogue\/wp-json\/wp\/v2\/comments?post=108"}],"wp:featuredmedia":[{"embeddable":true,"href":"https:\/\/soleil-de-mai.fr\/catalogue\/wp-json\/wp\/v2\/media\/109"}],"wp:attachment":[{"href":"https:\/\/soleil-de-mai.fr\/catalogue\/wp-json\/wp\/v2\/media?parent=108"}],"curies":[{"name":"wp","href":"https:\/\/api.w.org\/{rel}","templated":true}]}}