{"id":110,"date":"2016-04-11T23:57:00","date_gmt":"2016-04-11T21:57:00","guid":{"rendered":"http:\/\/soleil-de-mai.fr\/boutique\/produits-naturels\/savons-naturels\/lait-argile-rouge-avocat\/"},"modified":"2026-03-30T09:34:18","modified_gmt":"2026-03-30T07:34:18","slug":"savon-lait-argile-rouge-avocat","status":"publish","type":"product","link":"https:\/\/soleil-de-mai.fr\/catalogue\/produits-naturels\/savons-surgras-naturels\/savon-lait-argile-rouge-avocat\/","title":{"rendered":"Savon Lait, Argile rouge &amp; Avocat"},"content":{"rendered":"<p><strong>savon lait argile rouge avocat &#8211; Savon naturel saponifi\u00e9 \u00e0 froid en Lot et Garonne<\/strong><\/p>\n<p><strong>Engagements&nbsp;<\/strong><br \/>\nFabrication artisanale par saponification \u00e0 froid &#8211; Sans huile de palme &#8211; Sans conservateurs &#8211; Sans parabens<br \/>\nLes savons Soleil de Mai ont re\u00e7u les <strong>mentions <em>Nature &amp; Progr\u00e8s<\/em> et <em>Slow Cosm\u00e9tique<\/em><\/strong>.<\/p>\n<p><strong>Ingr\u00e9dients&nbsp;<\/strong><em>(*issu de l&rsquo;Agriculture Biologique)<\/em><strong>&nbsp;:<\/strong><br \/>\nHuiles v\u00e9g\u00e9tales* saponifi\u00e9es \u00e0 froid : Olive, Coco, Karit\u00e9<br \/>\nHuile* de surgraissage : Avocat<br \/>\nHuiles essentielles* : Bois de h\u00f4 et Fleur d&rsquo;Ylang-ylang<br \/>\nArgile Rouge &amp; Lait de ch\u00e8vre*<\/p>\n<p><em>Ingr\u00e9dients sous appellation INCI :&nbsp;sodium Olivate, sodium Sheabutterate, sodium Cocoate, Glycerin, Caprae lac, Persea gratissima oil, Aqua, Cinnamomum Camphora Leaf Oil, Illite red clay, Cananga odorata flower oil.&nbsp; Allerg\u00e8nes naturels : linalool, limonene<\/em><\/p>\n<p><strong>Propri\u00e9t\u00e9s** des ingr\u00e9dients&nbsp;utilis\u00e9s :<\/strong><br \/>\nHuiles v\u00e9g\u00e9tales :&nbsp;r\u00e9g\u00e9n\u00e9rante, hydratante, protectrice, cicatrisante, nourrissante.<br \/>\nHuiles essentielles :&nbsp;r\u00e9g\u00e9n\u00e9rante, assainissante, stimulante cutan\u00e9e.<br \/>\nArgile rouge : adsorbante, r\u00e9paratrice, apaisante.<\/p>\n<p><em>** sources : Ma bible des huiles essentielles par Dani\u00e8le Festy \/ \u00ab\u00a0Le guide terre vivante des huiles essentielles\u00a0\u00bb par les Dr F.Couic Marinier &amp; Dr A.Touboul<\/em><\/p>\n","protected":false},"excerpt":{"rendered":"<p>Ce savon surgras &#8211; saponifi\u00e9 \u00e0 froid &#8211; \u00e0 base d&rsquo;huile d&rsquo;olive et de beurre de karit\u00e9 &#8211; est enrichi \u00e0 l&rsquo;huile d&rsquo;Avocat et de lait de ch\u00e8vre, color\u00e9 \u00e0 l&rsquo;argile rouge et parfum\u00e9 aux huiles essentielles de bois de h\u00f4 (proche du bois de rose) et de fleur d&rsquo;ylang-ylang. Sa douceur incomparable est l&rsquo;alli\u00e9e des peaux r\u00e9actives et d\u00e9licates.<\/p>\n<p><strong>Conseill\u00e9 pour peau :<\/strong>\u00a0d\u00e9licate, sensible, s\u00e8che, mature <br \/><strong>Parfum\u00a0:<\/strong>\u00a0Bois\u00e9, fleuri <br \/><strong>Poids :<\/strong> 100g minimum \u00e0 l&#8217;emballage <br \/><b>Mention :\u00a0<\/b><em>Nature &amp; Progr\u00e8s \/ Slow Cosm\u00e9tique<\/em><\/p>\n","protected":false},"featured_media":226,"comment_status":"open","ping_status":"closed","template":"","meta":{"_monsterinsights_skip_tracking":false,"_monsterinsights_sitenote_active":false,"_monsterinsights_sitenote_note":"","_monsterinsights_sitenote_category":0},"_links":{"self":[{"href":"https:\/\/soleil-de-mai.fr\/catalogue\/wp-json\/wp\/v2\/product\/110"}],"collection":[{"href":"https:\/\/soleil-de-mai.fr\/catalogue\/wp-json\/wp\/v2\/product"}],"about":[{"href":"https:\/\/soleil-de-mai.fr\/catalogue\/wp-json\/wp\/v2\/types\/product"}],"replies":[{"embeddable":true,"href":"https:\/\/soleil-de-mai.fr\/catalogue\/wp-json\/wp\/v2\/comments?post=110"}],"wp:featuredmedia":[{"embeddable":true,"href":"https:\/\/soleil-de-mai.fr\/catalogue\/wp-json\/wp\/v2\/media\/226"}],"wp:attachment":[{"href":"https:\/\/soleil-de-mai.fr\/catalogue\/wp-json\/wp\/v2\/media?parent=110"}],"curies":[{"name":"wp","href":"https:\/\/api.w.org\/{rel}","templated":true}]}}