{"id":112,"date":"2016-04-12T01:06:49","date_gmt":"2016-04-11T23:06:49","guid":{"rendered":"http:\/\/soleil-de-mai.fr\/boutique\/produits-naturels\/savons-naturels\/prune-lavandin\/"},"modified":"2026-02-26T21:43:29","modified_gmt":"2026-02-26T20:43:29","slug":"savon-prune-et-lavandin","status":"publish","type":"product","link":"https:\/\/soleil-de-mai.fr\/catalogue\/produits-naturels\/savons-surgras-naturels\/savon-prune-et-lavandin\/","title":{"rendered":"Savon Prune &amp; Lavandin"},"content":{"rendered":"<p><strong>Savon prune et lavandin &#8211; Savon naturel saponifi\u00e9 \u00e0 froid en Lot et Garonne<\/strong><\/p>\n<p><strong>Engagements\u00a0<\/strong><br \/>\nFabrication artisanale par saponification \u00e0 froid &#8211; Sans huile de palme &#8211; Sans conservateurs &#8211; Sans parabens<br \/>\nLes savons Soleil de Mai sont sous <strong>mention <em>Nature &amp; Progr\u00e8s<\/em><\/strong>.<\/p>\n<p><strong>Ingr\u00e9dients\u00a0<\/strong><em>(*issu de l&rsquo;Agriculture Biologique)<\/em><strong>\u00a0:<\/strong><br \/>\nHuiles v\u00e9g\u00e9tales* saponifi\u00e9es \u00e0 froid : Olive, Coco, Karit\u00e9<br \/>\nHuile* de surgraissage : Amandon de <strong>PRUNE du Lot et Garonne<\/strong><br \/>\nHuiles essentielles* : Lavandin Super et Bois de h\u00f4 (proche du bois de rose)<br \/>\nPlante tinctoriale : garance<\/p>\n<p><em>Ingr\u00e9dients sous appellation INCI :\u00a0sodium Olivate, sodium Cocoate, sodium Sheabutterate, glycerin, Aqua, Prunus domestica seed oil , Lavandula hybrida oil, Cinnamomum Camphora Leaf Oil, Rubia tinctorum root powder (Allerg\u00e8nes naturels : limonene, linalool, geraniol).<\/em><\/p>\n<p><strong>Propri\u00e9t\u00e9s** des ingr\u00e9dients\u00a0utilis\u00e9s :<\/strong><br \/>\nHuiles v\u00e9g\u00e9tales :\u00a0hydratante, anti-oxydante, protectrice, adoucissante, \u00e9molliente.<br \/>\nHuiles essentielles :\u00a0relaxante, cicatrisante, r\u00e9g\u00e9n\u00e9rante, antibact\u00e9rienne.<\/p>\n<p><em>** sources : Ma bible des huiles essentielles par Dani\u00e8le Festy \/ \u00ab\u00a0Le guide terre vivante des huiles essentielles\u00a0\u00bb par les Dr F.Couic Marinier &amp; Dr A.Touboul<\/em><\/p>\n","protected":false},"excerpt":{"rendered":"<p>Ce savon surgras &#8211; saponifi\u00e9 \u00e0 froid &#8211; \u00e0 base d&rsquo;huile d&rsquo;olive et de beurre de karit\u00e9 &#8211; est enrichi \u00e0 l&rsquo;huile d&rsquo;amandon de Prune du Lot et Garonne, color\u00e9 \u00e0 la Garance et parfum\u00e9 aux huiles essentielles de lavandin super et de bois de h\u00f4 (proche du bois de rose). Son parfum d\u00e9licat, sa mousse onctueuse et sa douceur combleront les peaux d\u00e9licates.<\/p>\n<p><strong>Conseill\u00e9 pour peau :<\/strong>\u00a0s\u00e8che, sensible<br \/>\n<strong>Parfum\u00a0:<\/strong>\u00a0doux et suave \/ Lavande et Amande<br \/>\n<strong>Poids :<\/strong> 100g minimum \u00e0 l&#8217;emballage<br \/>\n<b>Mention :\u00a0<\/b><em>Nature &amp; Progr\u00e8s<\/em><\/p>\n","protected":false},"featured_media":113,"comment_status":"open","ping_status":"closed","template":"","meta":{"_monsterinsights_skip_tracking":false,"_monsterinsights_sitenote_active":false,"_monsterinsights_sitenote_note":"","_monsterinsights_sitenote_category":0},"_links":{"self":[{"href":"https:\/\/soleil-de-mai.fr\/catalogue\/wp-json\/wp\/v2\/product\/112"}],"collection":[{"href":"https:\/\/soleil-de-mai.fr\/catalogue\/wp-json\/wp\/v2\/product"}],"about":[{"href":"https:\/\/soleil-de-mai.fr\/catalogue\/wp-json\/wp\/v2\/types\/product"}],"replies":[{"embeddable":true,"href":"https:\/\/soleil-de-mai.fr\/catalogue\/wp-json\/wp\/v2\/comments?post=112"}],"wp:featuredmedia":[{"embeddable":true,"href":"https:\/\/soleil-de-mai.fr\/catalogue\/wp-json\/wp\/v2\/media\/113"}],"wp:attachment":[{"href":"https:\/\/soleil-de-mai.fr\/catalogue\/wp-json\/wp\/v2\/media?parent=112"}],"curies":[{"name":"wp","href":"https:\/\/api.w.org\/{rel}","templated":true}]}}