{"id":1139,"date":"2018-08-15T13:01:16","date_gmt":"2018-08-15T11:01:16","guid":{"rendered":"https:\/\/soleil-de-mai.fr\/catalogue\/?post_type=product&#038;p=1139"},"modified":"2025-12-30T20:41:33","modified_gmt":"2025-12-30T19:41:33","slug":"savon-argile-lavandin-et-avocat-en-65g","status":"publish","type":"product","link":"https:\/\/soleil-de-mai.fr\/catalogue\/produits-naturels\/savons-surgras-naturels\/savon-argile-lavandin-et-avocat-en-65g\/","title":{"rendered":"Savon Argile, Lavandin et Avocat en 65g"},"content":{"rendered":"<p><strong>Savon argile lavandin avocat &#8211; Savon naturel saponifi\u00e9 \u00e0 froid en Lot et Garonne<\/strong><\/p>\n<p><strong>Engagements\u00a0<\/strong><br \/>\nFabrication artisanale par saponification \u00e0 froid &#8211; Sans huile de palme &#8211; Sans conservateurs &#8211; Sans parabens<br \/>\nLes savons Soleil de Mai ont re\u00e7u les <strong>mentions <em>Nature &amp; Progr\u00e8s<\/em> et <em>Slow Cosm\u00e9tique<\/em><\/strong>.<\/p>\n<p><strong>Ingr\u00e9dients\u00a0<\/strong><em>(*issu de l&rsquo;Agriculture Biologique)<\/em><strong>\u00a0:<\/strong><br \/>\nHuiles v\u00e9g\u00e9tales* saponifi\u00e9es \u00e0 froid : Olive, Coco, Karit\u00e9<br \/>\nHuile* de surgraissage : Avocat<br \/>\nHuiles essentielles* : Lavandin Super et Clou de Girofle<br \/>\nArgile Blanche, Indigo<\/p>\n<p><em>Ingr\u00e9dients sous appellation INCI :\u00a0sodium Olivate, sodium Cocoate, sodium Sheabutterate, Glycerin, Aqua, Persea gratissima oil, Lavandula hybrida oil, Kaolin, Eugenia Caryophyllus stem Oil, Indigofera suffruticosa (allerg\u00e8nes naturels : limonene, linalool, eugenol, geraniol). <\/em><\/p>\n<p><strong>Propri\u00e9t\u00e9s** des ingr\u00e9dients\u00a0utilis\u00e9s :<\/strong><br \/>\nHuiles v\u00e9g\u00e9tales :\u00a0r\u00e9g\u00e9n\u00e9rante, r\u00e9paratrice, hydratante, protectrice, cicatrisante, nourrissante.<br \/>\nHuiles essentielles :\u00a0antiseptique, anesth\u00e9siante, antibact\u00e9rienne, cicatrisante.<br \/>\nArgile blanche : absorbante, apaisante.<br \/>\nPlante tinctoriale : Indigo.<\/p>\n<p>Ce savon sert aussi de savon de rasage pour peau sensible\u00a0en\u00a0calmant** le feu du rasoir et en d\u00e9sinfectant** les micro-coupures.<\/p>\n<p><em>** sources : Ma bible des huiles essentielles par Dani\u00e8le Festy \/ \u00ab\u00a0Le guide terre vivante des huiles essentielles\u00a0\u00bb par les Dr F.Couic Marinier &amp; Dr A.Touboul<\/em><\/p>\n","protected":false},"excerpt":{"rendered":"<p>Ce savon surgras &#8211; saponifi\u00e9 \u00e0 froid &#8211; \u00e0 base d&rsquo;huile d&rsquo;olive et de beurre de karit\u00e9 &#8211; est enrichi \u00e0 l&rsquo;huile d&rsquo;Avocat et \u00e0 l&rsquo;Argile Blanche, color\u00e9 \u00e0 l&rsquo;indigo et parfum\u00e9 aux huiles essentielles suaves et aromatiques de Lavandin Super et de Girofle. <br \/>Sa douceur conviendra \u00e0 toutes les peaux, et son parfum envo\u00fbtera les inconditionnels de la Lavande et amoureux de la Provence. Les hommes \u00e0 la peaux sensibles appr\u00e9cieront de l&rsquo;utiliser en savon de rasage, peu moussant mais facilitant la glisse du rasoir, sa douceur rend inutile l&rsquo;apr\u00e8s-rasage.<\/p>\n<p><strong>Conseill\u00e9 pour peau :<\/strong>\u00a0toutes <br \/><strong>Le Plus :\u00a0<\/strong>rasage des peaux sensibles <br \/><strong>Parfum\u00a0:<\/strong>\u00a0suave, fleuri et typique de Lavande &amp; Girofle <br \/><strong>Poids :<\/strong>\u00a065g minimum \u00e0 l&#8217;emballage <br \/><b>Mention :\u00a0<\/b><em>Nature &amp; Progr\u00e8s \/ Slow Cosm\u00e9tique<\/em><\/p>\n","protected":false},"featured_media":227,"comment_status":"open","ping_status":"closed","template":"","meta":{"_monsterinsights_skip_tracking":false,"_monsterinsights_sitenote_active":false,"_monsterinsights_sitenote_note":"","_monsterinsights_sitenote_category":0},"_links":{"self":[{"href":"https:\/\/soleil-de-mai.fr\/catalogue\/wp-json\/wp\/v2\/product\/1139"}],"collection":[{"href":"https:\/\/soleil-de-mai.fr\/catalogue\/wp-json\/wp\/v2\/product"}],"about":[{"href":"https:\/\/soleil-de-mai.fr\/catalogue\/wp-json\/wp\/v2\/types\/product"}],"replies":[{"embeddable":true,"href":"https:\/\/soleil-de-mai.fr\/catalogue\/wp-json\/wp\/v2\/comments?post=1139"}],"wp:featuredmedia":[{"embeddable":true,"href":"https:\/\/soleil-de-mai.fr\/catalogue\/wp-json\/wp\/v2\/media\/227"}],"wp:attachment":[{"href":"https:\/\/soleil-de-mai.fr\/catalogue\/wp-json\/wp\/v2\/media?parent=1139"}],"curies":[{"name":"wp","href":"https:\/\/api.w.org\/{rel}","templated":true}]}}