{"id":114,"date":"2016-04-12T00:27:07","date_gmt":"2016-04-11T22:27:07","guid":{"rendered":"http:\/\/soleil-de-mai.fr\/boutique\/produits-naturels\/savons-naturels\/orange-abricot-ylang-ylang\/"},"modified":"2026-03-30T09:34:18","modified_gmt":"2026-03-30T07:34:18","slug":"savon-orange-abricot-ylang-ylang","status":"publish","type":"product","link":"https:\/\/soleil-de-mai.fr\/catalogue\/produits-naturels\/savons-surgras-naturels\/savon-orange-abricot-ylang-ylang\/","title":{"rendered":"Savon Orange, Abricot &amp; Ylang-Ylang"},"content":{"rendered":"<p><strong>savon orange abricot ylang-ylang &#8211; Savon naturel saponifi\u00e9 \u00e0 froid en Lot et Garonne<\/strong><\/p>\n<p><strong>Engagements&nbsp;<\/strong><br \/>\nFabrication artisanale par saponification \u00e0 froid -Garanti sans produits pr\u00e9occupants pour la sant\u00e9 ou source de pol\u00e9mique environnementale.<br \/>\nLes savons Soleil de Mai ont re\u00e7u les <strong>mentions <em>Nature &amp; Progr\u00e8s<\/em> et <em>Slow Cosm\u00e9tique<\/em><\/strong>.<\/p>\n<p><strong>Ingr\u00e9dients&nbsp;<\/strong><em>(*issu de l&rsquo;Agriculture Biologique)<\/em><strong>&nbsp;:<\/strong><br \/>\nHuiles v\u00e9g\u00e9tales* saponifi\u00e9es \u00e0 froid : Olive, Coco, Karit\u00e9<br \/>\nHuile* de surgraissage : Abricot<br \/>\nHuiles essentielles* : Orange douce, Palmarosa et fleur d&rsquo;Ylang-ylang<br \/>\nAnnatto &amp; Jus de carotte<\/p>\n<p><em>Ingr\u00e9dients sous appellation INCI :&nbsp;sodium Olivate &#8211; sodium Cocoate &#8211; sodium Sheabutterate &#8211; glycerin &#8211; Aqua &#8211; Daucus Carota Sativa Juice &#8211; Prunus armeniaca kernel oil &#8211; Citrus sinensis peel oil expressed &#8211; Cymbopogon martini oil &#8211; Cananga odorata flower oil &#8211; Bixa orellana seed (Allerg\u00e8nes naturels issus des huiles essentielles : limonene, geraniol, linalool, farnesol, citral, benzyl bensoate) .<\/em><\/p>\n<p><strong>Propri\u00e9t\u00e9s** des ingr\u00e9dients&nbsp;utilis\u00e9s :<\/strong><br \/>\nHuiles v\u00e9g\u00e9tales :&nbsp;hydratante, protectrice, cicatrisante, nourrissante, adoucissante.<br \/>\nHuiles essentielles :&nbsp;relaxante, stimulante cutan\u00e9e.<br \/>\nAnnatto et Jus de carotte : effet bonne-mine, pr\u00e9paration de la peau au soleil.<\/p>\n<p><em>** sources : Ma bible des huiles essentielles par Dani\u00e8le Festy \/ \u00ab\u00a0Le guide terre vivante des huiles essentielles\u00a0\u00bb par les Dr F.Couic Marinier &amp; Dr A.Touboul<\/em><\/p>\n","protected":false},"excerpt":{"rendered":"<p>Ce savon surgras &#8211; saponifi\u00e9 \u00e0 froid &#8211; \u00e0 base d&rsquo;huile d&rsquo;olive et de beurre de karit\u00e9 &#8211; est enrichi \u00e0 l&rsquo;huile d&rsquo;Abricot, color\u00e9 \u00e0 l&rsquo;annatto et au jus de carotte, et parfum\u00e9 aux huiles essentielles d&rsquo;orange douce, de palmarosa et de fleurs d&rsquo;ylang-ylang.<\/p>\n<p>Ce savon lave en douceur (surgras \u00e0 6%), sa mousse est d\u00e9licate et onctueuse et conviendra aux peaux s\u00e8ches ou sensibles.<\/p>\n<p><strong>Conseill\u00e9 pour peau :<\/strong>\u00a0s\u00e8ches, sensibles ou ternes <br \/><strong>Parfum\u00a0:<\/strong>\u00a0Orange, Agrume, Fleuri<br \/><strong>Poids :<\/strong> 100g minimum \u00e0 l&#8217;emballage <br \/><b>Mention :\u00a0<\/b><em>Nature &amp; Progr\u00e8s &#8211; Slow Cosm\u00e9tique<\/em><\/p>\n","protected":false},"featured_media":228,"comment_status":"open","ping_status":"closed","template":"","meta":{"_monsterinsights_skip_tracking":false,"_monsterinsights_sitenote_active":false,"_monsterinsights_sitenote_note":"","_monsterinsights_sitenote_category":0},"_links":{"self":[{"href":"https:\/\/soleil-de-mai.fr\/catalogue\/wp-json\/wp\/v2\/product\/114"}],"collection":[{"href":"https:\/\/soleil-de-mai.fr\/catalogue\/wp-json\/wp\/v2\/product"}],"about":[{"href":"https:\/\/soleil-de-mai.fr\/catalogue\/wp-json\/wp\/v2\/types\/product"}],"replies":[{"embeddable":true,"href":"https:\/\/soleil-de-mai.fr\/catalogue\/wp-json\/wp\/v2\/comments?post=114"}],"wp:featuredmedia":[{"embeddable":true,"href":"https:\/\/soleil-de-mai.fr\/catalogue\/wp-json\/wp\/v2\/media\/228"}],"wp:attachment":[{"href":"https:\/\/soleil-de-mai.fr\/catalogue\/wp-json\/wp\/v2\/media?parent=114"}],"curies":[{"name":"wp","href":"https:\/\/api.w.org\/{rel}","templated":true}]}}