{"id":1143,"date":"2018-08-17T22:46:28","date_gmt":"2018-08-17T20:46:28","guid":{"rendered":"https:\/\/soleil-de-mai.fr\/catalogue\/?post_type=product&#038;p=1143"},"modified":"2025-12-30T20:41:32","modified_gmt":"2025-12-30T19:41:32","slug":"savon-agrumes-verveine-exotique-en-65g","status":"publish","type":"product","link":"https:\/\/soleil-de-mai.fr\/catalogue\/produits-naturels\/savons-surgras-naturels\/savon-agrumes-verveine-exotique-en-65g\/","title":{"rendered":"Savon Agrumes &amp; Verveine exotique en 65g"},"content":{"rendered":"<p><strong>Savon agrume verveine exotique &#8211; Savon naturel saponifi\u00e9 \u00e0 froid en Lot et Garonne<\/strong><\/p>\n<p><strong>Engagements\u00a0<\/strong><br \/>\nFabrication artisanale par saponification \u00e0 froid &#8211; Sans huile de palme &#8211; Sans conservateurs &#8211; Sans parabens<br \/>\nLes savons Soleil de Mai ont re\u00e7u les <strong>mentions <em>Nature &amp; Progr\u00e8s<\/em><\/strong>.<\/p>\n<p><strong>Ingr\u00e9dients <\/strong><em>(*issu de l&rsquo;Agriculture Biologique)<\/em><strong> :<\/strong><br \/>\nHuiles v\u00e9g\u00e9tales* saponifi\u00e9es \u00e0 froid : Olive, Coco, Karit\u00e9<br \/>\nHuile* de surgraissage :\u00a0Noisette<br \/>\nHuiles essentielles* : Petitgrain (oranger), Niaouli, Litsea Cubeba (verveine exotique)<br \/>\nArgile Verte<br \/>\n<em>Ingr\u00e9dients sous appellation INCI :\u00a0sodium Olivate, sodium Cocoate, sodium Sheabutterate, Glycerin, Aqua, Corylus Avellana Seed Oil, Illite green clay, Citrus aurantium amara leaf oil, Melaleuca viridiflora leaf oil, Litsea cubeba oil, (Allerg\u00e8nes naturels contenus dans les huiles essentielles: linalool, citral, limonene, geraniol).<\/em><\/p>\n<p><strong>Propri\u00e9t\u00e9s** des ingr\u00e9dients\u00a0utilis\u00e9s :<\/strong><br \/>\nHuiles v\u00e9g\u00e9tales : p\u00e9n\u00e9trante, hydratante, nourrissante, adoucissante, protectrice, cicatrisante.<br \/>\nHuiles essentielles : relaxante, raffermissante, protectrice, antifongique.<br \/>\nArgile verte : absorbante.<\/p>\n<p><em>** sources : Ma bible des huiles essentielles par Dani\u00e8le Festy \/ \u00ab\u00a0Le guide terre vivante des huiles essentielles\u00a0\u00bb par les Dr F.Couic Marinier &amp; Dr A.Touboul<\/em><\/p>\n","protected":false},"excerpt":{"rendered":"<p>Ce savon surgras &#8211; saponifi\u00e9 \u00e0 froid &#8211; \u00e0 base d&rsquo;huile d&rsquo;olive et de beurre de karit\u00e9 &#8211; est enrichi \u00e0 l&rsquo;huile de Noisette, color\u00e9 \u00e0 l&rsquo;argile verte et parfum\u00e9 aux huiles essentielles fra\u00eeches et toniques de petitgrain bigarade, niaouli et verveine exotique.<\/p>\n<p><strong>Conseill\u00e9 pour peau : <\/strong>Normales, mixtes \u00e0 grasses<br \/>\n<strong>Parfum\u00a0:<\/strong>\u00a0frais, herbac\u00e9, citronn\u00e9<br \/>\n<strong>Poids :<\/strong>\u00a065g minimum \u00e0 l&#8217;emballage<br \/>\n<b>Mention : <\/b><em>Nature &amp; Progr\u00e8s\u00a0<\/em><\/p>\n","protected":false},"featured_media":224,"comment_status":"open","ping_status":"closed","template":"","meta":{"_monsterinsights_skip_tracking":false,"_monsterinsights_sitenote_active":false,"_monsterinsights_sitenote_note":"","_monsterinsights_sitenote_category":0},"_links":{"self":[{"href":"https:\/\/soleil-de-mai.fr\/catalogue\/wp-json\/wp\/v2\/product\/1143"}],"collection":[{"href":"https:\/\/soleil-de-mai.fr\/catalogue\/wp-json\/wp\/v2\/product"}],"about":[{"href":"https:\/\/soleil-de-mai.fr\/catalogue\/wp-json\/wp\/v2\/types\/product"}],"replies":[{"embeddable":true,"href":"https:\/\/soleil-de-mai.fr\/catalogue\/wp-json\/wp\/v2\/comments?post=1143"}],"wp:featuredmedia":[{"embeddable":true,"href":"https:\/\/soleil-de-mai.fr\/catalogue\/wp-json\/wp\/v2\/media\/224"}],"wp:attachment":[{"href":"https:\/\/soleil-de-mai.fr\/catalogue\/wp-json\/wp\/v2\/media?parent=1143"}],"curies":[{"name":"wp","href":"https:\/\/api.w.org\/{rel}","templated":true}]}}