{"id":1157,"date":"2018-08-30T13:20:38","date_gmt":"2018-08-30T11:20:38","guid":{"rendered":"https:\/\/soleil-de-mai.fr\/catalogue\/?post_type=product&#038;p=1157"},"modified":"2025-05-02T11:14:54","modified_gmt":"2025-05-02T09:14:54","slug":"savon-lait-d-anesse-avoine-en-65g","status":"publish","type":"product","link":"https:\/\/soleil-de-mai.fr\/catalogue\/produits-naturels\/savons-surgras-naturels\/savon-lait-d-anesse-avoine-en-65g\/","title":{"rendered":"Savon Lait d\u2019\u00e2nesse &amp; Avoine en 65g"},"content":{"rendered":"<p><strong>Savon lait d&rsquo;\u00e2nesse et avoine &#8211; Savon naturel saponifi\u00e9 \u00e0 froid<\/strong><\/p>\n<p><strong>Engagements\u00a0<\/strong><br \/>\nFabrication artisanale par saponification \u00e0 froid &#8211; Sans huile de palme &#8211; Sans conservateurs &#8211; Sans parabens<br \/>\nLes savons Soleil de Mai sont sous <strong>mention <em>Nature &amp; Progr\u00e8s<\/em><\/strong>.<\/p>\n<p>Nous achetons le lait d&rsquo;\u00e2nesse \u00e0 une \u00e9leveuse du Lot, et produisons en fonction de ces \u00ab\u00a0surplus\u00a0\u00bb de stocks de lait.<br \/>\nLorsque ses \u00e2nons ont besoin du lait de leurs m\u00e8res, nous ne produisons plus de savons et attendons leur sevrage afin de ne pas les priver. Nous ne mettons pas plus de 15% de lait d&rsquo;\u00e2nesse dans nos savons afin d&rsquo;en assurer la stabilit\u00e9, plus il y a de liquide dans un savon plus il fondra rapidement &#8230;<\/p>\n<p><strong>Ingr\u00e9dients\u00a0<\/strong><em>(*issu de l&rsquo;Agriculture Biologique)<\/em><strong>\u00a0:<\/strong><br \/>\nHuiles v\u00e9g\u00e9tales* saponifi\u00e9es \u00e0 froid : Olive, Coco, Karit\u00e9<br \/>\nLaits d&rsquo;\u00e2nesse (15%) et d&rsquo;avoine (10%)<\/p>\n<p><em>Ingr\u00e9dients sous appellation INCI :\u00a0sodium Olivate, sodium Cocoate, sodium Sheabutterate, Glycerin, Asinae lac, Aqua and Avena sativa kernel flour.<\/em><\/p>\n<p><strong>Propri\u00e9t\u00e9s** des ingr\u00e9dients\u00a0utilis\u00e9s :<\/strong><br \/>\nHuiles v\u00e9g\u00e9tales :\u00a0hydratante, protectrice, nourrissante.<br \/>\nLaits : assouplissant.<\/p>\n<p><em>** sources : Ma bible des huiles essentielles par Dani\u00e8le Festy \/ \u00ab\u00a0Le guide terre vivante des huiles essentielles\u00a0\u00bb par les Dr F.Couic Marinier &amp; Dr A.Touboul<\/em><\/p>\n","protected":false},"excerpt":{"rendered":"<p>Ce savon surgras \u2013 saponifi\u00e9 \u00e0 froid \u2013 compos\u00e9 \u00e0 base d\u2019huile d\u2019olive vierge et de beurre de karit\u00e9, est enrichi au lait v\u00e9g\u00e9tal d&rsquo;avoine et au lait d&rsquo;\u00e2nesse du Lot. Sa mousse est douce et onctueuse, il est sans huiles essentielles, ce qui le rend id\u00e9al pour les peaux les plus sensibles, r\u00e9actives, intol\u00e9rantes, ou\/et les personnes allergiques.<\/p>\n<p><strong>Conseill\u00e9 pour peau : <\/strong>Fragile, intol\u00e9rante, s\u00e8che<br \/>\n<strong>Parfum\u00a0:<\/strong>\u00a0Neutre, v\u00e9g\u00e9tal<br \/>\n<strong>Poids :<\/strong>\u00a065g minimum \u00e0 l&#8217;emballage<br \/>\n<b>Mention :\u00a0<\/b><em>Nature &amp; Progr\u00e8s\u00a0<\/em><\/p>\n","protected":false},"featured_media":51,"comment_status":"open","ping_status":"closed","template":"","meta":{"_monsterinsights_skip_tracking":false,"_monsterinsights_sitenote_active":false,"_monsterinsights_sitenote_note":"","_monsterinsights_sitenote_category":0},"_links":{"self":[{"href":"https:\/\/soleil-de-mai.fr\/catalogue\/wp-json\/wp\/v2\/product\/1157"}],"collection":[{"href":"https:\/\/soleil-de-mai.fr\/catalogue\/wp-json\/wp\/v2\/product"}],"about":[{"href":"https:\/\/soleil-de-mai.fr\/catalogue\/wp-json\/wp\/v2\/types\/product"}],"replies":[{"embeddable":true,"href":"https:\/\/soleil-de-mai.fr\/catalogue\/wp-json\/wp\/v2\/comments?post=1157"}],"wp:featuredmedia":[{"embeddable":true,"href":"https:\/\/soleil-de-mai.fr\/catalogue\/wp-json\/wp\/v2\/media\/51"}],"wp:attachment":[{"href":"https:\/\/soleil-de-mai.fr\/catalogue\/wp-json\/wp\/v2\/media?parent=1157"}],"curies":[{"name":"wp","href":"https:\/\/api.w.org\/{rel}","templated":true}]}}