{"id":1200,"date":"2018-11-08T11:20:47","date_gmt":"2018-11-08T10:20:47","guid":{"rendered":"https:\/\/soleil-de-mai.fr\/catalogue\/?post_type=product&#038;p=1200"},"modified":"2025-03-18T10:58:30","modified_gmt":"2025-03-18T09:58:30","slug":"parfum-dambiance-orange-de-noel","status":"publish","type":"product","link":"https:\/\/soleil-de-mai.fr\/catalogue\/produits-naturels\/parfums-interieur-naturels\/parfum-dambiance-orange-de-noel\/","title":{"rendered":"Parfum d&rsquo;ambiance  Orange Cors\u00e9e"},"content":{"rendered":"<p>Compos\u00e9s d\u2019alcool de bl\u00e9*, d\u2019eaux florales* et d\u2019huiles* essentielles, nos parfums d\u2019int\u00e9rieur sont formul\u00e9s \u00e0 base d&rsquo;ingr\u00e9dients d&rsquo;origine 100% naturelle, &nbsp;et b\u00e9n\u00e9ficient des propri\u00e9t\u00e9s d\u2019aromath\u00e9rapie des plantes utilis\u00e9es.<\/p>\n<p>Les parfums d&rsquo;int\u00e9rieur Soleil de Mai&nbsp;<strong>ont re\u00e7u la mention Nature &amp; Progr\u00e8s<\/strong>.<\/p>\n<p><strong>Conseils d\u2019utilisation :&nbsp;<\/strong>Secouer le flacon afin d\u2019obtenir un m\u00e9lange homog\u00e8ne d\u2019huiles&nbsp;essentielles.<br \/>\nVaporiser dans l\u2019air pour parfumer sainement l\u2019int\u00e9rieur&nbsp;de vos maison, voiture, armoires, etc.<\/p>\n<p><strong>Pr\u00e9cautions d\u2019emploi <\/strong>(dues \u00e0 la pr\u00e9sence d&rsquo;alcool et d&rsquo;huiles essentielles) : Ne pas ing\u00e9rer. Tenir \u00e9loign\u00e9 de la chaleur, des surfaces chaudes, des \u00e9tincelles, des flammes nues et de toute autre source d&rsquo;inflammation. Ne pas fumer. Eviter le contact avec la peau et tout contact avec les yeux. Eviter le rejet dans l&rsquo;environnement. Tenir hors de port\u00e9e des enfants.<\/p>\n<p><strong>Ingr\u00e9dients&nbsp;:<\/strong>&nbsp;Alcool de bl\u00e9*, eau florale d\u2019oranger*, eau, huiles essentielles* d&rsquo;orange douce , bois de c\u00e8dre et cannelle (pr\u00e9sence d\u2019allerg\u00e8nes naturels : limonene, linalool, eugenol, citral, cinnamal, geraniol).<\/p>\n<p><em>* issus de l\u2019Agriculture Biologique<\/em><\/p>\n","protected":false},"excerpt":{"rendered":"<p>\u00b0\u00b0 Orange Cors\u00e9e\u00b0\u00b0 est un m\u00e9lange chaleureux qui allie la douceur sucr\u00e9e de l&rsquo;orange, la chaleur bois\u00e9e du c\u00e8dre et les notes \u00e9pic\u00e9es de la cannelle. Ce parfum traditionnel conviendra \u00e0 toutes les pi\u00e8ces de la maison et apportera un esprit festive. <strong>Huiles essentielles<\/strong> :\u00a0Orange douce,\u00a0c\u00e8dre, cannelle <strong>Propri\u00e9t\u00e9s* des composants<\/strong> : Apaisant, antiseptique a\u00e9rien.<strong> Parfum\u00a0:<\/strong>\u00a0Bois\u00e9,\u00a0orang\u00e9, \u00e9pic\u00e9 <strong>Poids :<\/strong> 100ml (contenu dans un flacon en verre ambr\u00e9 avec vaporisateur) <em>* sources : Ma bible des huiles essentielles par Dani\u00e8le Festy \/\u00a0* sources : \u00ab\u00a0Le guide terre vivante des huiles essentielles\u00a0\u00bb par les Dr F.Couic Marinier &amp; Dr A.Touboul<\/em><\/p>\n","protected":false},"featured_media":1640,"comment_status":"open","ping_status":"closed","template":"","meta":{"_monsterinsights_skip_tracking":false,"_monsterinsights_sitenote_active":false,"_monsterinsights_sitenote_note":"","_monsterinsights_sitenote_category":0},"_links":{"self":[{"href":"https:\/\/soleil-de-mai.fr\/catalogue\/wp-json\/wp\/v2\/product\/1200"}],"collection":[{"href":"https:\/\/soleil-de-mai.fr\/catalogue\/wp-json\/wp\/v2\/product"}],"about":[{"href":"https:\/\/soleil-de-mai.fr\/catalogue\/wp-json\/wp\/v2\/types\/product"}],"replies":[{"embeddable":true,"href":"https:\/\/soleil-de-mai.fr\/catalogue\/wp-json\/wp\/v2\/comments?post=1200"}],"wp:featuredmedia":[{"embeddable":true,"href":"https:\/\/soleil-de-mai.fr\/catalogue\/wp-json\/wp\/v2\/media\/1640"}],"wp:attachment":[{"href":"https:\/\/soleil-de-mai.fr\/catalogue\/wp-json\/wp\/v2\/media?parent=1200"}],"curies":[{"name":"wp","href":"https:\/\/api.w.org\/{rel}","templated":true}]}}