{"id":1202,"date":"2018-11-08T17:34:27","date_gmt":"2018-11-08T16:34:27","guid":{"rendered":"https:\/\/soleil-de-mai.fr\/catalogue\/?post_type=product&#038;p=1202"},"modified":"2019-12-11T08:17:41","modified_gmt":"2019-12-11T07:17:41","slug":"porte-savon-bleu-son-savon","status":"publish","type":"product","link":"https:\/\/soleil-de-mai.fr\/catalogue\/produits-naturels\/coffrets-cadeaux\/porte-savon-bleu-son-savon\/","title":{"rendered":"Porte-Savon Bleu &amp; son savon"},"content":{"rendered":"<p><strong>Engagements<br \/>\n<\/strong>Fabrication artisanale par saponification \u00e0 froid &#8211; Sans huile de palme &#8211; Sans conservateurs &#8211; Sans parabens<br \/>\nNon test\u00e9 sur les animaux &#8211;\u00a0Les savons Soleil de Mai ont re\u00e7u la\u00a0<strong>mention Nature &amp; Progr\u00e8s<\/strong>.<\/p>\n<p><strong>Description du Porte-Savon<br \/>\n<\/strong>&gt; dimension : 10cm * 10cm<br \/>\n&gt; forme : carr\u00e9<br \/>\n&gt; couleur : bleu<br \/>\n&gt; ouverture en forme de fleur au centre du porte-savon<\/p>\n<p><strong>Description du Savon<br \/>\n<\/strong>&gt; r\u00e9f\u00e9rence : savon avocat, argile blanche &amp; lavandin<em><br \/>\n<\/em>&gt; dimension : 6cm * 6cm * 2cm<br \/>\n&gt; poids : 65g \u00e0 70g<\/p>\n<p>Ce savon surgras\u00a0 \u2013 \u00e0 base d\u2019huile d\u2019olive et de beurre de karit\u00e9 \u2013 est enrichi \u00e0 l\u2019huile d\u2019Avocat et \u00e0 l\u2019Argile Blanche, color\u00e9 \u00e0 l\u2019indigo et parfum\u00e9 aux huiles essentielles suaves et aromatiques de Lavandin Super et de Girofle. Sa douceur conviendra \u00e0 toutes les peaux, et son parfum envo\u00fbtera les inconditionnels de la Lavande et amoureux de la Provence.<\/p>\n<p><strong>Ingr\u00e9dients du savon\u00a0<\/strong><em>(*issu de l\u2019Agriculture Biologique)<\/em><strong>\u00a0:<\/strong><br \/>\nHuiles v\u00e9g\u00e9tales* saponifi\u00e9es \u00e0 froid : Olive, Coco, Karit\u00e9<br \/>\nHuile* de surgraissage : Avocat<br \/>\nHuiles essentielles* : Lavandin Super et Clou de Girofle<br \/>\nArgile Blanche, Indigo<\/p>\n<p><em>Ingr\u00e9dients sous appellation INCI :\u00a0sodium Olivate, sodium Cocoate, sodium Sheabutterate, Glycerin, Aqua, Persea gratissima oil, Lavandula hybrida oil, Kaolin, Eugenia Caryophyllus stem Oil, Indigofera suffruticosa (allerg\u00e8nes naturels : limonene, linalool, eugenol, geraniol).<\/em><\/p>\n","protected":false},"excerpt":{"rendered":"<p>Offrez une touche de bleu \u00e0 votre salle de bain avec ce joli porte-savon accompagn\u00e9 de sa savonnette.<\/p>\n<p><strong>Composition de l&rsquo;assortiment<br \/>\n<\/strong><em>&gt; Porte-savon carr\u00e9 bleu en terre cuite et \u00e9maill\u00e9e. Fabrication artisanale en Dordogne par Les Arts d&rsquo;Oc.<br \/>\n&gt;\u00a0Savon surgras saponifi\u00e9 \u00e0 froid avocat &amp; lavandin. Fabrication artisanale en Lot et Garonne par\u00a0Soleil de Mai.<\/em><\/p>\n<p>Si vous souhaitez changer le savon, il suffit de le pr\u00e9ciser en commentaire lors de votre commande en indiquant la r\u00e9f\u00e9rence du savon que vous avez choisi \u00e0 la place.<\/p>\n","protected":false},"featured_media":1203,"comment_status":"open","ping_status":"closed","template":"","meta":{"_monsterinsights_skip_tracking":false,"_monsterinsights_sitenote_active":false,"_monsterinsights_sitenote_note":"","_monsterinsights_sitenote_category":0},"_links":{"self":[{"href":"https:\/\/soleil-de-mai.fr\/catalogue\/wp-json\/wp\/v2\/product\/1202"}],"collection":[{"href":"https:\/\/soleil-de-mai.fr\/catalogue\/wp-json\/wp\/v2\/product"}],"about":[{"href":"https:\/\/soleil-de-mai.fr\/catalogue\/wp-json\/wp\/v2\/types\/product"}],"replies":[{"embeddable":true,"href":"https:\/\/soleil-de-mai.fr\/catalogue\/wp-json\/wp\/v2\/comments?post=1202"}],"wp:featuredmedia":[{"embeddable":true,"href":"https:\/\/soleil-de-mai.fr\/catalogue\/wp-json\/wp\/v2\/media\/1203"}],"wp:attachment":[{"href":"https:\/\/soleil-de-mai.fr\/catalogue\/wp-json\/wp\/v2\/media?parent=1202"}],"curies":[{"name":"wp","href":"https:\/\/api.w.org\/{rel}","templated":true}]}}