{"id":121,"date":"2016-04-12T22:54:06","date_gmt":"2016-04-12T20:54:06","guid":{"rendered":"http:\/\/soleil-de-mai.fr\/boutique\/produits-naturels\/savons-naturels\/choco-cannelle\/"},"modified":"2026-03-30T09:34:18","modified_gmt":"2026-03-30T07:34:18","slug":"savon-chocolat-cannelle","status":"publish","type":"product","link":"https:\/\/soleil-de-mai.fr\/catalogue\/produits-naturels\/savons-surgras-naturels\/savon-chocolat-cannelle\/","title":{"rendered":"Savon Choco&rsquo;Cannelle"},"content":{"rendered":"<p><strong>Savon chocolat cannelle &#8211; Savon naturel saponifi\u00e9 \u00e0 froid eu Lot et Garonne<\/strong><\/p>\n<p><strong>Engagements\u00a0<\/strong><br \/>\nFabrication artisanale par saponification \u00e0 froid &#8211; Sans huile de palme &#8211; Sans conservateurs &#8211; Sans parabens<br \/>\nLes savons Soleil de Mai sont sous <strong>mention <em>Nature &amp; Progr\u00e8s<\/em><\/strong>.<\/p>\n<p><strong>Ingr\u00e9dients\u00a0<\/strong><em>(*issu de l&rsquo;Agriculture Biologique)<\/em><strong>\u00a0:<\/strong><br \/>\nHuiles v\u00e9g\u00e9tales* saponifi\u00e9es \u00e0 froid : Olive, Coco, Cacao, Tournesol<br \/>\nHuiles essentielles* : Cannelle de Chine<br \/>\nLait de coco, cacao en poudre et coco rapp\u00e9e<\/p>\n<p><em>Ingr\u00e9dients sous appellation INCI :\u00a0sodium Olivate, sodium Cocoate, sodium Cocoa Butterate, sodium Sunflowerate, Glycerin, Aqua, Cocos Nucifera Fruit Juice, Cocos Nucifera Fruit Powder, Theobroma cacao seed powder, Chinese cinnamon essential oil, cinnamal, coumarin.<\/em><\/p>\n<p><strong>Propri\u00e9t\u00e9s** des ingr\u00e9dients\u00a0utilis\u00e9s :<\/strong><br \/>\nHuiles v\u00e9g\u00e9tales :\u00a0hydratante, protectrice, nourrissante.<br \/>\nHuiles essentielles :\u00a0antibact\u00e9rienne.<br \/>\nPoudre de cacao &amp; coco : exfoliante.<br \/>\nLait : adoucissant, nourrissant.<\/p>\n<p><em>** sources : Ma bible des huiles essentielles par Dani\u00e8le Festy \/ \u00ab\u00a0Le guide terre vivante des huiles essentielles\u00a0\u00bb par les Dr F.Couic Marinier &amp; Dr A.Touboul<\/em><\/p>\n","protected":false},"excerpt":{"rendered":"<p>Ce savon surgras &#8211; saponifi\u00e9 \u00e0 froid &#8211; \u00e0 base d&rsquo;huile d&rsquo;olive et de beurre de cacao &#8211; est enrichi au lait de coco, color\u00e9 au chocolat (poudre de cacao) et parfum\u00e9 \u00e0 l&rsquo;huile essentielle de cannelle.<br \/>\nC&rsquo;est le savon pr\u00e9f\u00e9r\u00e9 des gourmands ! et\u00a0id\u00e9al pour la toilette des mains des enfants. D&rsquo;abord, parce qu&rsquo;ils l&rsquo;adorent et ne rechignent plus \u00e0 se laver les mains, et deuxi\u00e8mement, parce qu&rsquo;il donne une belle mousse parfum\u00e9e, d\u00e9sinfectante gr\u00e2ce \u00e0 la cannelle et d\u00e9sincruste les salet\u00e9s gr\u00e2ce \u00e0 la poudre de coco.<\/p>\n<p><strong>Conseill\u00e9 pour peau :<\/strong> normales, mixtes \u00e0 grasses<br \/>\n<strong>Parfum\u00a0:<\/strong> Cannelle &amp; Cacao<br \/>\n<strong>Poids :<\/strong> 100g minimum \u00e0 l&#8217;emballage<br \/>\n<strong>Mention : <\/strong><em>Nature &amp; Progr\u00e8s\u00a0<\/em><\/p>\n","protected":false},"featured_media":122,"comment_status":"open","ping_status":"closed","template":"","meta":{"_monsterinsights_skip_tracking":false,"_monsterinsights_sitenote_active":false,"_monsterinsights_sitenote_note":"","_monsterinsights_sitenote_category":0},"_links":{"self":[{"href":"https:\/\/soleil-de-mai.fr\/catalogue\/wp-json\/wp\/v2\/product\/121"}],"collection":[{"href":"https:\/\/soleil-de-mai.fr\/catalogue\/wp-json\/wp\/v2\/product"}],"about":[{"href":"https:\/\/soleil-de-mai.fr\/catalogue\/wp-json\/wp\/v2\/types\/product"}],"replies":[{"embeddable":true,"href":"https:\/\/soleil-de-mai.fr\/catalogue\/wp-json\/wp\/v2\/comments?post=121"}],"wp:featuredmedia":[{"embeddable":true,"href":"https:\/\/soleil-de-mai.fr\/catalogue\/wp-json\/wp\/v2\/media\/122"}],"wp:attachment":[{"href":"https:\/\/soleil-de-mai.fr\/catalogue\/wp-json\/wp\/v2\/media?parent=121"}],"curies":[{"name":"wp","href":"https:\/\/api.w.org\/{rel}","templated":true}]}}