{"id":1210,"date":"2018-11-08T20:26:23","date_gmt":"2018-11-08T19:26:23","guid":{"rendered":"https:\/\/soleil-de-mai.fr\/catalogue\/?post_type=product&#038;p=1210"},"modified":"2021-02-08T00:22:48","modified_gmt":"2021-02-07T23:22:48","slug":"porte-savon-vert-son-savon","status":"publish","type":"product","link":"https:\/\/soleil-de-mai.fr\/catalogue\/produits-naturels\/coffrets-cadeaux\/porte-savon-vert-son-savon\/","title":{"rendered":"Porte-Savon Vert &amp; son savon"},"content":{"rendered":"<p><strong>Engagements<br \/>\n<\/strong>Fabrication artisanale par saponification \u00e0 froid &#8211; Sans huile de palme &#8211; Sans conservateurs &#8211; Sans parabens<br \/>\nNon test\u00e9 sur les animaux &#8211;\u00a0Les savons Soleil de Mai ont re\u00e7u la\u00a0<strong>mention Nature &amp; Progr\u00e8s<\/strong>.<\/p>\n<p><strong>Description du Porte-Savon<br \/>\n<\/strong>&gt; dimension : 10cm * 10cm<br \/>\n&gt; forme : carr\u00e9 avec motifs de fleur incrust\u00e9s<br \/>\n&gt; couleur : vert clair<br \/>\n&gt; ouverture en forme de fleur au centre du porte-savon<\/p>\n<p><strong>Description du Savon<br \/>\n<\/strong>&gt; r\u00e9f\u00e9rence : savon agrumes et verveine exotique<em><br \/>\n<\/em>&gt; dimension : 6cm * 6cm * 2cm<br \/>\n&gt; poids : 65g \u00e0 70g<\/p>\n<p>Ce savon surgras \u2013 saponifi\u00e9 \u00e0 froid \u2013 \u00e0 base d\u2019huile d\u2019olive et de beurre de karit\u00e9 \u2013 est enrichi \u00e0 l\u2019huile de Noisette, color\u00e9 \u00e0 l\u2019argile verte et parfum\u00e9 aux huiles essentielles fra\u00eeches et toniques de petitgrain bigarade, niaouli et verveine exotique.<\/p>\n<p><strong>Ingr\u00e9dients du savon\u00a0<\/strong><em>(*issus de l\u2019Agriculture Biologique)<\/em><strong>\u00a0:<\/strong><br \/>\nHuiles v\u00e9g\u00e9tales* saponifi\u00e9es \u00e0 froid : Olive, Coco, Karit\u00e9<br \/>\nHuile* de surgraissage :\u00a0Noisette<br \/>\nHuiles essentielles* : Petitgrain (oranger), Niaouli, Litsea Cubeba (verveine exotique)<br \/>\nArgile Verte<br \/>\n<em>Ingr\u00e9dients sous appellation INCI :\u00a0sodium Olivate, sodium Cocoate, sodium Sheabutterate, Glycerin, Aqua, Corylus Avellana Seed Oil, Illite green clay, Citrus aurantium amara leaf oil, Melaleuca viridiflora leaf oil, Litsea cubeba oil, (Allerg\u00e8nes naturels contenus dans les huiles essentielles: linalool, citral, limonene, geraniol).<\/em><\/p>\n","protected":false},"excerpt":{"rendered":"<p>Offrez une touche de vert \u00e0 votre salle de bain avec ce joli porte-savon accompagn\u00e9 de sa savonnette.<\/p>\n<p><strong>Composition de l&rsquo;assortiment<br \/>\n<\/strong><em>&gt; Porte-savon carr\u00e9 vert clair avec motif de fleur incrust\u00e9 en terre cuite et \u00e9maill\u00e9e.<br \/>\nFabrication artisanale en Dordogne par Les Arts d&rsquo;Oc.<br \/>\n&gt;\u00a0Savon surgras saponifi\u00e9 \u00e0 froid agrumes et verveine exotique.<br \/>\nFabrication artisanale en Lot et Garonne par\u00a0Soleil de Mai.<\/em><\/p>\n<p>Si vous souhaitez changer le savon, il suffit de le pr\u00e9ciser en commentaire lors de votre commande en indiquant la r\u00e9f\u00e9rence du savon que vous avez choisi \u00e0 la place.<\/p>\n","protected":false},"featured_media":1207,"comment_status":"open","ping_status":"closed","template":"","meta":{"_monsterinsights_skip_tracking":false,"_monsterinsights_sitenote_active":false,"_monsterinsights_sitenote_note":"","_monsterinsights_sitenote_category":0},"_links":{"self":[{"href":"https:\/\/soleil-de-mai.fr\/catalogue\/wp-json\/wp\/v2\/product\/1210"}],"collection":[{"href":"https:\/\/soleil-de-mai.fr\/catalogue\/wp-json\/wp\/v2\/product"}],"about":[{"href":"https:\/\/soleil-de-mai.fr\/catalogue\/wp-json\/wp\/v2\/types\/product"}],"replies":[{"embeddable":true,"href":"https:\/\/soleil-de-mai.fr\/catalogue\/wp-json\/wp\/v2\/comments?post=1210"}],"wp:featuredmedia":[{"embeddable":true,"href":"https:\/\/soleil-de-mai.fr\/catalogue\/wp-json\/wp\/v2\/media\/1207"}],"wp:attachment":[{"href":"https:\/\/soleil-de-mai.fr\/catalogue\/wp-json\/wp\/v2\/media?parent=1210"}],"curies":[{"name":"wp","href":"https:\/\/api.w.org\/{rel}","templated":true}]}}