{"id":1211,"date":"2018-11-08T20:34:18","date_gmt":"2018-11-08T19:34:18","guid":{"rendered":"https:\/\/soleil-de-mai.fr\/catalogue\/?post_type=product&#038;p=1211"},"modified":"2020-11-28T19:51:43","modified_gmt":"2020-11-28T18:51:43","slug":"porte-savon-jaune-son-savon","status":"publish","type":"product","link":"https:\/\/soleil-de-mai.fr\/catalogue\/produits-naturels\/coffrets-cadeaux\/porte-savon-jaune-son-savon\/","title":{"rendered":"Porte-Savon Jaune &amp; son savon"},"content":{"rendered":"<p><strong>Engagements<br \/>\n<\/strong>Fabrication artisanale par saponification \u00e0 froid &#8211; Sans huile de palme &#8211; Sans conservateurs &#8211; Sans parabens<br \/>\nNon test\u00e9 sur les animaux &#8211;\u00a0Les savons Soleil de Mai ont re\u00e7u la\u00a0<strong>mention Nature &amp; Progr\u00e8s<\/strong>.<\/p>\n<p><strong>Description du Porte-Savon<br \/>\n<\/strong>&gt; dimension : 10cm * 10cm<br \/>\n&gt; forme : carr\u00e9 incrust\u00e9 d&rsquo;imprim\u00e9 fleuri<br \/>\n&gt; couleur : jaune<br \/>\n&gt; ouverture en forme de fleur au centre du porte-savon<\/p>\n<p><strong>Description du Savon<br \/>\n<\/strong>&gt; r\u00e9f\u00e9rence : savon olive &amp; argile verte<em><br \/>\n<\/em>&gt; dimension : 6cm * 6cm * 2cm<br \/>\n&gt; poids : 65g \u00e0 70g<\/p>\n<p>Ce savon surgras \u2013 saponifi\u00e9 \u00e0 froid \u2013 est compos\u00e9 uniquement \u00e0 base d\u2019huile d\u2019olive vierge bio et d\u2019argile verte fran\u00e7aise.C\u2019est LE savon de base, l\u2019anc\u00eatre, l\u2019ind\u00e9modable ! Il ne mousse presque pas, est sans huiles essentielles, ce qui le rend id\u00e9al pour les peaux les plus sensibles, r\u00e9actives, intol\u00e9rantes, ou\/et les personnes allergiques.<\/p>\n<p><strong>Ingr\u00e9dients du savon\u00a0<\/strong><em>(*issu de l\u2019Agriculture Biologique)<\/em><strong>\u00a0:<\/strong><br \/>\nHuile v\u00e9g\u00e9tale* saponifi\u00e9e \u00e0 froid d\u2019Olive vierge<br \/>\nArgile Verte<\/p>\n<p><em>Ingr\u00e9dients sous appellation INCI :\u00a0sodium Olivate, Glycerin, Aqua, Illite green clay.<\/em><\/p>\n","protected":false},"excerpt":{"rendered":"<p>Offrez une touche de jaune \u00e0 votre salle de bain avec ce joli porte-savon accompagn\u00e9 de sa savonnette.<\/p>\n<p><strong>Composition de l&rsquo;assortiment<br \/>\n<\/strong><em>&gt; Porte-savon carr\u00e9 jaune motif de fleur incrust\u00e9 en terre cuite et \u00e9maill\u00e9e. Fabrication artisanale en Dordogne par Les Arts d&rsquo;Oc.<br \/>\n&gt;\u00a0Savon surgras saponifi\u00e9 \u00e0 froid olive &amp; argile verte. Fabrication artisanale en Lot et Garonne par\u00a0Soleil de Mai.<\/em><\/p>\n<p>Si vous souhaitez changer le savon, il suffit de le pr\u00e9ciser en commentaire lors de votre commande en indiquant la r\u00e9f\u00e9rence du savon que vous avez choisi \u00e0 la place.<\/p>\n","protected":false},"featured_media":1205,"comment_status":"open","ping_status":"closed","template":"","meta":{"_monsterinsights_skip_tracking":false,"_monsterinsights_sitenote_active":false,"_monsterinsights_sitenote_note":"","_monsterinsights_sitenote_category":0},"_links":{"self":[{"href":"https:\/\/soleil-de-mai.fr\/catalogue\/wp-json\/wp\/v2\/product\/1211"}],"collection":[{"href":"https:\/\/soleil-de-mai.fr\/catalogue\/wp-json\/wp\/v2\/product"}],"about":[{"href":"https:\/\/soleil-de-mai.fr\/catalogue\/wp-json\/wp\/v2\/types\/product"}],"replies":[{"embeddable":true,"href":"https:\/\/soleil-de-mai.fr\/catalogue\/wp-json\/wp\/v2\/comments?post=1211"}],"wp:featuredmedia":[{"embeddable":true,"href":"https:\/\/soleil-de-mai.fr\/catalogue\/wp-json\/wp\/v2\/media\/1205"}],"wp:attachment":[{"href":"https:\/\/soleil-de-mai.fr\/catalogue\/wp-json\/wp\/v2\/media?parent=1211"}],"curies":[{"name":"wp","href":"https:\/\/api.w.org\/{rel}","templated":true}]}}