{"id":1217,"date":"2018-11-11T19:32:53","date_gmt":"2018-11-11T18:32:53","guid":{"rendered":"https:\/\/soleil-de-mai.fr\/catalogue\/?post_type=product&#038;p=1217"},"modified":"2020-11-04T17:14:34","modified_gmt":"2020-11-04T16:14:34","slug":"coffret-rasage-au-naturel-peaux-sensibles","status":"publish","type":"product","link":"https:\/\/soleil-de-mai.fr\/catalogue\/produits-naturels\/coffrets-cadeaux\/coffret-rasage-au-naturel-peaux-sensibles\/","title":{"rendered":"Coffret Rasage au naturel &#8211; Peaux Sensibles"},"content":{"rendered":"<p><strong>Engagements<br \/>\n<\/strong>Fabrication artisanale par saponification \u00e0 froid &#8211; Sans huile de palme &#8211; Sans conservateurs &#8211; Sans parabens<br \/>\nNon test\u00e9 sur les animaux &#8211;\u00a0Les savons Soleil de Mai ont re\u00e7u la\u00a0<strong>mention Nature &amp; Progr\u00e8s<\/strong>.<\/p>\n<p><strong>Composition du coffret<br \/>\n<\/strong>Coffret kraft naturel comprenant 1 savon de rasage de 100g dans sa bo\u00eete en aluminium (dimension 8cm)<br \/>\net une brosse de rasage (bois &amp; poils naturels).<\/p>\n<p><strong>Ingr\u00e9dients\u00a0<\/strong><em>(*issu de l&rsquo;Agriculture Biologique)<\/em><strong>\u00a0:<\/strong><br \/>\nHuiles v\u00e9g\u00e9tales* saponifi\u00e9es \u00e0 froid : Olive, Coco, Karit\u00e9<br \/>\nHuile* de surgraissage : Avocat<br \/>\nHuiles essentielles* : Lavandin Super et Clou de Girofle<br \/>\nArgile Blanche, Indigo<\/p>\n<p><em>Ingr\u00e9dients sous appellation INCI :\u00a0sodium Olivate, sodium Cocoate, sodium Sheabutterate, Glycerin, Aqua, Persea gratissima oil, Lavandula hybrida oil, Kaolin, Eugenia Caryophyllus stem Oil, Indigofera suffruticosa (allerg\u00e8nes naturels : limonene, linalool, eugenol, geraniol).<\/em><\/p>\n<p><strong>Propri\u00e9t\u00e9s** des ingr\u00e9dients\u00a0utilis\u00e9s :<\/strong><br \/>\nHuiles v\u00e9g\u00e9tales :\u00a0r\u00e9g\u00e9n\u00e9rante, r\u00e9paratrice, hydratante, protectrice, cicatrisante, nourrissante.<br \/>\nHuiles essentielles :\u00a0antiseptique, anesth\u00e9siante, antibact\u00e9rienne, cicatrisante.<br \/>\nArgile blanche : absorbante, apaisante.<br \/>\nPlante tinctoriale : Indigo.<\/p>\n<p>Ce savon sert aussi de savon de rasage pour peau sensible\u00a0en\u00a0calmant** le feu du rasoir et en d\u00e9sinfectant** les micro-coupures.<\/p>\n<p><em>** sources : Ma bible des huiles essentielles par Dani\u00e8le Festy \/ \u00ab\u00a0Le guide terre vivante des huiles essentielles\u00a0\u00bb par les Dr F.Couic Marinier &amp; Dr A.Touboul<\/em><\/p>\n","protected":false},"excerpt":{"rendered":"<p>Ce coffret est compos\u00e9 d&rsquo;une bo\u00eete m\u00e9tallique contenant un savon de\u00a0rasage \u00e0 l&rsquo;argile blanche, enrichi \u00e0 l&rsquo;huile d&rsquo;avocat et parfum\u00e9 au Lavandin et d&rsquo;une brosse de rasage naturelle. Cet assortiment\u00a0comblera les hommes\u00a0 \u00e0 la peau sensible et r\u00e9active qui trouveront un r\u00e9confort et un bien-\u00eatre durant le rasage. <strong>Conseill\u00e9 pour peau :<\/strong>\u00a0\u00a0sensibles ou r\u00e9actives <strong>Parfum\u00a0:<\/strong>\u00a0 \u00a0typique de la Lavande <strong>Poids :<\/strong> savon de 100g <b>Mention :\u00a0<\/b><em>Nature &amp; Progr\u00e8s<\/em><\/p>\n","protected":false},"featured_media":1218,"comment_status":"open","ping_status":"closed","template":"","meta":{"_monsterinsights_skip_tracking":false,"_monsterinsights_sitenote_active":false,"_monsterinsights_sitenote_note":"","_monsterinsights_sitenote_category":0},"_links":{"self":[{"href":"https:\/\/soleil-de-mai.fr\/catalogue\/wp-json\/wp\/v2\/product\/1217"}],"collection":[{"href":"https:\/\/soleil-de-mai.fr\/catalogue\/wp-json\/wp\/v2\/product"}],"about":[{"href":"https:\/\/soleil-de-mai.fr\/catalogue\/wp-json\/wp\/v2\/types\/product"}],"replies":[{"embeddable":true,"href":"https:\/\/soleil-de-mai.fr\/catalogue\/wp-json\/wp\/v2\/comments?post=1217"}],"wp:featuredmedia":[{"embeddable":true,"href":"https:\/\/soleil-de-mai.fr\/catalogue\/wp-json\/wp\/v2\/media\/1218"}],"wp:attachment":[{"href":"https:\/\/soleil-de-mai.fr\/catalogue\/wp-json\/wp\/v2\/media?parent=1217"}],"curies":[{"name":"wp","href":"https:\/\/api.w.org\/{rel}","templated":true}]}}