{"id":123,"date":"2016-04-12T23:12:51","date_gmt":"2016-04-12T21:12:51","guid":{"rendered":"http:\/\/soleil-de-mai.fr\/boutique\/produits-naturels\/savons-naturels\/sesame-henne\/"},"modified":"2026-05-09T10:36:20","modified_gmt":"2026-05-09T08:36:20","slug":"savon-romarin-sesame-henne","status":"publish","type":"product","link":"https:\/\/soleil-de-mai.fr\/catalogue\/produits-naturels\/savons-surgras-naturels\/savon-romarin-sesame-henne\/","title":{"rendered":"Savon Shampoing Romarin, S\u00e9same &amp; Henn\u00e9"},"content":{"rendered":"<p><strong>Savon romarin s\u00e9same henn\u00e9 &#8211; Savon naturel saponifi\u00e9 \u00e0 froid en Lot et Garonne<\/strong><\/p>\n<p><strong>Engagements\u00a0<\/strong><br \/>\nFabrication artisanale par saponification \u00e0 froid &#8211; Sans huile de palme &#8211; Sans conservateurs &#8211; Sans parabens<br \/>\nLes savons Soleil de Mai sont sous <strong>mention <em>Nature &amp; Progr\u00e8s<\/em><\/strong>.<\/p>\n<p><strong>Ingr\u00e9dients\u00a0<\/strong><em>(*issu de l&rsquo;Agriculture Biologique)<\/em><strong>\u00a0:<\/strong><br \/>\nHuiles v\u00e9g\u00e9tales* saponifi\u00e9es \u00e0 froid : Olive, Coco, Karit\u00e9, S\u00e9same<br \/>\nHuiles essentielles* : Bois de c\u00e8dre et Romarin<br \/>\nHenn\u00e9 d&rsquo;Egypte<br \/>\n<em>Ingr\u00e9dients sous appellation INCI :\u00a0sodium Olivate, sodium Cocoate, Sodium Sesameseedate, sodium Sheabutterate, Glycerin, Aqua, Rosmarinus officinalis oil, Lawsonia Inermis (Henna), Cedrus atlantica bark oil (allerg\u00e8nes naturels : limonene, linalool, citral).<\/em><\/p>\n<p><strong>Propri\u00e9t\u00e9s** des ingr\u00e9dients\u00a0utilis\u00e9s :<\/strong><br \/>\nHuiles v\u00e9g\u00e9tales :\u00a0restructurante, hydratante, nourrissante, adoucissante, protectrice.<br \/>\nHuiles essentielles :\u00a0tonifiante, antis\u00e9borrh\u00e9ique, antiseptique, stimulante .<br \/>\nHenn\u00e9 : antifongique, tonifiant.<\/p>\n<p><em>** sources : Ma bible des huiles essentielles par Dani\u00e8le Festy \/ \u00ab\u00a0Le guide terre vivante des huiles essentielles\u00a0\u00bb par les Dr F.Couic Marinier &amp; Dr A.Touboul<\/em><\/p>\n","protected":false},"excerpt":{"rendered":"<p>Ce savon surgras &#8211; saponifi\u00e9 \u00e0 froid &#8211; \u00e0 base d&rsquo;huile d&rsquo;olive et de beurre de karit\u00e9 &#8211; est enrichi \u00e0 l&rsquo;huile de S\u00e9same, color\u00e9 au henn\u00e9 et parfum\u00e9 aux huiles essentielles\u00a0aromatiques de romarin et de bois de c\u00e8dre. Ce savon est le plus moussant de la gamme Soleil de Mai, il pla\u00eet particuli\u00e8rement aux hommes qui veulent un savon aux multiples usages : rasage, shampoing, toilette. Sa synergie d&rsquo;huiles essentielles a \u00e9t\u00e9 formul\u00e9e pour son effet stimulant sur le cuir chevelu. Et rassurez-vous, la pr\u00e9sence de henn\u00e9 ne colore pas les cheveux !<\/p>\n<p><strong>Conseill\u00e9 pour peau :<\/strong> mixtes \u00e0 grasses<br \/>\n<strong>Le plus :<\/strong> Savon, rasage et shampoing solide<br \/>\n<strong>Parfum\u00a0:<\/strong> Romarin et C\u00e8dre<br \/>\n<strong>Poids :<\/strong> 100g minimum \u00e0 l&#8217;emballage<br \/>\n<strong>Mention :\u00a0<\/strong><em>Nature &amp; Progr\u00e8s\u00a0<\/em><\/p>\n","protected":false},"featured_media":124,"comment_status":"open","ping_status":"closed","template":"","meta":{"_monsterinsights_skip_tracking":false,"_monsterinsights_sitenote_active":false,"_monsterinsights_sitenote_note":"","_monsterinsights_sitenote_category":0},"_links":{"self":[{"href":"https:\/\/soleil-de-mai.fr\/catalogue\/wp-json\/wp\/v2\/product\/123"}],"collection":[{"href":"https:\/\/soleil-de-mai.fr\/catalogue\/wp-json\/wp\/v2\/product"}],"about":[{"href":"https:\/\/soleil-de-mai.fr\/catalogue\/wp-json\/wp\/v2\/types\/product"}],"replies":[{"embeddable":true,"href":"https:\/\/soleil-de-mai.fr\/catalogue\/wp-json\/wp\/v2\/comments?post=123"}],"wp:featuredmedia":[{"embeddable":true,"href":"https:\/\/soleil-de-mai.fr\/catalogue\/wp-json\/wp\/v2\/media\/124"}],"wp:attachment":[{"href":"https:\/\/soleil-de-mai.fr\/catalogue\/wp-json\/wp\/v2\/media?parent=123"}],"curies":[{"name":"wp","href":"https:\/\/api.w.org\/{rel}","templated":true}]}}