{"id":1233,"date":"2018-11-22T22:37:44","date_gmt":"2018-11-22T21:37:44","guid":{"rendered":"https:\/\/soleil-de-mai.fr\/catalogue\/?post_type=product&#038;p=1233"},"modified":"2020-12-07T13:41:08","modified_gmt":"2020-12-07T12:41:08","slug":"pochette-bougie-parfum-orange-cannelle","status":"publish","type":"product","link":"https:\/\/soleil-de-mai.fr\/catalogue\/produits-naturels\/coffrets-cadeaux\/pochette-bougie-parfum-orange-cannelle\/","title":{"rendered":"Pochette cadeau &#8211; Bougie &#038; Parfum d&rsquo;int\u00e9rieur Orange de No\u00ebl"},"content":{"rendered":"<p><strong>Engagements<br \/>\n<\/strong>Fabrication artisanale fran\u00e7aise -Respect des recommandations IFRA &#8211; Sans Phtalates &#8211; Composition d&rsquo;origine 100% naturelle<br \/>\nNon test\u00e9 sur les animaux &#8211;&nbsp;Les senteurs Soleil de Mai ont re\u00e7u les&nbsp;<strong>mentions Nature &amp; Progr\u00e8s et Slow Cosm\u00e9tique<\/strong>.<\/p>\n<p><strong>Composition du coffret<br \/>\n<\/strong>Pochette en kraft naturel comprenant 1 bougie parfum\u00e9e aux huiles essentielles bio et un parfum d&rsquo;int\u00e9rieur v\u00e9g\u00e9tale aux eaux florales et huiles essentielles bio.<\/p>\n<p><strong>Ingr\u00e9dients<\/strong>&nbsp;<em>(* issus de l\u2019Agriculture Biologique)<\/em><br \/>\n<em>Ingr\u00e9dients du parfum d&rsquo;int\u00e9rieur :&nbsp;<\/em>Alcool de bl\u00e9*, eau florale d\u2019oranger*, eau, huiles essentielles* d&rsquo;orange douce , bois de c\u00e8dre et cannelle <em>(pr\u00e9sence d\u2019allerg\u00e8nes naturels : limonene, linalool, eugenol, citral, cinnamal, geraniol).<\/em><br \/>\n<em>Ingr\u00e9dients de la bougie :<\/em>&nbsp;Cire de Soja &#8211; Huiles essentielles* d&rsquo;orange douce, de bois de c\u00e8dre et de cannelle.<\/p>\n<p><strong>D\u00e9tails :<br \/>\n<\/strong><em>Dur\u00e9e de combustion de la bougie :<\/em>&nbsp;+\/- 25 heures<br \/>\nBougie : 100g de cire parfum\u00e9e contenu dans un verre satin\u00e9 (hauteur 8,5 cm &#8211; diam\u00e8tre 7 cm)<br \/>\nParfum d&rsquo;int\u00e9rieur : 100ml contenu dans un flacon avec vaporisateur (hauteur 17,5 cm &#8211; diam\u00e8tre 3,5 cm)<\/p>\n","protected":false},"excerpt":{"rendered":"<p>Cette pochette cadeau est compos\u00e9e d&rsquo;une bougie parfum\u00e9e et d&rsquo;un parfum d&rsquo;int\u00e9rieur senteur aux senteurs de No\u00ebl. \u00b0\u00b0 Orange de No\u00ebl \u00b0\u00b0 est un m\u00e9lange chaleureux qui allie la douceur sucr\u00e9e de l&rsquo;orange, la chaleur bois\u00e9e du c\u00e8dre et les notes \u00e9pic\u00e9es de la cannelle. Ce parfum traditionnel\u00a0conviendra \u00e0 toutes les pi\u00e8ces de la maison et donnera un esprit de f\u00eate.<\/p>\n<p><strong>Huiles essentielles<\/strong>\u00a0:\u00a0Orange douce,\u00a0c\u00e8dre, cannelle<strong> <br \/>Senteur :<\/strong>\u00a0 douce &amp; chaleureuse \/ Orang\u00e9e, bois\u00e9e et \u00e9pic\u00e9e <br \/><b>Mentions : <\/b><em>\u00a0Nature &amp; Progr\u00e8s<\/em><\/p>\n","protected":false},"featured_media":1238,"comment_status":"open","ping_status":"closed","template":"","meta":{"_monsterinsights_skip_tracking":false,"_monsterinsights_sitenote_active":false,"_monsterinsights_sitenote_note":"","_monsterinsights_sitenote_category":0},"_links":{"self":[{"href":"https:\/\/soleil-de-mai.fr\/catalogue\/wp-json\/wp\/v2\/product\/1233"}],"collection":[{"href":"https:\/\/soleil-de-mai.fr\/catalogue\/wp-json\/wp\/v2\/product"}],"about":[{"href":"https:\/\/soleil-de-mai.fr\/catalogue\/wp-json\/wp\/v2\/types\/product"}],"replies":[{"embeddable":true,"href":"https:\/\/soleil-de-mai.fr\/catalogue\/wp-json\/wp\/v2\/comments?post=1233"}],"wp:featuredmedia":[{"embeddable":true,"href":"https:\/\/soleil-de-mai.fr\/catalogue\/wp-json\/wp\/v2\/media\/1238"}],"wp:attachment":[{"href":"https:\/\/soleil-de-mai.fr\/catalogue\/wp-json\/wp\/v2\/media?parent=1233"}],"curies":[{"name":"wp","href":"https:\/\/api.w.org\/{rel}","templated":true}]}}