{"id":1239,"date":"2018-11-26T20:20:54","date_gmt":"2018-11-26T19:20:54","guid":{"rendered":"https:\/\/soleil-de-mai.fr\/catalogue\/?post_type=product&#038;p=1239"},"modified":"2023-03-23T13:33:54","modified_gmt":"2023-03-23T12:33:54","slug":"pochette-cadeau-bougie-parfum-d-interieur-lavande","status":"publish","type":"product","link":"https:\/\/soleil-de-mai.fr\/catalogue\/produits-naturels\/coffrets-cadeaux\/pochette-cadeau-bougie-parfum-d-interieur-lavande\/","title":{"rendered":"Pochette cadeau &#8211; Bougie &#038; Parfum d&rsquo;int\u00e9rieur Lavande \u00e9pic\u00e9e"},"content":{"rendered":"<p><strong>Engagements<br \/>\n<\/strong>Fabrication artisanale fran\u00e7aise -Respect des recommandations IFRA &#8211; Sans Phtalates &#8211; Composition d&rsquo;origine 100% naturelle<br \/>\nNon test\u00e9 sur les animaux &#8211;&nbsp;Les senteurs Soleil de Mai ont re\u00e7u les&nbsp;<strong>mentions Nature &amp; Progr\u00e8s et Slow Cosm\u00e9tique<\/strong>.<\/p>\n<p><strong>Composition du coffret<br \/>\n<\/strong>Pochette en kraft naturel comprenant 1 bougie parfum\u00e9e aux huiles essentielles bio et un parfum d&rsquo;int\u00e9rieur v\u00e9g\u00e9tale aux eaux florales et huiles essentielles bio.<\/p>\n<p><strong>Ingr\u00e9dients<\/strong>&nbsp;<em>(* issus de l\u2019Agriculture Biologique)<\/em><br \/>\n<em>Ingr\u00e9dients du parfum d&rsquo;int\u00e9rieur :&nbsp;<\/em>Alcool de bl\u00e9*,&nbsp;eau florale de lavande*, huiles essentielles* de lavandin super et de girofle <em>(pr\u00e9sence d\u2019allerg\u00e8nes naturels : limonene, linalool, g\u00e9raniol, eug\u00e9nol, coumarine).<\/em><br \/>\n<em>Ingr\u00e9dients de la bougie :<\/em>&nbsp;Cire de Soja &#8211; Huiles essentielles*&nbsp;de lavandin super et de girofle.<\/p>\n<p><strong>D\u00e9tails :<br \/>\n<\/strong><em>Dur\u00e9e de combustion de la bougie :<\/em>&nbsp;+\/- 25 heures<br \/>\nBougie : 100g de cire parfum\u00e9e contenu dans un verre satin\u00e9 (hauteur 8,5 cm &#8211; diam\u00e8tre 7 cm)<br \/>\nParfum d&rsquo;int\u00e9rieur : 100ml contenu dans un flacon avec vaporisateur (hauteur 17,5 cm &#8211; diam\u00e8tre 3,5 cm)<\/p>\n","protected":false},"excerpt":{"rendered":"<p>Cette pochette cadeau est compos\u00e9e d&rsquo;une bougie parfum\u00e9e et d&rsquo;un parfum d&rsquo;int\u00e9rieur aux senteurs de lavande. \u00b0\u00b0 Lavande \u00e9pic\u00e9e\u00b0\u00b0 est un m\u00e9lange chaleureux des notes envo\u00fbtantes et fleuries de la lavande et des effluves suaves de la girofle. Ce parfum traditionnel\u00a0conviendra aussi bien dans une entr\u00e9e, une salle de bain, une chambre ou\u00a0un salon. \u00a0 <strong>Huiles essentielles<\/strong>\u00a0:\u00a0Lavandin super et de clou de girofle<strong> Senteur :<\/strong>\u00a0\u00a0aromatique, fleuri et \u00e9pic\u00e9, aux notes de Lavande et girofle <b>Mentions : <\/b><em>Slow Cosm\u00e9tique, Nature &amp; Progr\u00e8s<\/em><\/p>\n","protected":false},"featured_media":1240,"comment_status":"open","ping_status":"closed","template":"","meta":{"_monsterinsights_skip_tracking":false,"_monsterinsights_sitenote_active":false,"_monsterinsights_sitenote_note":"","_monsterinsights_sitenote_category":0},"_links":{"self":[{"href":"https:\/\/soleil-de-mai.fr\/catalogue\/wp-json\/wp\/v2\/product\/1239"}],"collection":[{"href":"https:\/\/soleil-de-mai.fr\/catalogue\/wp-json\/wp\/v2\/product"}],"about":[{"href":"https:\/\/soleil-de-mai.fr\/catalogue\/wp-json\/wp\/v2\/types\/product"}],"replies":[{"embeddable":true,"href":"https:\/\/soleil-de-mai.fr\/catalogue\/wp-json\/wp\/v2\/comments?post=1239"}],"wp:featuredmedia":[{"embeddable":true,"href":"https:\/\/soleil-de-mai.fr\/catalogue\/wp-json\/wp\/v2\/media\/1240"}],"wp:attachment":[{"href":"https:\/\/soleil-de-mai.fr\/catalogue\/wp-json\/wp\/v2\/media?parent=1239"}],"curies":[{"name":"wp","href":"https:\/\/api.w.org\/{rel}","templated":true}]}}