{"id":125,"date":"2016-04-12T23:22:37","date_gmt":"2016-04-12T21:22:37","guid":{"rendered":"http:\/\/soleil-de-mai.fr\/boutique\/produits-naturels\/savons-naturels\/menthe-spiruline\/"},"modified":"2026-01-27T10:29:16","modified_gmt":"2026-01-27T09:29:16","slug":"savon-menthe-spiruline","status":"publish","type":"product","link":"https:\/\/soleil-de-mai.fr\/catalogue\/produits-naturels\/savons-surgras-naturels\/savon-menthe-spiruline\/","title":{"rendered":"Savon Menthe &amp; Spiruline"},"content":{"rendered":"<p><strong>Savon menthe spiruline &#8211; Savon naturel saponifi\u00e9 \u00e0 froid en Lot et Garonne<\/strong><\/p>\n<p><strong>Engagements\u00a0<\/strong><\/p>\n<p>Fabrication artisanale par saponification \u00e0 froid &#8211; Garanti sans produits pr\u00e9occupants pour la sant\u00e9 ou source de pol\u00e9mique environnementale.<br \/>\nLes savons Soleil de Mai sont sous <strong>mention <em>Nature &amp; Progr\u00e8s<\/em><\/strong>.<\/p>\n<p><strong>Ingr\u00e9dients\u00a0<\/strong><em>(*issu de l&rsquo;Agriculture Biologique)<\/em><strong>\u00a0:<\/strong><br \/>\nHuiles v\u00e9g\u00e9tales* saponifi\u00e9es \u00e0 froid : Olive, Coco, Karit\u00e9<br \/>\nHuiles essentielles* : Menthe des champs, Lits\u00e9e citronn\u00e9e (verveine exotique)<br \/>\nSpiruline (micro-algue).<\/p>\n<p><strong>Propri\u00e9t\u00e9s** des ingr\u00e9dients\u00a0utilis\u00e9s :<\/strong><br \/>\nHuiles v\u00e9g\u00e9tales : hydratante, protectrice, nourrissante.<br \/>\nHuiles essentielles : rafra\u00eechissante, calme les d\u00e9mangeaisons, relaxante, anti-inflammatoire.<br \/>\nSpiruline : revitalisant, fortifiant, stimulant.<\/p>\n<p><em>Ingr\u00e9dients sous appellation INCI : sodium Olivate, sodium Cocoate, sodium Sheabutterate, Glycerin, Aqua, Mentha arvensis flower\/leaf extract, Spirulina platensis powder, Litsea Cubeba Oil (allerg\u00e8nes naturels des Huiles essentielles : citral, limonene, linalool, geraniol).<\/em><\/p>\n<p><strong>Pr\u00e9cautions d&rsquo;usages :<\/strong>\u00a0ne pas appliquer sur les peaux l\u00e9s\u00e9es\u00a0ni\u00a0dans les yeux (la menthe&#8230; \u00e7a pique !).<\/p>\n<p>** sources : Ma bible des huiles essentielles par Dani\u00e8le Festy \/ \u00ab\u00a0Le guide terre vivante des huiles essentielles\u00a0\u00bb par les Dr F.Couic Marinier &amp; Dr A.Touboul<\/p>\n","protected":false},"excerpt":{"rendered":"<p>Ce savon surgras &#8211; saponifi\u00e9 \u00e0 froid &#8211; \u00e0 base d&rsquo;huile d&rsquo;olive et de beurre de karit\u00e9 &#8211; est enrichi \u00e0 la spiruline et parfum\u00e9 aux huiles essentielles rafra\u00eechissantes de menthe et de list\u00e9e citronn\u00e9e. Sa fra\u00eecheur en fait un alli\u00e9 incontournable en \u00e9t\u00e9. C&rsquo;est aussi le savon des \u00ab\u00a0randonneurs\u00a0\u00bb, le savon \u00ab\u00a0tout-en-un\u00a0\u00bb : savon de toilette, savon shampoing, savon de rasage et\u00a0 &#8211; pour les puristes &#8211; savon dentifrice !<\/p>\n<p><strong>Conseill\u00e9 pour peau :<\/strong>\u00a0Normales, mixtes \u00e0 grasses.<br \/>\n<strong>Le plus :<\/strong> shampoing solide, savon de rasage.<br \/>\n<strong>Parfum\u00a0:<\/strong>\u00a0Menthol\u00e9<br \/>\n<strong>Poids :<\/strong> 100g minimum \u00e0 l&#8217;emballage<br \/>\n<strong>Mention :\u00a0<\/strong><em>Nature &amp; Progr\u00e8s<\/em><\/p>\n","protected":false},"featured_media":126,"comment_status":"open","ping_status":"closed","template":"","meta":{"_monsterinsights_skip_tracking":false,"_monsterinsights_sitenote_active":false,"_monsterinsights_sitenote_note":"","_monsterinsights_sitenote_category":0},"_links":{"self":[{"href":"https:\/\/soleil-de-mai.fr\/catalogue\/wp-json\/wp\/v2\/product\/125"}],"collection":[{"href":"https:\/\/soleil-de-mai.fr\/catalogue\/wp-json\/wp\/v2\/product"}],"about":[{"href":"https:\/\/soleil-de-mai.fr\/catalogue\/wp-json\/wp\/v2\/types\/product"}],"replies":[{"embeddable":true,"href":"https:\/\/soleil-de-mai.fr\/catalogue\/wp-json\/wp\/v2\/comments?post=125"}],"wp:featuredmedia":[{"embeddable":true,"href":"https:\/\/soleil-de-mai.fr\/catalogue\/wp-json\/wp\/v2\/media\/126"}],"wp:attachment":[{"href":"https:\/\/soleil-de-mai.fr\/catalogue\/wp-json\/wp\/v2\/media?parent=125"}],"curies":[{"name":"wp","href":"https:\/\/api.w.org\/{rel}","templated":true}]}}