{"id":137,"date":"2016-04-13T22:37:24","date_gmt":"2016-04-13T20:37:24","guid":{"rendered":"http:\/\/soleil-de-mai.fr\/boutique\/produits-naturels\/bougies\/feuille-doranger\/"},"modified":"2023-12-24T13:39:37","modified_gmt":"2023-12-24T12:39:37","slug":"feuille-doranger","status":"publish","type":"product","link":"https:\/\/soleil-de-mai.fr\/catalogue\/produits-naturels\/bougies-vegetales-naturelles\/feuille-doranger\/","title":{"rendered":"Bougie Feuille d&rsquo;oranger"},"content":{"rendered":"<p><strong>Ingr\u00e9dients :<\/strong>&nbsp;Cire de Soja &#8211; Huiles essentielles de Petitgrain Bigarade, orange douce et lits\u00e9e citronn\u00e9e.<\/p>\n<p><strong>Dur\u00e9e de combustion :<\/strong>&nbsp;+\/- 25 heures<\/p>\n<p><strong>Engagement :<\/strong>&nbsp;&nbsp;Produit non test\u00e9 sur les animaux &#8211;&nbsp;Fabrication artisanale Fran\u00e7aise &#8211; Respect des recommandations IFRA<\/p>\n<p>Compos\u00e9es de cire de soja (sans OGM ni pesticides) et d\u2019huiles essentielles issues de l\u2019agriculture biologique, nos bougies sont d&rsquo;origine 100% naturelle et biod\u00e9gradables.<br \/>\nLes m\u00e8ches sont compos\u00e9es de coton non trait\u00e9 et non blanchi (ainsi elles ne contiennent pas de solvants &#8211; chlore ou plomb) et sont cir\u00e9es \u00e0 la main pour une meilleur combustion.<\/p>\n<p><strong>D\u00e9tails :&nbsp;<\/strong>100g de cire parfum\u00e9e contenu dans un verre satin\u00e9 (hauteur 8,5 cm &#8211; diam\u00e8tre 7 cm)<\/p>\n<p>&nbsp;<\/p>\n","protected":false},"excerpt":{"rendered":"<p>\u00b0\u00b0 Feuille d&rsquo;oranger \u00b0\u00b0 est un m\u00e9lange \u00ab\u00a0vert\u00a0\u00bb et relaxant qui marie la\u00a0fra\u00eecheur amer de l&rsquo;oranger et \u00a0le zeste citronn\u00e9 de la verveine exotique. Ce parfum zen\u00a0conviendra\u00a0dans toutes les pi\u00e8ces de la maison. <strong>Huiles essentielles<\/strong> :\u00a0Petitgrain bigarade, orange et\u00a0verveine exotique. <strong>Propri\u00e9t\u00e9s* de ces huiles<\/strong> : Relaxante, antid\u00e9pressive, antibact\u00e9rienne.<strong> Senteur :<\/strong> Citronn\u00e9e et herbac\u00e9e. <em>* sources : Ma bible des huiles essentielles par Dani\u00e8le Festy \/\u00a0* sources : \u00ab\u00a0Le guide terre vivante des huiles essentielles\u00a0\u00bb par les Dr F.Couic Marinier &amp; Dr A.Touboul<\/em><\/p>\n","protected":false},"featured_media":1612,"comment_status":"open","ping_status":"closed","template":"","meta":{"_monsterinsights_skip_tracking":false,"_monsterinsights_sitenote_active":false,"_monsterinsights_sitenote_note":"","_monsterinsights_sitenote_category":0},"_links":{"self":[{"href":"https:\/\/soleil-de-mai.fr\/catalogue\/wp-json\/wp\/v2\/product\/137"}],"collection":[{"href":"https:\/\/soleil-de-mai.fr\/catalogue\/wp-json\/wp\/v2\/product"}],"about":[{"href":"https:\/\/soleil-de-mai.fr\/catalogue\/wp-json\/wp\/v2\/types\/product"}],"replies":[{"embeddable":true,"href":"https:\/\/soleil-de-mai.fr\/catalogue\/wp-json\/wp\/v2\/comments?post=137"}],"wp:featuredmedia":[{"embeddable":true,"href":"https:\/\/soleil-de-mai.fr\/catalogue\/wp-json\/wp\/v2\/media\/1612"}],"wp:attachment":[{"href":"https:\/\/soleil-de-mai.fr\/catalogue\/wp-json\/wp\/v2\/media?parent=137"}],"curies":[{"name":"wp","href":"https:\/\/api.w.org\/{rel}","templated":true}]}}