{"id":138,"date":"2016-04-13T22:46:12","date_gmt":"2016-04-13T20:46:12","guid":{"rendered":"http:\/\/soleil-de-mai.fr\/boutique\/produits-naturels\/bougies\/orange-ylang\/"},"modified":"2023-12-24T13:39:38","modified_gmt":"2023-12-24T12:39:38","slug":"orange-ylang","status":"publish","type":"product","link":"https:\/\/soleil-de-mai.fr\/catalogue\/produits-naturels\/bougies-vegetales-naturelles\/orange-ylang\/","title":{"rendered":"Bougie Orange Ylang-ylang"},"content":{"rendered":"<p><strong>Ingr\u00e9dients :<\/strong>&nbsp;Cire de Soja &#8211; Huiles essentielles BIO d&rsquo;orange douce, de palamrosa et d&rsquo;ylang-ylang.<\/p>\n<p><strong>Dur\u00e9e de combustion :<\/strong>&nbsp;+\/- 25 heures<\/p>\n<p><strong>Engagement :<\/strong>&nbsp;&nbsp;Produit non test\u00e9 sur les animaux &#8211;&nbsp;Fabrication artisanale Fran\u00e7aise &#8211; Respect des recommandations IFRA<\/p>\n<p>Compos\u00e9es de cire de soja (sans OGM ni pesticides) et d\u2019huiles essentielles issues de l\u2019agriculture biologique, nos bougies sont d&rsquo;origine 100% naturelle et biod\u00e9gradables.<br \/>\nLes m\u00e8ches sont compos\u00e9es de coton non trait\u00e9 et non blanchi (ainsi elles ne contiennent pas de solvants &#8211; chlore ou plomb) et sont cir\u00e9es \u00e0 la main pour une meilleur combustion.<\/p>\n<p><strong>D\u00e9tails :&nbsp;<\/strong>100g de cire parfum\u00e9e contenu dans un verre satin\u00e9 (hauteur 8,5 cm &#8211; diam\u00e8tre 7 cm)<\/p>\n","protected":false},"excerpt":{"rendered":"<p>Ce m\u00e9lange harmonieux entre les notes douces et sucr\u00e9es de l&rsquo;orange et les effluves envo\u00fbtantes de l&rsquo;ylang-ylang, apportera une touche d\u2019originalit\u00e9 dans une pi\u00e8ce \u00e0 vivre et un brin de romantisme dans une chambre &#8230; <strong>Huiles essentielles\u00a0<\/strong>: Orange douce, palmarosa, ylang-ylang. <strong>Propri\u00e9t\u00e9s de ces huiles<\/strong>\u00a0:\u00a0Tonique, antibact\u00e9rienne, antid\u00e9pressive, aphrodisiaque.<strong> Senteur :<\/strong>\u00a0notes douces et envo\u00fbtantes \/ Orang\u00e9e, quelques notes rappelant la citronnelle,\u00a0 et fleurie <em>* sources : Ma bible des huiles essentielles par Dani\u00e8le Festy \/\u00a0* sources : \u00ab\u00a0Le guide terre vivante des huiles essentielles\u00a0\u00bb par les Dr F.Couic Marinier &amp; Dr A.Touboul<\/em><\/p>\n","protected":false},"featured_media":1617,"comment_status":"open","ping_status":"closed","template":"","meta":{"_monsterinsights_skip_tracking":false,"_monsterinsights_sitenote_active":false,"_monsterinsights_sitenote_note":"","_monsterinsights_sitenote_category":0},"_links":{"self":[{"href":"https:\/\/soleil-de-mai.fr\/catalogue\/wp-json\/wp\/v2\/product\/138"}],"collection":[{"href":"https:\/\/soleil-de-mai.fr\/catalogue\/wp-json\/wp\/v2\/product"}],"about":[{"href":"https:\/\/soleil-de-mai.fr\/catalogue\/wp-json\/wp\/v2\/types\/product"}],"replies":[{"embeddable":true,"href":"https:\/\/soleil-de-mai.fr\/catalogue\/wp-json\/wp\/v2\/comments?post=138"}],"wp:featuredmedia":[{"embeddable":true,"href":"https:\/\/soleil-de-mai.fr\/catalogue\/wp-json\/wp\/v2\/media\/1617"}],"wp:attachment":[{"href":"https:\/\/soleil-de-mai.fr\/catalogue\/wp-json\/wp\/v2\/media?parent=138"}],"curies":[{"name":"wp","href":"https:\/\/api.w.org\/{rel}","templated":true}]}}