{"id":1403,"date":"2019-11-27T22:08:59","date_gmt":"2019-11-27T21:08:59","guid":{"rendered":"https:\/\/soleil-de-mai.fr\/catalogue\/?post_type=product&#038;p=1403"},"modified":"2021-01-14T15:44:33","modified_gmt":"2021-01-14T14:44:33","slug":"boite-cadeau-naissance-au-naturel","status":"publish","type":"product","link":"https:\/\/soleil-de-mai.fr\/catalogue\/produits-naturels\/coffrets-cadeaux\/boite-cadeau-naissance-au-naturel\/","title":{"rendered":"Bo\u00eete cadeau Naissance au naturel"},"content":{"rendered":"<p><strong>Engagements<br \/>\n<\/strong>Fabrication artisanale par saponification \u00e0 froid &#8211; Sans huile de palme &#8211; Sans conservateurs &#8211; Sans parabens<br \/>\nNon test\u00e9 sur les animaux &#8211;\u00a0Les savons Soleil de Mai ont re\u00e7u la\u00a0<strong>mention <em>Nature &amp; Progr\u00e8s<\/em> et <em>Slow Cosm\u00e9tique<\/em><\/strong>.<\/p>\n<p><strong>Composition du coffret<br \/>\n<\/strong>Bo\u00eete en carton, imitation bois, comprenant 1 petite \u00e9ponge de mer naturelle et 2 savons de 65g chacun.<\/p>\n<p><strong>Ingr\u00e9dients\u00a0<\/strong><em>(*issu de l\u2019Agriculture Biologique)<\/em><strong> savon olive argile verte :<\/strong><br \/>\nHuile v\u00e9g\u00e9tale* saponifi\u00e9e \u00e0 froid d\u2019Olive vierge<br \/>\nArgile Verte<br \/>\n<em>Ingr\u00e9dients sous appellation INCI :\u00a0sodium Olivate, Glycerin, Aqua, Illite green clay.<br \/>\n<\/em><strong>Propri\u00e9t\u00e9s** des ingr\u00e9dients\u00a0utilis\u00e9s :<\/strong><br \/>\nHuile v\u00e9g\u00e9tale :\u00a0hydratante, anti-oxydante, protectrice, adoucissante, \u00e9molliente.<br \/>\nArgile verte : absorbante.<\/p>\n<p><strong>Ingr\u00e9dients\u00a0<\/strong><em>(*issu de l\u2019Agriculture Biologique)<\/em><strong> savon aux laits :<\/strong><br \/>\nHuiles v\u00e9g\u00e9tales* saponifi\u00e9es \u00e0 froid : Olive, Coco, Karit\u00e9<br \/>\nLaits d\u2019\u00e2nesse (15%) et d\u2019avoine (10%)<\/p>\n<p><em>Ingr\u00e9dients sous appellation INCI :\u00a0sodium Olivate, sodium Cocoate, sodium Sheabutterate, Glycerin, Asinae lac, Aqua and Avena sativa kernel flour.<\/em><\/p>\n<p><strong>Propri\u00e9t\u00e9s** des ingr\u00e9dients\u00a0utilis\u00e9s :<\/strong><br \/>\nHuiles v\u00e9g\u00e9tales :\u00a0hydratante, protectrice, nourrissante.<br \/>\nLaits : assouplissant.<\/p>\n<p><em>** sources : Ma bible des huiles essentielles par Dani\u00e8le Festy \/ \u00ab\u00a0Le guide terre vivante des huiles essentielles\u00a0\u00bb par les Dr F.Couic Marinier &amp; Dr A.Touboul<\/em><\/p>\n","protected":false},"excerpt":{"rendered":"<p>Ce ensemble est compos\u00e9 d&rsquo;une bo\u00eete en carton contenant deux savons tr\u00e8s doux sans huiles essentielles et d&rsquo;une \u00e9ponge de mer naturelle. Cet assortiment comblera les parents souhaitant utiliser des produits naturels, sans ingr\u00e9dients pr\u00e9occupants pour leurs enfants. <strong>Conseill\u00e9 pour peau :<\/strong>\u00a0\u00a0sensibles ou r\u00e9actives <strong>Parfum\u00a0:<\/strong> \u00a0neutre\u00a0 <strong>Poids :<\/strong> savon de 65g chacun\u00a0 <b>Mention :\u00a0<\/b><em>Nature &amp; Progr\u00e8s + Slow Cosm\u00e9tique<\/em><\/p>\n","protected":false},"featured_media":1404,"comment_status":"open","ping_status":"closed","template":"","meta":{"_monsterinsights_skip_tracking":false,"_monsterinsights_sitenote_active":false,"_monsterinsights_sitenote_note":"","_monsterinsights_sitenote_category":0},"_links":{"self":[{"href":"https:\/\/soleil-de-mai.fr\/catalogue\/wp-json\/wp\/v2\/product\/1403"}],"collection":[{"href":"https:\/\/soleil-de-mai.fr\/catalogue\/wp-json\/wp\/v2\/product"}],"about":[{"href":"https:\/\/soleil-de-mai.fr\/catalogue\/wp-json\/wp\/v2\/types\/product"}],"replies":[{"embeddable":true,"href":"https:\/\/soleil-de-mai.fr\/catalogue\/wp-json\/wp\/v2\/comments?post=1403"}],"wp:featuredmedia":[{"embeddable":true,"href":"https:\/\/soleil-de-mai.fr\/catalogue\/wp-json\/wp\/v2\/media\/1404"}],"wp:attachment":[{"href":"https:\/\/soleil-de-mai.fr\/catalogue\/wp-json\/wp\/v2\/media?parent=1403"}],"curies":[{"name":"wp","href":"https:\/\/api.w.org\/{rel}","templated":true}]}}