{"id":142,"date":"2016-04-13T23:57:11","date_gmt":"2016-04-13T21:57:11","guid":{"rendered":"http:\/\/soleil-de-mai.fr\/boutique\/produits-naturels\/bougies\/mieux-que-la-citronnelle\/"},"modified":"2025-06-18T12:25:05","modified_gmt":"2025-06-18T10:25:05","slug":"mieux-que-la-citronnelle","status":"publish","type":"product","link":"https:\/\/soleil-de-mai.fr\/catalogue\/produits-naturels\/bougies-vegetales-naturelles\/mieux-que-la-citronnelle\/","title":{"rendered":"Bougie \u00ab\u00a0Mieux que la citronnelle\u00a0\u00bb"},"content":{"rendered":"<p><strong>Ingr\u00e9dients :<\/strong> Cire de Soja &#8211; Huiles essentielles BIO d\u2019eucalyptus citronn\u00e9 et de palmarosa.<\/p>\n<p><strong>Dur\u00e9e de combustion :<\/strong> +\/- 25 heures<\/p>\n<p><strong>Engagement :<\/strong>\u00a0\u00a0Produit non test\u00e9 sur les animaux &#8211;\u00a0Fabrication artisanale Fran\u00e7aise &#8211; Respect des recommandations IFRA<\/p>\n<p>Compos\u00e9es de cire de soja (sans OGM ni pesticides) et d\u2019huiles essentielles issues de l\u2019agriculture biologique, nos bougies sont d&rsquo;origine 100% naturelle et biod\u00e9gradables.<br \/>\nLes m\u00e8ches sont compos\u00e9es de coton non trait\u00e9 et non blanchi (ainsi elles ne contiennent pas de solvants &#8211; chlore ou plomb) et sont cir\u00e9es \u00e0 la main pour une meilleur combustion.<\/p>\n<p><strong>D\u00e9tails :\u00a0<\/strong>100g de cire parfum\u00e9e contenu dans un verre satin\u00e9 (hauteur 8,5 cm &#8211; diam\u00e8tre 7 cm)<\/p>\n<p>&nbsp;<\/p>\n<p>&nbsp;<\/p>\n","protected":false},"excerpt":{"rendered":"<p><strong>Pourquoi \u00ab\u00a0mieux que la citronnelle\u00a0\u00bb ?<\/strong> car la synergie d&rsquo;huiles essentielles utilis\u00e9e est plus concentr\u00e9e en citronnellal et en g\u00e9raniol que la citronnelle. Cette synergie est donc plus r\u00e9pulsive contre les moustiques, elle est \u00e9galement moins volatile et a donc une dur\u00e9e de diffusion plus longue.<\/p>\n<p><strong>Huiles essentielles\u00a0<\/strong>:\u00a0Eucalyptus citronn\u00e9 et\u00a0palmarosa<br \/>\n<strong>Propri\u00e9t\u00e9s de ces huiles<\/strong> : R\u00e9pulsive des moustiques<strong><br \/>\nSenteur :<\/strong>\u00a0\u00a0typique de la citronnelle \/ fra\u00eeche et citronn\u00e9e<\/p>\n<p><em>* sources : Le guide terre vivante des huiles essentielles des Docteurs F.Couic Marinier et A.Touboul<\/em><\/p>\n<p>&nbsp;<\/p>\n","protected":false},"featured_media":230,"comment_status":"open","ping_status":"closed","template":"","meta":{"_monsterinsights_skip_tracking":false,"_monsterinsights_sitenote_active":false,"_monsterinsights_sitenote_note":"","_monsterinsights_sitenote_category":0},"_links":{"self":[{"href":"https:\/\/soleil-de-mai.fr\/catalogue\/wp-json\/wp\/v2\/product\/142"}],"collection":[{"href":"https:\/\/soleil-de-mai.fr\/catalogue\/wp-json\/wp\/v2\/product"}],"about":[{"href":"https:\/\/soleil-de-mai.fr\/catalogue\/wp-json\/wp\/v2\/types\/product"}],"replies":[{"embeddable":true,"href":"https:\/\/soleil-de-mai.fr\/catalogue\/wp-json\/wp\/v2\/comments?post=142"}],"wp:featuredmedia":[{"embeddable":true,"href":"https:\/\/soleil-de-mai.fr\/catalogue\/wp-json\/wp\/v2\/media\/230"}],"wp:attachment":[{"href":"https:\/\/soleil-de-mai.fr\/catalogue\/wp-json\/wp\/v2\/media?parent=142"}],"curies":[{"name":"wp","href":"https:\/\/api.w.org\/{rel}","templated":true}]}}