{"id":145,"date":"2016-04-13T23:19:13","date_gmt":"2016-04-13T21:19:13","guid":{"rendered":"http:\/\/soleil-de-mai.fr\/boutique\/produits-naturels\/parfums-interieur\/feuille-doranger-2\/"},"modified":"2025-03-18T10:57:55","modified_gmt":"2025-03-18T09:57:55","slug":"feuille-doranger-2","status":"publish","type":"product","link":"https:\/\/soleil-de-mai.fr\/catalogue\/produits-naturels\/parfums-interieur-naturels\/feuille-doranger-2\/","title":{"rendered":"Parfum d&rsquo;ambiance  Feuille d&rsquo;oranger"},"content":{"rendered":"<p>Compos\u00e9s d\u2019alcool de bl\u00e9*, d\u2019eaux florales* et d\u2019huiles* essentielles, nos parfums d\u2019int\u00e9rieur sont formul\u00e9s \u00e0 base d&rsquo;ingr\u00e9dients d&rsquo;origine 100% naturelle, \u00a0et b\u00e9n\u00e9ficient des propri\u00e9t\u00e9s d\u2019aromath\u00e9rapie des plantes utilis\u00e9es.<\/p>\n<p>Les parfums d&rsquo;int\u00e9rieur Soleil de Mai\u00a0<strong>ont re\u00e7u la mention Nature &amp; Progr\u00e8s<\/strong>.<\/p>\n<p><strong>Conseils d\u2019utilisation :\u00a0<\/strong>Secouer le flacon afin d\u2019obtenir un m\u00e9lange homog\u00e8ne d\u2019huiles\u00a0essentielles.<br \/>\nVaporiser dans l\u2019air pour parfumer sainement l\u2019int\u00e9rieur\u00a0de vos maison, voiture, armoires, etc.<\/p>\n<p><strong>Pr\u00e9cautions d\u2019emploi <\/strong>(dues \u00e0 la pr\u00e9sence d&rsquo;alcool et d&rsquo;huiles essentielles) : Ne pas ing\u00e9rer. Tenir \u00e9loign\u00e9 de la chaleur, des surfaces chaudes, des \u00e9tincelles, des flammes nues et de toute autre source d&rsquo;inflammation. Ne pas fumer. Eviter le contact avec la peau et tout contact avec les yeux. Eviter le rejet dans l&rsquo;environnement. Tenir hors de port\u00e9e des enfants.<\/p>\n<p><strong>Ingr\u00e9dients\u00a0:<\/strong> Alcool de bl\u00e9*, eau florale d&rsquo;oranger*, huiles essentielles* d&rsquo;orange douce, de petitgrain bigarade et de lits\u00e9a cubeba (allerg\u00e8nes naturels : limonene, linalool, geraniol, citral, farnesol, citronnelol)**.<\/p>\n<p><em>*issus de l\u2019agriculture biologique<\/em><\/p>\n","protected":false},"excerpt":{"rendered":"<p>\u00b0\u00b0 Feuille d&rsquo;oranger \u00b0\u00b0 est un m\u00e9lange frais\u00a0qui marie la\u00a0fra\u00eecheur de l&rsquo;oranger et \u00a0le zeste citronn\u00e9 de la verveine exotique. Ce parfum zen\u00a0conviendra\u00a0dans toutes les pi\u00e8ces de la maison. <strong>Huiles essentielles<\/strong> :\u00a0Petitgrain bigarade, orange,\u00a0lits\u00e9e citronn\u00e9e <strong>Propri\u00e9t\u00e9s* des composants<\/strong> : Relaxant, antistress, apaisant,\u00a0 antiseptique a\u00e9rien<strong> Parfum\u00a0:<\/strong> Citronn\u00e9 et herbac\u00e9 <strong>Poids :<\/strong> 100ml (contenu dans un flacon en verre ambr\u00e9 avec vaporisateur) <em>* sources : Ma bible des huiles essentielles par Dani\u00e8le Festy \/\u00a0* sources : \u00ab\u00a0Le guide terre vivante des huiles essentielles\u00a0\u00bb par les Dr F.Couic Marinier &amp; Dr A.Touboul<\/em><\/p>\n","protected":false},"featured_media":1645,"comment_status":"open","ping_status":"closed","template":"","meta":{"_monsterinsights_skip_tracking":false,"_monsterinsights_sitenote_active":false,"_monsterinsights_sitenote_note":"","_monsterinsights_sitenote_category":0},"_links":{"self":[{"href":"https:\/\/soleil-de-mai.fr\/catalogue\/wp-json\/wp\/v2\/product\/145"}],"collection":[{"href":"https:\/\/soleil-de-mai.fr\/catalogue\/wp-json\/wp\/v2\/product"}],"about":[{"href":"https:\/\/soleil-de-mai.fr\/catalogue\/wp-json\/wp\/v2\/types\/product"}],"replies":[{"embeddable":true,"href":"https:\/\/soleil-de-mai.fr\/catalogue\/wp-json\/wp\/v2\/comments?post=145"}],"wp:featuredmedia":[{"embeddable":true,"href":"https:\/\/soleil-de-mai.fr\/catalogue\/wp-json\/wp\/v2\/media\/1645"}],"wp:attachment":[{"href":"https:\/\/soleil-de-mai.fr\/catalogue\/wp-json\/wp\/v2\/media?parent=145"}],"curies":[{"name":"wp","href":"https:\/\/api.w.org\/{rel}","templated":true}]}}