{"id":146,"date":"2016-04-13T23:24:03","date_gmt":"2016-04-13T21:24:03","guid":{"rendered":"http:\/\/soleil-de-mai.fr\/boutique\/produits-naturels\/parfums-interieur\/orange-ylang-2\/"},"modified":"2025-03-30T19:50:12","modified_gmt":"2025-03-30T17:50:12","slug":"orange-ylang-2","status":"publish","type":"product","link":"https:\/\/soleil-de-mai.fr\/catalogue\/produits-naturels\/parfums-interieur-naturels\/orange-ylang-2\/","title":{"rendered":"Parfum d&rsquo;ambiance  Patchouli \u00e9pic\u00e9"},"content":{"rendered":"<p>Compos\u00e9s d\u2019alcool de bl\u00e9*, d\u2019eaux florales* et d\u2019huiles* essentielles, nos parfums d\u2019int\u00e9rieur sont formul\u00e9s \u00e0 base d&rsquo;ingr\u00e9dients d&rsquo;origine 100% naturelle, &nbsp;et b\u00e9n\u00e9ficient des propri\u00e9t\u00e9s d\u2019aromath\u00e9rapie des plantes utilis\u00e9es.<\/p>\n<p>Les parfums d&rsquo;int\u00e9rieur Soleil de Mai&nbsp;<strong>ont re\u00e7u la mention Nature &amp; Progr\u00e8s<\/strong>.<\/p>\n<p><strong>Conseils d\u2019utilisation :&nbsp;<\/strong>Secouer le flacon afin d\u2019obtenir un m\u00e9lange homog\u00e8ne d\u2019huiles&nbsp;essentielles.<br \/>\nVaporiser dans l\u2019air pour parfumer sainement l\u2019int\u00e9rieur&nbsp;de vos maison, voiture, armoires, etc.<\/p>\n<p><strong>Pr\u00e9cautions d\u2019emploi <\/strong>(dues \u00e0 la pr\u00e9sence d&rsquo;alcool et d&rsquo;huiles essentielles) : Ne pas ing\u00e9rer. Tenir \u00e9loign\u00e9 de la chaleur, des surfaces chaudes, des \u00e9tincelles, des flammes nues et de toute autre source d&rsquo;inflammation. Ne pas fumer. Eviter le contact avec la peau et tout contact avec les yeux. Eviter le rejet dans l&rsquo;environnement. Tenir hors de port\u00e9e des enfants.<\/p>\n<p><strong>Ingr\u00e9dients&nbsp;:<\/strong>&nbsp;Alcool de bl\u00e9*, eau, huiles essentielles* de bois de c\u00e8dre, de patchouli et de cannelle (allerg\u00e8nes naturels : cinnamal, coumarin)**.<\/p>\n<p><em>*issus de l\u2019agriculture biologique<\/em><\/p>\n","protected":false},"excerpt":{"rendered":"<p>\u00b0\u00b0 Bois d&rsquo;Orient\u00b0\u00b0 est un m\u00e9lange de caract\u00e8re\u00a0qui m\u00eale des notes\u00a0puissantes, envo\u00fbtantes et sensuelles issues du bois et des \u00e9pices. Ce parfum envo\u00fbtant conviendra dans les pi\u00e8ces intimes comme une chambre ou\u00a0un salon. <strong>Huiles essentielles<\/strong> : c\u00e8dre, patchouli, cannelle <strong>Propri\u00e9t\u00e9s* des composants<\/strong> : assainissant, antimite, relaxant, aide \u00e0 la concentration, aphrodisiaque<strong> Parfum\u00a0: <\/strong>suave,\u00a0bois\u00e9 &amp; \u00e9pic\u00e9 <strong>Poids :<\/strong> 100ml (contenu dans un flacon en verre ambr\u00e9 avec vaporisateur) <em>* sources : Ma bible des huiles essentielles par Dani\u00e8le Festy \/\u00a0* sources : \u00ab\u00a0Le guide terre vivante des huiles essentielles\u00a0\u00bb par les Dr F.Couic Marinier &amp; Dr A.Touboul<\/em><\/p>\n","protected":false},"featured_media":1642,"comment_status":"open","ping_status":"closed","template":"","meta":{"_monsterinsights_skip_tracking":false,"_monsterinsights_sitenote_active":false,"_monsterinsights_sitenote_note":"","_monsterinsights_sitenote_category":0},"_links":{"self":[{"href":"https:\/\/soleil-de-mai.fr\/catalogue\/wp-json\/wp\/v2\/product\/146"}],"collection":[{"href":"https:\/\/soleil-de-mai.fr\/catalogue\/wp-json\/wp\/v2\/product"}],"about":[{"href":"https:\/\/soleil-de-mai.fr\/catalogue\/wp-json\/wp\/v2\/types\/product"}],"replies":[{"embeddable":true,"href":"https:\/\/soleil-de-mai.fr\/catalogue\/wp-json\/wp\/v2\/comments?post=146"}],"wp:featuredmedia":[{"embeddable":true,"href":"https:\/\/soleil-de-mai.fr\/catalogue\/wp-json\/wp\/v2\/media\/1642"}],"wp:attachment":[{"href":"https:\/\/soleil-de-mai.fr\/catalogue\/wp-json\/wp\/v2\/media?parent=146"}],"curies":[{"name":"wp","href":"https:\/\/api.w.org\/{rel}","templated":true}]}}