{"id":1472,"date":"2020-04-18T16:49:02","date_gmt":"2020-04-18T14:49:02","guid":{"rendered":"https:\/\/soleil-de-mai.fr\/catalogue\/?post_type=product&#038;p=1472"},"modified":"2025-03-18T11:00:09","modified_gmt":"2025-03-18T10:00:09","slug":"huile-de-coco-vierge-bio","status":"publish","type":"product","link":"https:\/\/soleil-de-mai.fr\/catalogue\/produits-naturels\/cosmetiques-naturels\/huile-de-coco-vierge-bio\/","title":{"rendered":"Huile de COCO vierge &amp; bio"},"content":{"rendered":"<p><strong>Conseill\u00e9 pour : <\/strong>soin de la peau et des cheveux<br \/>\n<strong>Odeur :<\/strong> typique de la coco<br \/>\n<strong>Poids : <\/strong>400g<br \/>\n<strong>Conditionnement :<\/strong> Pot en carton recyclable<br \/>\n<strong>Nom INCI :<\/strong> COCOS NUCIFERA OIL<\/p>\n<p>Peut \u00eatre utilis\u00e9 durant la grossesse et l\u2019allaitement.<\/p>\n<p><strong>Ingr\u00e9dient :<\/strong><br \/>\nHuile de coco vierge et issue de l&rsquo;agriculture biologique<\/p>\n<p><strong>Bienfaits* :<\/strong><\/p>\n<ul>\n<li>Adoucissant<\/li>\n<li>Assouplissant<\/li>\n<li>\u00c9limine les poux en masque capillaire<\/li>\n<li>\u00c9mollient<\/li>\n<li>Hydratant<\/li>\n<li>Lisse les cheveux<\/li>\n<li>Nourrissant<\/li>\n<li>Protecteur\n<pre><em>* Sources : <\/em>\n<em>- Le guide terre vivante des huiles essentielles par les Docteurs <\/em>\n<em>Fran\u00e7oise Couic Marinier et Anthony Touboul<\/em>\n<em>- www.doctissimo.fr\/beaut\u00e9\/beaut\u00e9-naturelle<\/em>\n<em>- Fiches techniques fournisseurs<\/em><\/pre>\n<\/li>\n<\/ul>\n","protected":false},"excerpt":{"rendered":"<p>Notre huile de coco est extraite \u00e0 froid de la chair de la noix de coco. Elle est <strong>100% naturelle<\/strong> et issue de l&rsquo;Agriculture <strong>Biologique<\/strong> et <strong>les noix ne sont pas r\u00e9colt\u00e9es par des singes<\/strong>.\u00a0<\/p>\n<p>Elle peut <strong>s&rsquo;utiliser au quotidien pure sur la peau<\/strong> ou les cheveux ou \u00eatre <strong>int\u00e9gr\u00e9e dans vos cosm\u00e9tiques maison<\/strong> (baume capillaire anti-poux, bougie de massage, dentifrice, d\u00e9odorant, savon &#8230;).\u00a0<br \/>Elle p\u00e9n\u00e8tre rapidement la peau et laisse une sensation de douceur sans effet gras et parfume d\u00e9licatement.<\/p>\n","protected":false},"featured_media":1466,"comment_status":"open","ping_status":"closed","template":"","meta":{"_monsterinsights_skip_tracking":false,"_monsterinsights_sitenote_active":false,"_monsterinsights_sitenote_note":"","_monsterinsights_sitenote_category":0},"_links":{"self":[{"href":"https:\/\/soleil-de-mai.fr\/catalogue\/wp-json\/wp\/v2\/product\/1472"}],"collection":[{"href":"https:\/\/soleil-de-mai.fr\/catalogue\/wp-json\/wp\/v2\/product"}],"about":[{"href":"https:\/\/soleil-de-mai.fr\/catalogue\/wp-json\/wp\/v2\/types\/product"}],"replies":[{"embeddable":true,"href":"https:\/\/soleil-de-mai.fr\/catalogue\/wp-json\/wp\/v2\/comments?post=1472"}],"wp:featuredmedia":[{"embeddable":true,"href":"https:\/\/soleil-de-mai.fr\/catalogue\/wp-json\/wp\/v2\/media\/1466"}],"wp:attachment":[{"href":"https:\/\/soleil-de-mai.fr\/catalogue\/wp-json\/wp\/v2\/media?parent=1472"}],"curies":[{"name":"wp","href":"https:\/\/api.w.org\/{rel}","templated":true}]}}