{"id":148,"date":"2016-04-13T23:32:35","date_gmt":"2016-04-13T21:32:35","guid":{"rendered":"http:\/\/soleil-de-mai.fr\/boutique\/produits-naturels\/parfums-interieur\/menthe-romarin-2\/"},"modified":"2024-06-11T16:35:34","modified_gmt":"2024-06-11T14:35:34","slug":"menthe-romarin-2","status":"publish","type":"product","link":"https:\/\/soleil-de-mai.fr\/catalogue\/produits-naturels\/parfums-interieur-naturels\/menthe-romarin-2\/","title":{"rendered":"Parfum d&rsquo;ambiance Menthe Romarin"},"content":{"rendered":"<p>Compos\u00e9s d\u2019alcool de bl\u00e9*, d\u2019eaux florales* et d\u2019huiles* essentielles, nos parfums d\u2019int\u00e9rieur sont formul\u00e9s \u00e0 base d&rsquo;ingr\u00e9dients d&rsquo;origine 100% naturelle, \u00a0et b\u00e9n\u00e9ficient des propri\u00e9t\u00e9s d\u2019aromath\u00e9rapie des plantes utilis\u00e9es.<\/p>\n<p>Les parfums d&rsquo;int\u00e9rieur Soleil de Mai <strong>ont re\u00e7u la mention Nature &amp; Progr\u00e8s<\/strong>.<\/p>\n<p><strong>Ingr\u00e9dients\u00a0:<\/strong> Alcool de bl\u00e9*, hydrolat de menthe, huiles essentielles* de romarin \u00e0 cin\u00e9ole et de menthe des champs (allerg\u00e8nes naturels : limonene, linalol).<\/p>\n<p><strong>Conseils d\u2019utilisation :\u00a0<\/strong>Secouer le flacon afin d\u2019obtenir un m\u00e9lange homog\u00e8ne d\u2019huiles\u00a0essentielles.<br \/>\nVaporiser dans l\u2019air pour parfumer sainement l\u2019int\u00e9rieur\u00a0de vos maison, voiture, armoires, etc.<\/p>\n<p><strong>Pr\u00e9cautions d\u2019emploi <\/strong>(dues \u00e0 la pr\u00e9sence d&rsquo;alcool et d&rsquo;huiles essentielles) : Ne pas ing\u00e9rer. Tenir \u00e9loign\u00e9 de la chaleur, des surfaces chaudes, des \u00e9tincelles, des flammes nues et de toute autre source d&rsquo;inflammation. Ne pas fumer. Eviter le contact avec la peau et tout contact avec les yeux. Eviter le rejet dans l&rsquo;environnement. Tenir hors de port\u00e9e des enfants.<\/p>\n<p><em>*issus de l\u2019agriculture biologique<\/em><\/p>\n","protected":false},"excerpt":{"rendered":"<p>\u00b0\u00b0 Menthe Romarin\u00b0\u00b0 est un m\u00e9lange aux notes aromatiques fra\u00eeches et puissantes. Ce parfum frais\u00a0conviendra aussi bien dans une cuisine, une salle de bain, une chambre ou\u00a0un salon. <strong>Huiles essentielles<\/strong> :\u00a0Menthe et romarin <strong>Propri\u00e9t\u00e9s* des composants<\/strong> : Rafra\u00eechissant, tonique c\u00e9r\u00e9bral, stimulant des voies respiratoires<strong> Parfum\u00a0:<\/strong>\u00a0Frais et aromatique, notes camphr\u00e9es, menthol\u00e9es et m\u00e9dicinales <strong>Contenance\u00a0:<\/strong> 100 ml (contenu dans un flacon en verre ambr\u00e9 avec vaporisateur) <em>* sources : \u00ab\u00a0Le guide terre vivante des huiles essentielles\u00a0\u00bb par les Dr F.Couic Marinier &amp; Dr A.Touboul<\/em><\/p>\n","protected":false},"featured_media":1641,"comment_status":"open","ping_status":"closed","template":"","meta":{"_monsterinsights_skip_tracking":false,"_monsterinsights_sitenote_active":false,"_monsterinsights_sitenote_note":"","_monsterinsights_sitenote_category":0},"_links":{"self":[{"href":"https:\/\/soleil-de-mai.fr\/catalogue\/wp-json\/wp\/v2\/product\/148"}],"collection":[{"href":"https:\/\/soleil-de-mai.fr\/catalogue\/wp-json\/wp\/v2\/product"}],"about":[{"href":"https:\/\/soleil-de-mai.fr\/catalogue\/wp-json\/wp\/v2\/types\/product"}],"replies":[{"embeddable":true,"href":"https:\/\/soleil-de-mai.fr\/catalogue\/wp-json\/wp\/v2\/comments?post=148"}],"wp:featuredmedia":[{"embeddable":true,"href":"https:\/\/soleil-de-mai.fr\/catalogue\/wp-json\/wp\/v2\/media\/1641"}],"wp:attachment":[{"href":"https:\/\/soleil-de-mai.fr\/catalogue\/wp-json\/wp\/v2\/media?parent=148"}],"curies":[{"name":"wp","href":"https:\/\/api.w.org\/{rel}","templated":true}]}}