{"id":1480,"date":"2020-04-21T12:34:42","date_gmt":"2020-04-21T10:34:42","guid":{"rendered":"https:\/\/soleil-de-mai.fr\/catalogue\/?post_type=product&#038;p=1480"},"modified":"2026-03-15T09:18:55","modified_gmt":"2026-03-15T08:18:55","slug":"chutes-de-savons","status":"publish","type":"product","link":"https:\/\/soleil-de-mai.fr\/catalogue\/produits-naturels\/savons-surgras-naturels\/chutes-de-savons\/","title":{"rendered":"Chutes de savons naturels"},"content":{"rendered":"\n<p><\/p>\n\n\n<p><strong>Lot de chutes de savons\u00a0 \u00ab\u00a0neutres\u00a0\u00bb naturels saponifi\u00e9s \u00e0 froid en Lot et Garonne &#8211; Sans huiles essentielles &#8211; Poids : 100g<\/strong><\/p>\n<p><strong>Conditionnement<br \/><\/strong>Les lots sont faits de mani\u00e8re al\u00e9atoire en fonction des chutes disponibles. Si les chutes sont en petits morceaux, elles seront envoy\u00e9es dans un sachet kraft. Si les chutes sont de format carr\u00e9, elles seront envoy\u00e9es li\u00e9es par un morceau de raphia.\u00a0<\/p>\n<p><strong>Engagements\u00a0<br \/><\/strong>Fabrication artisanale par saponification \u00e0 froid &#8211; Sans huile de palme &#8211; Sans conservateurs &#8211; Sans parabens<br \/>Les savons Soleil de Mai sont sous <strong>mention <em>Nature &amp; Progr\u00e8s<\/em><\/strong>.<\/p>\n<p><strong>Ingr\u00e9dients\u00a0<\/strong><em>(*issu de l&rsquo;Agriculture Biologique)<\/em><strong>\u00a0:<\/strong><br \/>Huiles v\u00e9g\u00e9tales* saponifi\u00e9es \u00e0 froid : olive &#8211; coco &#8211; karit\u00e9<br \/>Additifs naturels* : miel, avoine\u00a0<br \/>Pigments naturels : argile verte claire<\/p>\n\n\n<p><\/p>\n","protected":false},"excerpt":{"rendered":"<p>Favorisez le \u00ab\u00a0<strong>Z\u00e9ro-d\u00e9chet<\/strong>\u00a0\u00bb gr\u00e2ce \u00e0 ces chutes de savons (issus de la d\u00e9coupe). <br \/>Vous pourrez utiliser ce lot de diff\u00e9rentes mani\u00e8res : tester les savons Soleil de Mai, fabriquer votre lessive naturelle, recr\u00e9er un savon de refonte en le personnalisant, parfumer vos armoires ou voitures &#8230;<\/p>\n<p>Ce lot de <strong>100g<\/strong> comprend uniquement des chutes issues de savons <strong>sans huiles essentielles<\/strong>, ce qui le rend id\u00e9al pour les peaux les plus sensibles, r\u00e9actives, intol\u00e9rantes, ou\/et les personnes allergiques.<\/p>\n","protected":false},"featured_media":1487,"comment_status":"open","ping_status":"closed","template":"","meta":{"_monsterinsights_skip_tracking":false,"_monsterinsights_sitenote_active":false,"_monsterinsights_sitenote_note":"","_monsterinsights_sitenote_category":0},"_links":{"self":[{"href":"https:\/\/soleil-de-mai.fr\/catalogue\/wp-json\/wp\/v2\/product\/1480"}],"collection":[{"href":"https:\/\/soleil-de-mai.fr\/catalogue\/wp-json\/wp\/v2\/product"}],"about":[{"href":"https:\/\/soleil-de-mai.fr\/catalogue\/wp-json\/wp\/v2\/types\/product"}],"replies":[{"embeddable":true,"href":"https:\/\/soleil-de-mai.fr\/catalogue\/wp-json\/wp\/v2\/comments?post=1480"}],"wp:featuredmedia":[{"embeddable":true,"href":"https:\/\/soleil-de-mai.fr\/catalogue\/wp-json\/wp\/v2\/media\/1487"}],"wp:attachment":[{"href":"https:\/\/soleil-de-mai.fr\/catalogue\/wp-json\/wp\/v2\/media?parent=1480"}],"curies":[{"name":"wp","href":"https:\/\/api.w.org\/{rel}","templated":true}]}}