{"id":1484,"date":"2020-04-21T13:57:44","date_gmt":"2020-04-21T11:57:44","guid":{"rendered":"https:\/\/soleil-de-mai.fr\/catalogue\/?post_type=product&#038;p=1484"},"modified":"2025-12-30T20:41:32","modified_gmt":"2025-12-30T19:41:32","slug":"chutes-de-savons-parfumes","status":"publish","type":"product","link":"https:\/\/soleil-de-mai.fr\/catalogue\/produits-naturels\/savons-surgras-naturels\/chutes-de-savons-parfumes\/","title":{"rendered":"Chutes de savons parfum\u00e9s"},"content":{"rendered":"\n<p><\/p>\n\n\n<p><strong>Lot de chutes de savons\u00a0 parfum\u00e9s saponifi\u00e9s \u00e0 froid en Lot et Garonne &#8211; Poids : 100g<\/strong><\/p>\n<p><strong>Conditionnement<br \/><\/strong>Les lots sont faits de mani\u00e8re al\u00e9atoire en fonction des chutes disponibles. Si les chutes sont en petits morceaux, elles seront envoy\u00e9es dans un sachet kraft. Si les chutes sont de format carr\u00e9, elles seront envoy\u00e9es li\u00e9es par un morceau de raphia.\u00a0<\/p>\n<p><strong>Engagements\u00a0<\/strong><\/p>\n<p>Fabrication artisanale par saponification \u00e0 froid &#8211; Sans huile de palme &#8211; Sans conservateurs &#8211; Sans parabens<br \/>Les savons Soleil de Mai sont sous <strong>mentions <em>Nature &amp; Progr\u00e8s<\/em><\/strong>.<\/p>\n<p><strong>Ingr\u00e9dients\u00a0<\/strong><em>(*issu de l&rsquo;Agriculture Biologique)<\/em><strong>\u00a0:<\/strong><br \/>Huiles v\u00e9g\u00e9tales* saponifi\u00e9es \u00e0 froid\u00a0<br \/>Huiles essentielles*<br \/>Additifs naturels* : jus de carotte, cacao&#8230;<br \/>Pigments naturels : argiles, plantes tinctoriales&#8230;<\/p>","protected":false},"excerpt":{"rendered":"<p>Favorisez le \u00ab\u00a0<strong>Z\u00e9ro-d\u00e9chet<\/strong>\u00a0\u00bb gr\u00e2ce \u00e0 ces chutes de savons (issus de la d\u00e9coupe). <br \/>Vous pourrez utiliser ce lot de diff\u00e9rentes mani\u00e8res : tester les savons Soleil de Mai, fabriquer votre lessive naturelle, recr\u00e9er un savon de refonte en le personnalisant, parfumer vos armoires ou voitures &#8230;<\/p>\n<p>Ce lot de <strong>100g<\/strong> comprend uniquement des chutes issues de savons <strong>parfum\u00e9s aux huiles essentielles<\/strong>, et color\u00e9s aux pigments naturels. Ils contiennent des allerg\u00e8nes naturellement pr\u00e9sents dans les huiles essentielles.\u00a0<\/p>\n","protected":false},"featured_media":1486,"comment_status":"open","ping_status":"closed","template":"","meta":{"_monsterinsights_skip_tracking":false,"_monsterinsights_sitenote_active":false,"_monsterinsights_sitenote_note":"","_monsterinsights_sitenote_category":0},"_links":{"self":[{"href":"https:\/\/soleil-de-mai.fr\/catalogue\/wp-json\/wp\/v2\/product\/1484"}],"collection":[{"href":"https:\/\/soleil-de-mai.fr\/catalogue\/wp-json\/wp\/v2\/product"}],"about":[{"href":"https:\/\/soleil-de-mai.fr\/catalogue\/wp-json\/wp\/v2\/types\/product"}],"replies":[{"embeddable":true,"href":"https:\/\/soleil-de-mai.fr\/catalogue\/wp-json\/wp\/v2\/comments?post=1484"}],"wp:featuredmedia":[{"embeddable":true,"href":"https:\/\/soleil-de-mai.fr\/catalogue\/wp-json\/wp\/v2\/media\/1486"}],"wp:attachment":[{"href":"https:\/\/soleil-de-mai.fr\/catalogue\/wp-json\/wp\/v2\/media?parent=1484"}],"curies":[{"name":"wp","href":"https:\/\/api.w.org\/{rel}","templated":true}]}}