{"id":149,"date":"2016-04-13T23:36:57","date_gmt":"2016-04-13T21:36:57","guid":{"rendered":"http:\/\/soleil-de-mai.fr\/boutique\/produits-naturels\/parfums-interieur\/rose-des-bois-2\/"},"modified":"2025-03-30T19:50:12","modified_gmt":"2025-03-30T17:50:12","slug":"rose-des-bois-2","status":"publish","type":"product","link":"https:\/\/soleil-de-mai.fr\/catalogue\/produits-naturels\/parfums-interieur-naturels\/rose-des-bois-2\/","title":{"rendered":"Parfum d&rsquo;ambiance Rose des bois"},"content":{"rendered":"<p>Compos\u00e9s d\u2019alcool de bl\u00e9*, d\u2019eaux florales* et d\u2019huiles* essentielles, nos parfums d\u2019int\u00e9rieur sont formul\u00e9s \u00e0 base d&rsquo;ingr\u00e9dients d&rsquo;origine 100% naturelle, &nbsp;et b\u00e9n\u00e9ficient des propri\u00e9t\u00e9s d\u2019aromath\u00e9rapie des plantes utilis\u00e9es.<br \/>\nLes parfums d&rsquo;int\u00e9rieur Soleil de Mai ont re\u00e7u la&nbsp;<strong>mention Nature &amp; Progr\u00e8s<\/strong>.<\/p>\n<p><strong>Ingr\u00e9dients&nbsp;:<\/strong>&nbsp;Alcool de bl\u00e9*, eau florale de rose* ou\/et de g\u00e9ranium, huiles essentielles de bois de h\u00f4 et de bois de c\u00e8dre* (allerg\u00e8nes naturels : limonene, linalool).<\/p>\n<p><strong>Conseils d\u2019utilisation :&nbsp;<\/strong>Secouer le flacon afin d\u2019obtenir un m\u00e9lange homog\u00e8ne d\u2019huiles&nbsp;essentielles.<br \/>\nVaporiser dans l\u2019air pour parfumer sainement l\u2019int\u00e9rieur&nbsp;de vos maison, voiture, armoires, etc.<\/p>\n<p><strong>Pr\u00e9cautions d\u2019emploi <\/strong>(dues \u00e0 la pr\u00e9sence d&rsquo;alcool et d&rsquo;huiles essentielles) : Ne pas ing\u00e9rer. Tenir \u00e9loign\u00e9 de la chaleur, des surfaces chaudes, des \u00e9tincelles, des flammes nues et de toute autre source d&rsquo;inflammation. Ne pas fumer. Eviter le contact avec la peau et tout contact avec les yeux. Eviter le rejet dans l&rsquo;environnement. Tenir hors de port\u00e9e des enfants.<\/p>\n<p><em>*issus de l\u2019agriculture biologique<\/em><\/p>\n<p>&nbsp;<\/p>\n<p>&nbsp;<\/p>\n","protected":false},"excerpt":{"rendered":"<p>\u00b0\u00b0 Rose des Bois\u00b0\u00b0 est un m\u00e9lange\u00a0subtil qui allie la puissance envo\u00fbtante du bois et la d\u00e9licate fra\u00eecheur de la rose. Ce parfum sophistiqu\u00e9 conviendra aussi bien dans une entr\u00e9e, une chambre ou\u00a0un salon. <strong>Huiles essentielles<\/strong> :\u00a0Bois de h\u00f4 et de c\u00e8dre <strong>Eau florale :<\/strong> Rose \/ G\u00e9ranium <strong>Propri\u00e9t\u00e9s* des composants<\/strong> : Aphrodisiaque, relaxant.<strong> Parfum\u00a0:<\/strong>\u00a0Bois\u00e9e et notes de rose <strong>Contenance\u00a0:<\/strong> 100 ml (contenu dans un flacon en verre ambr\u00e9 avec vaporisateur) <em>* sources : \u00ab\u00a0Le guide terre vivante des huiles essentielles\u00a0\u00bb par les Dr F.Couic Marinier &amp; Dr A.Touboul<\/em><\/p>\n","protected":false},"featured_media":1643,"comment_status":"open","ping_status":"closed","template":"","meta":{"_monsterinsights_skip_tracking":false,"_monsterinsights_sitenote_active":false,"_monsterinsights_sitenote_note":"","_monsterinsights_sitenote_category":0},"_links":{"self":[{"href":"https:\/\/soleil-de-mai.fr\/catalogue\/wp-json\/wp\/v2\/product\/149"}],"collection":[{"href":"https:\/\/soleil-de-mai.fr\/catalogue\/wp-json\/wp\/v2\/product"}],"about":[{"href":"https:\/\/soleil-de-mai.fr\/catalogue\/wp-json\/wp\/v2\/types\/product"}],"replies":[{"embeddable":true,"href":"https:\/\/soleil-de-mai.fr\/catalogue\/wp-json\/wp\/v2\/comments?post=149"}],"wp:featuredmedia":[{"embeddable":true,"href":"https:\/\/soleil-de-mai.fr\/catalogue\/wp-json\/wp\/v2\/media\/1643"}],"wp:attachment":[{"href":"https:\/\/soleil-de-mai.fr\/catalogue\/wp-json\/wp\/v2\/media?parent=149"}],"curies":[{"name":"wp","href":"https:\/\/api.w.org\/{rel}","templated":true}]}}