{"id":337,"date":"2018-05-11T13:30:18","date_gmt":"2018-05-11T11:30:18","guid":{"rendered":"http:\/\/soleil-de-mai.fr\/boutique\/produits-naturels\/savons-surgras\/savon-patchouli-epice\/"},"modified":"2026-03-09T17:19:36","modified_gmt":"2026-03-09T16:19:36","slug":"savon-patchouli-epice","status":"publish","type":"product","link":"https:\/\/soleil-de-mai.fr\/catalogue\/produits-naturels\/savons-surgras-naturels\/savon-patchouli-epice\/","title":{"rendered":"Savon Patchouli \u00e9pic\u00e9"},"content":{"rendered":"<p><strong>Savon patchouli \u00e9pic\u00e9 &#8211; Savon naturel saponifi\u00e9 \u00e0 froid en Lot et Garonne<\/strong><\/p>\n<p><strong>Engagements\u00a0<\/strong><br \/>\nFabrication artisanale par saponification \u00e0 froid &#8211; Sans huile de palme &#8211; Sans conservateurs &#8211; Sans parabens<br \/>\nLes savons Soleil de Mai sont sous <strong>mention <em>Nature &amp; Progr\u00e8s<\/em><\/strong>.<\/p>\n<p><strong>Ingr\u00e9dients\u00a0<\/strong><em>(*issu de l&rsquo;Agriculture Biologique)<\/em><strong>\u00a0:<\/strong><br \/>\nHuiles v\u00e9g\u00e9tales* saponifi\u00e9es \u00e0 froid : Olive, Coco, Karit\u00e9<br \/>\nHuiles essentielles* : Patchouli, clou de girofle<br \/>\nPoudre de cacao et charbon v\u00e9g\u00e9tal.<\/p>\n<p><em>Ingr\u00e9dients sous appellation INCI :\u00a0sodium Olivate, sodium Cocoate, sodium Sheabutterate, Glycerin, Aqua, Pogostemon Cablin Oil, Eugenia Caryophyllus stem Oil, Theobroma Cacao Seed powder (Allerg\u00e8nes naturels : Eugenol). <\/em><\/p>\n<p><strong>Propri\u00e9t\u00e9s** des ingr\u00e9dients\u00a0utilis\u00e9s :<\/strong><br \/>\nHuiles v\u00e9g\u00e9tales :\u00a0hydratante, protectrice, nourrissante.<br \/>\nHuiles essentielles :\u00a0r\u00e9g\u00e9n\u00e9rante, cicatrisante, antiseptique, aphrodisiaque, stimulante.<br \/>\nCharbon : d\u00e9sincrustant, d\u00e9toxifiant.<\/p>\n<p><em>** sources : Ma bible des huiles essentielles par Dani\u00e8le Festy \/ \u00ab\u00a0Le guide terre vivante des huiles essentielles\u00a0\u00bb par les Dr F.Couic Marinier &amp; Dr A.Touboul<\/em><\/p>\n","protected":false},"excerpt":{"rendered":"<p>Le savon patchouli \u00e9pic\u00e9, savon surgras &#8211; saponifi\u00e9 \u00e0 froid &#8211; \u00e0 base d&rsquo;huile d&rsquo;olive et de beurre de karit\u00e9 &#8211; est enrichi au charbon v\u00e9g\u00e9tal, color\u00e9 au chocolat (poudre de cacao) et parfum\u00e9 aux huiles essentielles de patchouli et girofle. C&rsquo;est le savon pr\u00e9f\u00e9r\u00e9 des adeptes du patchouli ! Mais aussi des adolescents parce qu&rsquo;il donne une belle mousse parfum\u00e9e, d\u00e9sinfectante gr\u00e2ce \u00e0 la girofle et qui d\u00e9sincruste les pores gr\u00e2ce \u00e0 la poudre de cacao et au charbon.<\/p>\n<p><strong>Conseill\u00e9 pour peau :<\/strong>\u00a0normales, mixtes \u00e0 grasses.<br \/>\n<strong>Le plus :<\/strong> savon de rasage et shampoing solide<br \/>\n<strong>Parfum\u00a0: <\/strong>Patchouli !<br \/>\n<strong>Poids :<\/strong> 100g minimum \u00e0 l&#8217;emballage<br \/>\n<strong>Mention : <\/strong><em>Nature &amp; Progr\u00e8s\u00a0<\/em><\/p>\n","protected":false},"featured_media":229,"comment_status":"open","ping_status":"closed","template":"","meta":{"_monsterinsights_skip_tracking":false,"_monsterinsights_sitenote_active":false,"_monsterinsights_sitenote_note":"","_monsterinsights_sitenote_category":0},"_links":{"self":[{"href":"https:\/\/soleil-de-mai.fr\/catalogue\/wp-json\/wp\/v2\/product\/337"}],"collection":[{"href":"https:\/\/soleil-de-mai.fr\/catalogue\/wp-json\/wp\/v2\/product"}],"about":[{"href":"https:\/\/soleil-de-mai.fr\/catalogue\/wp-json\/wp\/v2\/types\/product"}],"replies":[{"embeddable":true,"href":"https:\/\/soleil-de-mai.fr\/catalogue\/wp-json\/wp\/v2\/comments?post=337"}],"wp:featuredmedia":[{"embeddable":true,"href":"https:\/\/soleil-de-mai.fr\/catalogue\/wp-json\/wp\/v2\/media\/229"}],"wp:attachment":[{"href":"https:\/\/soleil-de-mai.fr\/catalogue\/wp-json\/wp\/v2\/media?parent=337"}],"curies":[{"name":"wp","href":"https:\/\/api.w.org\/{rel}","templated":true}]}}