{"id":451,"date":"2018-05-17T13:27:11","date_gmt":"2018-05-17T11:27:11","guid":{"rendered":"http:\/\/soleil-de-mai.fr\/boutique\/produits-naturels\/savons-surgras\/coffret-savons-peaux-sensibles\/"},"modified":"2025-07-08T13:33:31","modified_gmt":"2025-07-08T11:33:31","slug":"coffret-savons-peaux-sensibles","status":"publish","type":"product","link":"https:\/\/soleil-de-mai.fr\/catalogue\/produits-naturels\/coffrets-cadeaux\/coffret-savons-peaux-sensibles\/","title":{"rendered":"Coffret Savons Peaux sensibles"},"content":{"rendered":"<p><strong>Engagements<br \/>\n<\/strong>Fabrication artisanale par saponification \u00e0 froid &#8211; Sans huile de palme &#8211; Sans conservateurs &#8211; Sans parabens<br \/>\nNon test\u00e9 sur les animaux &#8211;\u00a0Les savons Soleil de Mai ont re\u00e7u la\u00a0<strong>mention Nature &amp; Progr\u00e8s<\/strong>.<\/p>\n<p><strong>Composition du coffret<br \/>\n<\/strong>Coffret kraft naturel comprenant 4 savons de 65g chacun (dimension d&rsquo;un savon : 6cm*6cm*2cm)<\/p>\n<p><strong>Ingr\u00e9dients\u00a0<\/strong><br \/>\n1 &#8211; <span style=\"text-decoration: underline\">Savon Lait d&rsquo;\u00e2nesse &amp; d&rsquo;avoine<\/span> :\u00a0Huiles v\u00e9g\u00e9tales* saponifi\u00e9es d&rsquo;olive, coco, karit\u00e9 &#8211; Lait d\u2019\u00e2nesse* &#8211; lait d\u2019avoine* .<br \/>\n2 &#8211; <span style=\"text-decoration: underline\">Savon Prune &amp; Lavandin<\/span> :\u00a0Huiles v\u00e9g\u00e9tales* saponifi\u00e9es d&rsquo;olive, coco, karit\u00e9 &#8211;\u00a0 huile de surgraissage : prune*\u00a0 de Gascogne &#8211; huiles essentielles de lavandin super* et de bois de h\u00f4, garance (plante tinctoriale).<br \/>\n3 &#8211; <span style=\"text-decoration: underline\">Savon Orange, Abricot &amp; Ylang-ylang<\/span> :\u00a0Huiles v\u00e9g\u00e9tales* saponifi\u00e9es d&rsquo;olive, coco, karit\u00e9 &#8211; jus de carotte* &#8211; huile de surgraissage : abricot* &#8211; huiles essentielles*\u00a0 d\u2019orange douce, de palmarosa &amp; d\u2019ylang-ylang, extrait d\u2019annatto (colorant naturel).<br \/>\n4 &#8211; <span style=\"text-decoration: underline\">Savon Lait, argile &amp; Avocat<\/span> :\u00a0Huiles v\u00e9g\u00e9tales* saponifi\u00e9es d&rsquo;olive, karit\u00e9, coco, avocat &#8211; lait de ch\u00e8vre &#8211; huile essentielle de bois de h\u00f4, argile rouge, huile essentielle* d\u2019ylang-ylang.<\/p>\n<p><em>Ingr\u00e9dients sous appellation INCI :<br \/>\n1-\u00a0sodium Olivate, sodium Cocoate, sodium Sheabutterate, Glycerin, Asinae lac, Aqua and Avena sativa kernel flour.<br \/>\n2-\u00a0sodium Olivate, sodium Cocoate, sodium Sheabutterate, glycerin, Aqua, Prunus domestica seed oil , Lavandula hybrida oil, Cinnamomum Camphora Leaf Oil, Rubia tinctorum root powder (Allerg\u00e8nes naturels : limonene, linalool, geraniol).<br \/>\n3 &#8211; sodium Olivate &#8211; sodium Cocoate &#8211; sodium Sheabutterate &#8211; glycerin &#8211; Aqua &#8211; Daucus Carota Sativa Juice &#8211; Prunus armeniaca kernel oil &#8211; Citrus sinensis peel oil expressed &#8211; Cymbopogon martini oil &#8211; Cananga odorata flower oil &#8211; Bixa orellana seed (Allerg\u00e8nes naturels issus des huiles essentielles : limonene, geraniol, linalool, farnesol, citral, benzyl bensoate).<br \/>\n4 &#8211;\u00a0sodium Olivate, sodium Sheabutterate, sodium Cocoate, Glycerin, Caprae lac, Persea gratissima oil, Aqua, Cinnamomum Camphora Leaf Oil, Illite red clay, Cananga odorata flower oil (Allerg\u00e8nes naturels : linalool, limonene).<\/em><\/p>\n<p><em>* issus de l&rsquo;Agriculture Biologique<\/em><\/p>\n<p>&nbsp;<\/p>\n","protected":false},"excerpt":{"rendered":"<p>Ce coffret est compos\u00e9 de 4 savons de 65g chacun adapt\u00e9s aux peaux s\u00e8ches et sensibles.<br \/>\nCe joli assortiment vous permettra de d\u00e9couvrir notre gamme de savon ou de faire un cadeau respectueux de l&rsquo;environnement.<\/p>\n<p><strong>Conseill\u00e9 pour peau :<\/strong>\u00a0 fragile, intol\u00e9rante, s\u00e8ches, sensibles<br \/>\n<strong>Parfum\u00a0:<\/strong>\u00a0Neutre \/ Orange \/ Lavande \/ Bois de h\u00f4<br \/>\n<strong>Poids :<\/strong>\u00a04 * 65 g minimum \u00e0 l&#8217;emballage<br \/>\n<b>Mention :\u00a0<\/b><em>Nature &amp; Progr\u00e8s<\/em><\/p>\n","protected":false},"featured_media":452,"comment_status":"open","ping_status":"closed","template":"","meta":{"_monsterinsights_skip_tracking":false,"_monsterinsights_sitenote_active":false,"_monsterinsights_sitenote_note":"","_monsterinsights_sitenote_category":0},"_links":{"self":[{"href":"https:\/\/soleil-de-mai.fr\/catalogue\/wp-json\/wp\/v2\/product\/451"}],"collection":[{"href":"https:\/\/soleil-de-mai.fr\/catalogue\/wp-json\/wp\/v2\/product"}],"about":[{"href":"https:\/\/soleil-de-mai.fr\/catalogue\/wp-json\/wp\/v2\/types\/product"}],"replies":[{"embeddable":true,"href":"https:\/\/soleil-de-mai.fr\/catalogue\/wp-json\/wp\/v2\/comments?post=451"}],"wp:featuredmedia":[{"embeddable":true,"href":"https:\/\/soleil-de-mai.fr\/catalogue\/wp-json\/wp\/v2\/media\/452"}],"wp:attachment":[{"href":"https:\/\/soleil-de-mai.fr\/catalogue\/wp-json\/wp\/v2\/media?parent=451"}],"curies":[{"name":"wp","href":"https:\/\/api.w.org\/{rel}","templated":true}]}}