{"id":457,"date":"2018-05-17T19:42:19","date_gmt":"2018-05-17T17:42:19","guid":{"rendered":"http:\/\/soleil-de-mai.fr\/boutique\/produits-naturels\/coffrets-cadeaux\/coffret-savons-peaux-normales\/"},"modified":"2023-03-23T13:35:17","modified_gmt":"2023-03-23T12:35:17","slug":"coffret-savons-peaux-normales","status":"publish","type":"product","link":"https:\/\/soleil-de-mai.fr\/catalogue\/produits-naturels\/coffrets-cadeaux\/coffret-savons-peaux-normales\/","title":{"rendered":"Coffret Savons Peaux normales"},"content":{"rendered":"<p><strong>Engagements<br \/>\n<\/strong>Fabrication artisanale par saponification \u00e0 froid &#8211; Sans huile de palme &#8211; Sans conservateurs &#8211; Sans parabens<br \/>\nNon test\u00e9 sur les animaux &#8211;\u00a0Les savons Soleil de Mai ont re\u00e7u la\u00a0<strong>mention Nature &amp; Progr\u00e8s<\/strong>.<\/p>\n<p><strong>Composition du coffret<br \/>\n<\/strong>Coffret kraft naturel comprenant 4 savons de 65g chacun (dimension d&rsquo;un savon : 6cm*6cm*2cm)<\/p>\n<p><strong>Ingr\u00e9dients\u00a0<\/strong><br \/>\n1 &#8211; <span style=\"text-decoration: underline\">Savon Avocat &amp; Lavandin<\/span>\u00a0:\u00a0Huiles v\u00e9g\u00e9tales* saponifi\u00e9es d&rsquo;olive, coco, karit\u00e9 &#8211; Avocat &#8211; huiles essentielles* de lavandin Super et de Girofle &#8211; Argile blanche &#8211; Indigo (plante tinctoriale).<br \/>\n2 &#8211; <span style=\"text-decoration: underline\">Savon Orange &amp; Romarin\u00a0<\/span>\u00a0:\u00a0Huiles v\u00e9g\u00e9tales* saponifi\u00e9es d&rsquo;olive, coco, karit\u00e9 &#8211;\u00a0huiles essentielles*\u00a0 d\u2019orange douce et de romarin &#8211; Annatto\u00a0(plante tinctoriale).<br \/>\n3 &#8211; <span style=\"text-decoration: underline\">Savon Miel &amp; Avoine<\/span>\u00a0:\u00a0Huiles v\u00e9g\u00e9tales* saponifi\u00e9es d&rsquo;olive, coco, karit\u00e9 &#8211; Miel* du Lot et Garonne &#8211; Son d&rsquo;Avoine*.<br \/>\n4 &#8211; <span style=\"text-decoration: underline\">Savon Agrumes &amp; Verveine exotique<\/span>\u00a0:\u00a0Huiles v\u00e9g\u00e9tales* saponifi\u00e9es d&rsquo;olive, karit\u00e9, coco &#8211; Noisette* &#8211; huiles essentielles* de Petitgrain bigarade, de Niaouli et de Lits\u00e9e citronn\u00e9e (verveine exotique) &#8211; Argile verte.<\/p>\n<p><em>Ingr\u00e9dients sous appellation INCI :<br \/>\n1-\u00a0sodium Olivate, sodium Cocoate, sodium Sheabutterate, Glycerin, Aqua, Persea gratissima oil, Lavandula hybrida oil, Kaolin, Eugenia Caryophyllus stem Oil, Indigofera suffruticosa (allerg\u00e8nes naturels : limonene, linalool, eugenol, geraniol).<br \/>\n2-\u00a0sodium Olivate, sodium Sheabutterate, sodium Cocoate, Glycerin, Aqua, Citrus sinensis peel oil expressed, Rosmarinus officinalis oil, Bixa orellana seed, Allerg\u00e8nes naturels : limonene, linalool, citral.<br \/>\n3 &#8211;\u00a0sodium Olivate, sodium Cocoate, sodium Sheabutterate, Glycerin, Aqua, Mel, Avena sativa kernel flour.<br \/>\n4 &#8211;\u00a0sodium Olivate, sodium Cocoate, sodium Sheabutterate, Glycerin, Aqua, Corylus Avellana Seed Oil, Illite green clay, Citrus aurantium amara leaf oil, Melaleuca viridiflora leaf oil, Litsea cubeba oil, (Allerg\u00e8nes naturels contenus dans les huiles essentielles: linalool, citral, limonene, geraniol).<\/em><\/p>\n<p><em>* issus de l&rsquo;Agriculture Biologique<\/em><\/p>\n<p>&nbsp;<\/p>\n","protected":false},"excerpt":{"rendered":"<p>Ce coffret est compos\u00e9 de 4 savons de 65g chacun adapt\u00e9s aux peaux normales.<br \/>\nCe joli assortiment vous permettra de d\u00e9couvrir notre gamme de savon ou de faire un cadeau respectueux de l&rsquo;environnement.<\/p>\n<p><strong>Conseill\u00e9 pour peau :<\/strong>\u00a0 Toutes<br \/>\n<strong>Parfum\u00a0:<\/strong>\u00a0Neutre \/ Orange &amp; Romarin \/ Lavande \/ Agrumes Verveine<br \/>\n<strong>Poids :<\/strong>\u00a04 * 65 g minimum \u00e0 l&#8217;emballage<br \/>\n<b>Mention :\u00a0<\/b><em>Nature &amp; Progr\u00e8s<\/em><\/p>\n","protected":false},"featured_media":458,"comment_status":"open","ping_status":"closed","template":"","meta":{"_monsterinsights_skip_tracking":false,"_monsterinsights_sitenote_active":false,"_monsterinsights_sitenote_note":"","_monsterinsights_sitenote_category":0},"_links":{"self":[{"href":"https:\/\/soleil-de-mai.fr\/catalogue\/wp-json\/wp\/v2\/product\/457"}],"collection":[{"href":"https:\/\/soleil-de-mai.fr\/catalogue\/wp-json\/wp\/v2\/product"}],"about":[{"href":"https:\/\/soleil-de-mai.fr\/catalogue\/wp-json\/wp\/v2\/types\/product"}],"replies":[{"embeddable":true,"href":"https:\/\/soleil-de-mai.fr\/catalogue\/wp-json\/wp\/v2\/comments?post=457"}],"wp:featuredmedia":[{"embeddable":true,"href":"https:\/\/soleil-de-mai.fr\/catalogue\/wp-json\/wp\/v2\/media\/458"}],"wp:attachment":[{"href":"https:\/\/soleil-de-mai.fr\/catalogue\/wp-json\/wp\/v2\/media?parent=457"}],"curies":[{"name":"wp","href":"https:\/\/api.w.org\/{rel}","templated":true}]}}