{"id":461,"date":"2018-05-17T20:18:22","date_gmt":"2018-05-17T18:18:22","guid":{"rendered":"http:\/\/soleil-de-mai.fr\/boutique\/produits-naturels\/coffrets-cadeaux\/coffret-savons-peaux-mixtes-a-grasses\/"},"modified":"2024-08-08T11:04:03","modified_gmt":"2024-08-08T09:04:03","slug":"coffret-savons-peaux-mixtes-a-grasses","status":"publish","type":"product","link":"https:\/\/soleil-de-mai.fr\/catalogue\/produits-naturels\/coffrets-cadeaux\/coffret-savons-peaux-mixtes-a-grasses\/","title":{"rendered":"Coffret Savons Peaux mixtes \u00e0 grasses"},"content":{"rendered":"<p><strong>Engagements<br \/>\n<\/strong>Fabrication artisanale par saponification \u00e0 froid &#8211; Sans huile de palme &#8211; Sans conservateurs &#8211; Sans parabens<br \/>\nNon test\u00e9 sur les animaux &#8211;\u00a0Les savons Soleil de Mai ont re\u00e7u la\u00a0<strong>mention Nature &amp; Progr\u00e8s<\/strong>.<\/p>\n<p><strong>Composition du coffret<br \/>\n<\/strong>Coffret kraft naturel comprenant 4 savons de 65g chacun (dimension d&rsquo;un savon : 6cm*6cm*2cm)<\/p>\n<p><strong>Ingr\u00e9dients\u00a0<\/strong><br \/>\n1 &#8211; <span style=\"text-decoration: underline;\">Savon Patchouli \u00e9pic\u00e9\u00a0<\/span>\u00a0:\u00a0Huiles v\u00e9g\u00e9tales* saponifi\u00e9es d&rsquo;olive, coco, karit\u00e9 &#8211; Huiles essentielles* de Patchouli et Girofle &#8211; Poudre de Cacao et Charbon v\u00e9g\u00e9tal.<br \/>\n2 &#8211; <span style=\"text-decoration: underline;\">Savon Choco&rsquo;Cannelle<\/span>\u00a0:\u00a0Huiles v\u00e9g\u00e9tales* saponifi\u00e9es d&rsquo;olive, coco, cacao, tournesol &#8211;\u00a0poudre de Cacao* et de Coco* &#8211; Lait de coco* &#8211; Huiles essentielles* de Cannelle.<br \/>\n3 &#8211; <span style=\"text-decoration: underline;\">Savon Orange romarin<\/span> : Huiles v\u00e9g\u00e9tales* saponifi\u00e9es d&rsquo;olive, coco, karit\u00e9 &#8211; huiles essentielles* d&rsquo;Orange douce et de Romarin &#8211; Annatto (plante tinstoriale).<br \/>\n4 &#8211; <span style=\"text-decoration: underline;\">Savon Menthe Spiruline<\/span>\u00a0:\u00a0Huiles v\u00e9g\u00e9tales* saponifi\u00e9es d&rsquo;olive, karit\u00e9, coco\u00a0 &#8211; Spiruline &#8211; huiles essentielles* de Menthe et de List\u00e9e citronn\u00e9e.<\/p>\n<p><em>Ingr\u00e9dients sous appellation INCI :<br \/>\n1-\u00a0sodium Olivate, sodium Cocoate, sodium Sheabutterate, Glycerin, Aqua, Pogostemon Cablin Oil, Eugenia Caryophyllus stem Oil, Theobroma Cacao Seed powder (Allerg\u00e8nes naturels : Eugenol).<br \/>\n2-\u00a0sodium Olivate, sodium Cocoate, sodium Cocoa Butterate, sodium Sunflowerate, Glycerin, Aqua, Cocos Nucifera Fruit Juice, Cocos Nucifera Fruit Powder, Theobroma cacao seed powder, Chinese cinnamon essential oil, cinnamal, coumarin.<br \/>\n3 &#8211; sodium Olivate, sodium Sheabutterate, sodium Cocoate, Glycerin, Aqua, Citrus sinensis peel oil expressed, Rosmarinus officinalis oil, Bixa orellana seed, Allerg\u00e8nes naturels : limonene, linalool, citral.<br \/>\n4 &#8211;\u00a0sodium Olivate, sodium Cocoate, sodium Sheabutterate, Glycerin, Aqua, Mentha arvensis flower\/leaf extract, Spirulina platensis powder, Litsea Cubeba Oil (allerg\u00e8nes naturels des Huiles essentielles : citral, limonene, linalool, geraniol).<\/em><\/p>\n<p><em>* issu de l&rsquo;Agriculture Biologique<\/em><\/p>\n","protected":false},"excerpt":{"rendered":"<p>Ce coffret est compos\u00e9 de 4 savons de 65g chacun adapt\u00e9s aux peaux mixtes \u00e0 grasses. Ce joli assortiment vous permettra de d\u00e9couvrir notre gamme de savon ou de faire un cadeau respectueux de l&rsquo;environnement. <strong>Conseill\u00e9 pour peau :<\/strong>\u00a0 Mixtes \u00e0 grasses <strong>Parfum\u00a0:<\/strong> Orange \/ Patchouli \/ Menthe <strong>Poids :<\/strong>\u00a04 * 65 g minimum \u00e0 l&#8217;emballage <b>Mention :\u00a0<\/b><em>Nature &amp; Progr\u00e8s<\/em><\/p>\n","protected":false},"featured_media":462,"comment_status":"open","ping_status":"closed","template":"","meta":{"_monsterinsights_skip_tracking":false,"_monsterinsights_sitenote_active":false,"_monsterinsights_sitenote_note":"","_monsterinsights_sitenote_category":0},"_links":{"self":[{"href":"https:\/\/soleil-de-mai.fr\/catalogue\/wp-json\/wp\/v2\/product\/461"}],"collection":[{"href":"https:\/\/soleil-de-mai.fr\/catalogue\/wp-json\/wp\/v2\/product"}],"about":[{"href":"https:\/\/soleil-de-mai.fr\/catalogue\/wp-json\/wp\/v2\/types\/product"}],"replies":[{"embeddable":true,"href":"https:\/\/soleil-de-mai.fr\/catalogue\/wp-json\/wp\/v2\/comments?post=461"}],"wp:featuredmedia":[{"embeddable":true,"href":"https:\/\/soleil-de-mai.fr\/catalogue\/wp-json\/wp\/v2\/media\/462"}],"wp:attachment":[{"href":"https:\/\/soleil-de-mai.fr\/catalogue\/wp-json\/wp\/v2\/media?parent=461"}],"curies":[{"name":"wp","href":"https:\/\/api.w.org\/{rel}","templated":true}]}}