{"id":464,"date":"2018-05-17T20:35:22","date_gmt":"2018-05-17T18:35:22","guid":{"rendered":"http:\/\/soleil-de-mai.fr\/boutique\/produits-naturels\/coffrets-cadeaux\/coffret-savons-peaux-mixtes-a-grasses-copie\/"},"modified":"2022-10-04T08:43:54","modified_gmt":"2022-10-04T06:43:54","slug":"coffret-savons-peaux-mixtes-a-grasses-copie","status":"publish","type":"product","link":"https:\/\/soleil-de-mai.fr\/catalogue\/produits-naturels\/coffrets-cadeaux\/coffret-savons-peaux-mixtes-a-grasses-copie\/","title":{"rendered":"Coffret Savon de Rasage \u00e0 la Menthe"},"content":{"rendered":"<p><strong>Engagements<br \/>\n<\/strong>Fabrication artisanale par saponification \u00e0 froid &#8211; Sans huile de palme &#8211; Sans conservateurs &#8211; Sans parabens<br \/>\nNon test\u00e9 sur les animaux &#8211;\u00a0Les savons Soleil de Mai ont re\u00e7u la\u00a0<strong>mention Nature &amp; Progr\u00e8s<\/strong>.<\/p>\n<p><strong>Composition du coffret<br \/>\n<\/strong>Coffret kraft naturel comprenant 1 savon de rasage de 100g (dimension du savon : 6cm*6cm*3cm)<br \/>\net une brosse de rasage (bois &amp; poils).<\/p>\n<p><strong>Ingr\u00e9dients\u00a0<\/strong><em>(* issus de l&rsquo;Agriculture Biologique)<\/em><strong>\u00a0:<\/strong><br \/>\nHuiles v\u00e9g\u00e9tales* saponifi\u00e9es \u00e0 froid : Olive, Coco, Karit\u00e9<br \/>\nHuiles essentielles* : Menthe des champs, Lits\u00e9e citronn\u00e9e (verveine exotique)<br \/>\nSpiruline (micro-algue).<\/p>\n<p><strong>Propri\u00e9t\u00e9s** des ingr\u00e9dients\u00a0utilis\u00e9s :<\/strong><br \/>\nHuiles v\u00e9g\u00e9tales : hydratante, protectrice, nourrissante.<br \/>\nHuiles essentielles : rafra\u00eechissante, calme les d\u00e9mangeaisons, relaxante, anti-inflammatoire.<br \/>\nSpiruline : revitalisant, fortifiant, stimulant.<\/p>\n<p><em>Ingr\u00e9dients sous appellation INCI : sodium Olivate, sodium Cocoate, sodium Sheabutterate, Glycerin, Aqua, Mentha arvensis flower\/leaf extract, Spirulina platensis powder, Litsea Cubeba Oil (allerg\u00e8nes naturels des Huiles essentielles : citral, limonene, linalool, geraniol).<\/em><\/p>\n<p><strong>Pr\u00e9cautions d&rsquo;usages :<\/strong>\u00a0ne pas appliquer sur les peaux l\u00e9s\u00e9es\u00a0ni\u00a0dans les yeux (la menthe&#8230; \u00e7a pique !).<\/p>\n<p>** sources : Ma bible des huiles essentielles par Dani\u00e8le Festy \/ \u00ab\u00a0Le guide terre vivante des huiles essentielles\u00a0\u00bb par les Dr F.Couic Marinier &amp; Dr A.Touboul<\/p>\n<p>&nbsp;<\/p>\n","protected":false},"excerpt":{"rendered":"<p>Ce coffret est compos\u00e9 d&rsquo;un savon de\u00a0rasage \u00e0 la menthe\u00a0et d&rsquo;une brosse de rasage naturelle.<br \/>\nCet assortiment\u00a0comblera les hommes\u00a0\u00a0souhaitant un rasage naturel et adeptes des senteurs fra\u00eeches et tonifiantes.<\/p>\n<p><strong>Conseill\u00e9 pour peau :<\/strong>\u00a0 Mixtes \u00e0 grasses<br \/>\n<strong>Parfum\u00a0:<\/strong>\u00a0Frais \/ Aromatique \/ Menthol\u00e9<br \/>\n<strong>Poids :<\/strong>\u00a0savon de 100g<br \/>\n<b>Mention :\u00a0<\/b><em>Nature &amp; Progr\u00e8s<\/em><\/p>\n","protected":false},"featured_media":465,"comment_status":"open","ping_status":"closed","template":"","meta":{"_monsterinsights_skip_tracking":false,"_monsterinsights_sitenote_active":false,"_monsterinsights_sitenote_note":"","_monsterinsights_sitenote_category":0},"_links":{"self":[{"href":"https:\/\/soleil-de-mai.fr\/catalogue\/wp-json\/wp\/v2\/product\/464"}],"collection":[{"href":"https:\/\/soleil-de-mai.fr\/catalogue\/wp-json\/wp\/v2\/product"}],"about":[{"href":"https:\/\/soleil-de-mai.fr\/catalogue\/wp-json\/wp\/v2\/types\/product"}],"replies":[{"embeddable":true,"href":"https:\/\/soleil-de-mai.fr\/catalogue\/wp-json\/wp\/v2\/comments?post=464"}],"wp:featuredmedia":[{"embeddable":true,"href":"https:\/\/soleil-de-mai.fr\/catalogue\/wp-json\/wp\/v2\/media\/465"}],"wp:attachment":[{"href":"https:\/\/soleil-de-mai.fr\/catalogue\/wp-json\/wp\/v2\/media?parent=464"}],"curies":[{"name":"wp","href":"https:\/\/api.w.org\/{rel}","templated":true}]}}