{"id":519,"date":"2018-05-30T08:27:30","date_gmt":"2018-05-30T06:27:30","guid":{"rendered":"https:\/\/soleil-de-mai.fr\/boutique\/produits-naturels\/coffrets-cadeaux\/assortiment-savons-dinvite-les-originaux\/"},"modified":"2024-11-09T16:54:27","modified_gmt":"2024-11-09T15:54:27","slug":"assortiment-savons-dinvite-les-originaux","status":"publish","type":"product","link":"https:\/\/soleil-de-mai.fr\/catalogue\/produits-naturels\/coffrets-cadeaux\/assortiment-savons-dinvite-les-originaux\/","title":{"rendered":"Assortiment Savons d&rsquo;invit\u00e9 \u00ab\u00a0les originaux\u00a0\u00bb"},"content":{"rendered":"<p><strong>Engagements<br \/>\n<\/strong>Fabrication artisanale par saponification \u00e0 froid &#8211; Sans huile de palme &#8211; Sans conservateurs &#8211; Sans parabens<br \/>\nNon test\u00e9 sur les animaux &#8211;\u00a0Les savons Soleil de Mai ont re\u00e7u la\u00a0<strong>mention Nature &amp; Progr\u00e8s<\/strong>.<\/p>\n<p><strong>Composition de l&rsquo;assortiment<br \/>\n<\/strong>Sachet comprenant 4 petits savons (format savon d&rsquo;invit\u00e9) de 20g chacun (dimension d&rsquo;un savon : 6cm*3cm*1cm)<\/p>\n<p><strong>Ingr\u00e9dients\u00a0<\/strong><br \/>\n1 &#8211; <span style=\"text-decoration: underline\">Savon Agrume &amp; Verveine exotique :<\/span>\u00a0Huiles v\u00e9g\u00e9tales* saponifi\u00e9es \u00e0 froid : Olive, Coco, Karit\u00e9 &#8211; Huile* de surgraissage :\u00a0Noisette &#8211; Huiles essentielles* : Petitgrain (oranger), Niaouli, Litsea Cubeba (verveine exotique) &#8211; Argile Verte<br \/>\n2 &#8211; <span style=\"text-decoration: underline\">Savon Choco&rsquo;Cannelle<\/span>\u00a0:\u00a0Huiles v\u00e9g\u00e9tales* saponifi\u00e9es d&rsquo;olive, coco, cacao, tournesol &#8211;\u00a0poudre de Cacao* et de Coco* &#8211; Lait de coco* &#8211; Huiles essentielles* de Cannelle.<br \/>\n3 &#8211; <span style=\"text-decoration: underline\">Savon Orange &amp; Romarin :<\/span>\u00a0Huiles v\u00e9g\u00e9tales* saponifi\u00e9es \u00e0 froid : Olive, Coco, Karit\u00e9 &#8211; Huiles essentielles* : Orange et Romarin &#8211; Plante tinctoriale : anatto (roucou).<br \/>\n4 &#8211; <span style=\"text-decoration: underline\">Savon Romarin, Henn\u00e9 &amp; S\u00e9same :<\/span> Huiles v\u00e9g\u00e9tales* saponifi\u00e9es \u00e0 froid : Olive, Coco, Karit\u00e9, S\u00e9same, Huiles essentielles* de Bois de c\u00e8dre et Romarin, Henn\u00e9 d&rsquo;Egypte.<\/p>\n<p><em>Ingr\u00e9dients sous appellation INCI :<br \/>\n1- sodium Olivate, sodium Cocoate, sodium Sheabutterate, Glycerin, Aqua, Corylus Avellana Seed Oil, Illite green clay, Citrus aurantium amara leaf oil, Melaleuca viridiflora leaf oil, Litsea cubeba oil, (Allerg\u00e8nes naturels contenus dans les huiles essentielles: linalool, citral, limonene, geraniol).<br \/>\n2-\u00a0sodium Olivate, sodium Cocoate, sodium Cocoa Butterate, sodium Sunflowerate, Glycerin, Aqua, Cocos Nucifera Fruit Juice, Cocos Nucifera Fruit Powder, Theobroma cacao seed powder, Chinese cinnamon essential oil, cinnamal, coumarin.<br \/>\n3 &#8211;\u00a0 sodium Olivate, sodium Sheabutterate, sodium Cocoate, Glycerin, Aqua, Citrus sinensis peel oil expressed, Rosmarinus officinalis oil, Bixa orellana seed, Allerg\u00e8nes naturels : limonene, linalool, citral.<br \/>\n4 &#8211; sodium Olivate, sodium Cocoate, Sodium Sesameseedate, sodium Sheabutterate, Glycerin, Aqua, Rosmarinus officinalis oil, Lawsonia Inermis (Henna), Cedrus atlantica bark oil (allerg\u00e8nes naturels : limonene, linalool, citral).<\/em><\/p>\n<p><em>* issus de l&rsquo;Agriculture Biologique<\/em><\/p>\n<p>&nbsp;<\/p>\n","protected":false},"excerpt":{"rendered":"<p>Cet assortiment est compos\u00e9 de 4 savonnettes de 20g chacune adapt\u00e9es<br \/>\naux peaux normales \u00e0 grasses. Cette jolie composition vous permettra de d\u00e9couvrir notre gamme de savon ou de faire un cadeau respectueux de l&rsquo;environnement.<\/p>\n<p><strong>Conseill\u00e9 pour peau :<\/strong>\u00a0\u00a0Normales \u00e0 grasses<br \/>\n<strong>Parfum\u00a0:<\/strong>\u00a0Agrumes Verveine \/ Orange \/ Cannelle \/ Romarin<br \/>\n<strong>Poids :<\/strong>\u00a04 * 20 g minimum \u00e0 l&#8217;emballage<br \/>\n<b>Mention :\u00a0<\/b><em>Nature &amp; Progr\u00e8s<\/em><\/p>\n","protected":false},"featured_media":494,"comment_status":"open","ping_status":"closed","template":"","meta":{"_monsterinsights_skip_tracking":false,"_monsterinsights_sitenote_active":false,"_monsterinsights_sitenote_note":"","_monsterinsights_sitenote_category":0},"_links":{"self":[{"href":"https:\/\/soleil-de-mai.fr\/catalogue\/wp-json\/wp\/v2\/product\/519"}],"collection":[{"href":"https:\/\/soleil-de-mai.fr\/catalogue\/wp-json\/wp\/v2\/product"}],"about":[{"href":"https:\/\/soleil-de-mai.fr\/catalogue\/wp-json\/wp\/v2\/types\/product"}],"replies":[{"embeddable":true,"href":"https:\/\/soleil-de-mai.fr\/catalogue\/wp-json\/wp\/v2\/comments?post=519"}],"wp:featuredmedia":[{"embeddable":true,"href":"https:\/\/soleil-de-mai.fr\/catalogue\/wp-json\/wp\/v2\/media\/494"}],"wp:attachment":[{"href":"https:\/\/soleil-de-mai.fr\/catalogue\/wp-json\/wp\/v2\/media?parent=519"}],"curies":[{"name":"wp","href":"https:\/\/api.w.org\/{rel}","templated":true}]}}