{"id":90,"date":"2016-04-10T01:45:34","date_gmt":"2016-04-09T23:45:34","guid":{"rendered":"http:\/\/soleil-de-mai.fr\/boutique\/boutique\/bougies\/bougie-bois-dorient\/"},"modified":"2025-03-19T21:01:19","modified_gmt":"2025-03-19T20:01:19","slug":"bougie-bois-dorient","status":"publish","type":"product","link":"https:\/\/soleil-de-mai.fr\/catalogue\/produits-naturels\/bougies-vegetales-naturelles\/bougie-bois-dorient\/","title":{"rendered":"Bougie Patchouli bois\u00e9"},"content":{"rendered":"<p><strong>Ingr\u00e9dients :<\/strong>&nbsp;Cire de Soja &#8211; Huiles essentielles BIO de bois de c\u00e8dre et de patchouli.<\/p>\n<p><strong>Dur\u00e9e de combustion :<\/strong>&nbsp;+\/- 25 heures<\/p>\n<p><strong>Engagement :<\/strong>&nbsp;&nbsp;Produit non test\u00e9 sur les animaux &#8211;&nbsp;Fabrication artisanale Fran\u00e7aise &#8211; Respect des recommandations IFRA<\/p>\n<p>Compos\u00e9es de cire de soja (sans OGM ni pesticides) et d\u2019huiles essentielles issues de l\u2019agriculture biologique, nos bougies sont d&rsquo;origine 100% naturelle et biod\u00e9gradables.<br \/>\nLes m\u00e8ches sont compos\u00e9es de coton non trait\u00e9 et non blanchi (ainsi elles ne contiennent pas de solvants &#8211; chlore ou plomb) et sont cir\u00e9es \u00e0 la main pour une meilleur combustion.<\/p>\n<p><strong>D\u00e9tails :&nbsp;<\/strong>100g de cire parfum\u00e9e contenu dans un verre satin\u00e9 (hauteur 8,5 cm &#8211; diam\u00e8tre 7 cm)<\/p>\n","protected":false},"excerpt":{"rendered":"<p>\u00b0\u00b0 Patchouli Bois\u00e9 ou Bois d&rsquo;Orient\u00b0\u00b0 est un m\u00e9lange de caract\u00e8re qui m\u00eale des notes puissantes, envo\u00fbtantes et sensuelles issues du bois et du patchouli. Ce parfum envo\u00fbtant conviendra dans les pi\u00e8ces intimes comme une chambre ou un salon. <strong>Huiles essentielles<\/strong>\u00a0: c\u00e8dre, patchouli. <strong>Propri\u00e9t\u00e9s* des composants<\/strong>\u00a0: assainissant, antimite, relaxant, aide \u00e0 la concentration, aphrodisiaque<strong> Senteur\u00a0:\u00a0<\/strong>suave, envo\u00fbtante et bois\u00e9e <em>* sources : Ma bible des huiles essentielles par Dani\u00e8le Festy \/\u00a0* sources : \u00ab\u00a0Le guide terre vivante des huiles essentielles\u00a0\u00bb par les Dr F.Couic Marinier &amp; Dr A.Touboul<\/em><\/p>\n","protected":false},"featured_media":1615,"comment_status":"open","ping_status":"closed","template":"","meta":{"_monsterinsights_skip_tracking":false,"_monsterinsights_sitenote_active":false,"_monsterinsights_sitenote_note":"","_monsterinsights_sitenote_category":0},"_links":{"self":[{"href":"https:\/\/soleil-de-mai.fr\/catalogue\/wp-json\/wp\/v2\/product\/90"}],"collection":[{"href":"https:\/\/soleil-de-mai.fr\/catalogue\/wp-json\/wp\/v2\/product"}],"about":[{"href":"https:\/\/soleil-de-mai.fr\/catalogue\/wp-json\/wp\/v2\/types\/product"}],"replies":[{"embeddable":true,"href":"https:\/\/soleil-de-mai.fr\/catalogue\/wp-json\/wp\/v2\/comments?post=90"}],"wp:featuredmedia":[{"embeddable":true,"href":"https:\/\/soleil-de-mai.fr\/catalogue\/wp-json\/wp\/v2\/media\/1615"}],"wp:attachment":[{"href":"https:\/\/soleil-de-mai.fr\/catalogue\/wp-json\/wp\/v2\/media?parent=90"}],"curies":[{"name":"wp","href":"https:\/\/api.w.org\/{rel}","templated":true}]}}